{"id":11139,"date":"2024-10-24T03:56:08","date_gmt":"2024-10-24T01:56:08","guid":{"rendered":"http:\/\/billigtrikots.com\/?post_type=product&#038;p=11139"},"modified":"2024-10-24T03:59:15","modified_gmt":"2024-10-24T01:59:15","slug":"herren-paris-saint-germain-psg-2022-23-heimtrikot-kurzarm-kurze-hosen-mit-namen-icardi-9","status":"publish","type":"product","link":"https:\/\/www.billigtrikotde.com\/sv\/herren-paris-saint-germain-psg-2022-23-heimtrikot-kurzarm-kurze-hosen-mit-namen-icardi-9\/","title":{"rendered":"Paris Saint Germain PSG 2022-23 Hemmatr\u00f6ja Kort\u00e4rmad + Shorts med Namn iCARDi 9 f\u00f6r herr"},"content":{"rendered":"<p>Efter den enf\u00e4rgade tr\u00f6jan fr\u00e5n 21-22 \u00e4r Nike PSG-tr\u00f6jan 2022-23 bl\u00e5 med ett vitt mittstreck, omgivet av tunnare r\u00f6da streck \u2013 en omv\u00e4nd hekter, om du s\u00e5 vill. Baksidan \u00e4r enf\u00e4rgad bl\u00e5. Logotyperna p\u00e5 Paris Saint-Germain 22-23-tr\u00f6jan \u00e4r placerade i mitten, d\u00e4r swooshen syns under klubbm\u00e4rket. Mallen f\u00f6r Nike PSG 2022-23-tr\u00f6jan verkar vara densamma som f\u00f6r tr\u00f6jan fr\u00e5n Tottenham.<\/p>\n<p>Tips f\u00f6r utskrift: Om namn och nummer p\u00e5 bilden \u00e4r exakt vad du vill ha, beh\u00f6ver du inte ange dem igen. Om inte, ska du ange \u00f6nskat namn och nummer.<\/p>\n<p>Tips f\u00f6r tv\u00e4tt: Det \u00e4r rekommenderat att tv\u00e4tta fotbollstr\u00f6jor f\u00f6r hand. Om du vill anv\u00e4nda tv\u00e4ttmaskinen ska du komma ih\u00e5g att v\u00e4nda fotbollstr\u00f6jorna ut och in och sedan tv\u00e4tta dem. Fyll maskinen med kallt vatten och anv\u00e4nd ett skonsamt program f\u00f6r att b\u00e4ttre skydda f\u00e4rgerna.<\/p>","protected":false},"excerpt":{"rendered":"<p>Nach dem einfarbigen Trikot von 21-22 ist das Nike PSG Trikot 2022-23 blau mit einem wei\u00dfen Mittelstreifen, der von d\u00fcnneren roten Streifen umgeben ist \u2013 ein umgekehrter Hechter, wenn du so willst. Die R\u00fcckseite ist einfarbig blau.Die Logos auf dem Paris Saint-Germain 22-23 Trikot sind mittig platziert, wobei der Swoosh unter dem Vereinswappen zu sehen [&hellip;]<\/p>","protected":false},"featured_media":11178,"comment_status":"open","ping_status":"closed","template":"","meta":[],"product_brand":[],"product_cat":[39],"product_tag":[286,20,395,43,21,22,426,24,41,244,290],"class_list":{"0":"post-11139","1":"product","2":"type-product","3":"status-publish","4":"has-post-thumbnail","6":"product_cat-paris-saint-germain","7":"product_tag-alle-neuen-psg-trikots","8":"product_tag-coole-fussballtrikots","9":"product_tag-fussball-langarmtrikots","10":"product_tag-fussballkleidung","11":"product_tag-fussballtrikot-fuer-herren","12":"product_tag-fussballtrikot-guenstig-kaufen","13":"product_tag-fussballtrikots-kurzarm","14":"product_tag-guenstiges-fussballtrikot","15":"product_tag-paris-saint-germain-trikots","16":"product_tag-psg-trikot-2022-23","17":"product_tag-psg-trikot-2022-23-fussballtrikots","19":"first","20":"instock","21":"shipping-taxable","22":"purchasable","23":"product-type-variable"},"_links":{"self":[{"href":"https:\/\/www.billigtrikotde.com\/sv\/wp-json\/wp\/v2\/product\/11139","targetHints":{"allow":["GET"]}}],"collection":[{"href":"https:\/\/www.billigtrikotde.com\/sv\/wp-json\/wp\/v2\/product"}],"about":[{"href":"https:\/\/www.billigtrikotde.com\/sv\/wp-json\/wp\/v2\/types\/product"}],"replies":[{"embeddable":true,"href":"https:\/\/www.billigtrikotde.com\/sv\/wp-json\/wp\/v2\/comments?post=11139"}],"wp:featuredmedia":[{"embeddable":true,"href":"https:\/\/www.billigtrikotde.com\/sv\/wp-json\/wp\/v2\/media\/11178"}],"wp:attachment":[{"href":"https:\/\/www.billigtrikotde.com\/sv\/wp-json\/wp\/v2\/media?parent=11139"}],"wp:term":[{"taxonomy":"product_brand","embeddable":true,"href":"https:\/\/www.billigtrikotde.com\/sv\/wp-json\/wp\/v2\/product_brand?post=11139"},{"taxonomy":"product_cat","embeddable":true,"href":"https:\/\/www.billigtrikotde.com\/sv\/wp-json\/wp\/v2\/product_cat?post=11139"},{"taxonomy":"product_tag","embeddable":true,"href":"https:\/\/www.billigtrikotde.com\/sv\/wp-json\/wp\/v2\/product_tag?post=11139"}],"curies":[{"name":"wp","href":"https:\/\/api.w.org\/{rel}","templated":true}]}}