{"id":10932,"date":"2024-10-24T03:44:18","date_gmt":"2024-10-24T01:44:18","guid":{"rendered":"http:\/\/billigtrikots.com\/?post_type=product&#038;p=10932"},"modified":"2024-10-24T03:46:55","modified_gmt":"2024-10-24T01:46:55","slug":"frankreich-trikot-fussball-wm-2022-23-auswaertstrikot-weiss-kurzarm-mit-aufdruck-kounde-5","status":"publish","type":"product","link":"https:\/\/www.billigtrikotde.com\/sv\/frankreich-trikot-fussball-wm-2022-23-auswaertstrikot-weiss-kurzarm-mit-aufdruck-kounde-5\/","title":{"rendered":"Frankrike Fotbollstr\u00f6ja World Cup 2022-23 bortaset vit kort\u00e4rmad med tryck KOUNDE 5"},"content":{"rendered":"<p>Typsnittet f\u00f6r VM 2022-tr\u00f6jan i fotboll i Sverige \u00e4r relativt klassiskt. Bokst\u00e4verna i texten \u00e4r mycket standard, medan siffrorna har en smal stil. Nummerna f\u00f6r VM 2022 i Sverige skiljer sig fr\u00e5n de vanliga typsnitten eftersom de \u00e4r i tv\u00e5 guldnyanser. Detta liknar utseendet p\u00e5 FFF-emblemet p\u00e5 framsidan. F\u00f6r bortatr\u00f6jan anv\u00e4nder Nike ett bl\u00e5tt typsnitt. Precis som p\u00e5 tr\u00f6jan \u00e4r siffrorna i tv\u00e5 bl\u00e5 nyanser. Det nya typsnittet anv\u00e4nds av Sverige vid alla matcher, \u00e4ven vid VM 2022.<\/p>\n<p>Tips f\u00f6r utskrift: Om namn och nummer p\u00e5 bilden \u00e4r exakt vad du vill ha, beh\u00f6ver du inte ange dem igen. Om inte, ska du ange \u00f6nskat namn och nummer.<\/p>\n<p>Tips f\u00f6r tv\u00e4tt: Det \u00e4r rekommenderat att tv\u00e4tta fotbollstr\u00f6jor f\u00f6r hand. Om du vill anv\u00e4nda tv\u00e4ttmaskinen ska du komma ih\u00e5g att v\u00e4nda fotbollstr\u00f6jorna ut och in och sedan tv\u00e4tta dem. Fyll maskinen med kallt vatten och anv\u00e4nd ett skonsamt program f\u00f6r att b\u00e4ttre skydda f\u00e4rgerna.<\/p>","protected":false},"excerpt":{"rendered":"<p>Die Schriftart f\u00fcr das Trikot der Fu\u00dfball-WM 2022 in Frankreich ist relativ klassisch. Die Buchstaben des Schriftzugs sind sehr standardm\u00e4\u00dfig, w\u00e4hrend die Zahlen einen schlanken Stil haben.Die Nummern der WM 2022 in Frankreich heben sich von den \u00fcblichen Schriften ab, weil sie in zwei Goldt\u00f6nen gehalten sind. Dies \u00e4hnelt dem Aussehen des FFF-Wappens auf der [&hellip;]<\/p>","protected":false},"featured_media":10974,"comment_status":"open","ping_status":"closed","template":"","meta":[],"product_brand":[],"product_cat":[117],"product_tag":[20,398,118,119,389,21,22,23,24],"class_list":{"0":"post-10932","1":"product","2":"type-product","3":"status-publish","4":"has-post-thumbnail","6":"product_cat-frankreich-trikots","7":"product_tag-coole-fussballtrikots","8":"product_tag-frankreich-2022-weltmeisterschaft-trikot","9":"product_tag-frankreich-auswaertstrikot","10":"product_tag-frankreich-trikots","11":"product_tag-fussball-wm-2022-trikot","12":"product_tag-fussballtrikot-fuer-herren","13":"product_tag-fussballtrikot-guenstig-kaufen","14":"product_tag-fussballtrikot-kurzarm","15":"product_tag-guenstiges-fussballtrikot","17":"first","18":"instock","19":"shipping-taxable","20":"purchasable","21":"product-type-variable"},"_links":{"self":[{"href":"https:\/\/www.billigtrikotde.com\/sv\/wp-json\/wp\/v2\/product\/10932","targetHints":{"allow":["GET"]}}],"collection":[{"href":"https:\/\/www.billigtrikotde.com\/sv\/wp-json\/wp\/v2\/product"}],"about":[{"href":"https:\/\/www.billigtrikotde.com\/sv\/wp-json\/wp\/v2\/types\/product"}],"replies":[{"embeddable":true,"href":"https:\/\/www.billigtrikotde.com\/sv\/wp-json\/wp\/v2\/comments?post=10932"}],"wp:featuredmedia":[{"embeddable":true,"href":"https:\/\/www.billigtrikotde.com\/sv\/wp-json\/wp\/v2\/media\/10974"}],"wp:attachment":[{"href":"https:\/\/www.billigtrikotde.com\/sv\/wp-json\/wp\/v2\/media?parent=10932"}],"wp:term":[{"taxonomy":"product_brand","embeddable":true,"href":"https:\/\/www.billigtrikotde.com\/sv\/wp-json\/wp\/v2\/product_brand?post=10932"},{"taxonomy":"product_cat","embeddable":true,"href":"https:\/\/www.billigtrikotde.com\/sv\/wp-json\/wp\/v2\/product_cat?post=10932"},{"taxonomy":"product_tag","embeddable":true,"href":"https:\/\/www.billigtrikotde.com\/sv\/wp-json\/wp\/v2\/product_tag?post=10932"}],"curies":[{"name":"wp","href":"https:\/\/api.w.org\/{rel}","templated":true}]}}