{"id":10849,"date":"2024-10-24T03:39:48","date_gmt":"2024-10-24T01:39:48","guid":{"rendered":"http:\/\/billigtrikots.com\/?post_type=product&#038;p=10849"},"modified":"2024-10-24T03:42:23","modified_gmt":"2024-10-24T01:42:23","slug":"herren-argentinien-fussball-wm-2022-world-cup-heimtrikots-mit-aufdruck-lo-celso-18","status":"publish","type":"product","link":"https:\/\/www.billigtrikotde.com\/sv\/herren-argentinien-fussball-wm-2022-world-cup-heimtrikots-mit-aufdruck-lo-celso-18\/","title":{"rendered":"Herr Argentina 2022 World Cup hemmatr\u00f6ja med tryck LO CELSO 18"},"content":{"rendered":"<p>Argentinas nya tr\u00f6ja f\u00f6r 2022 \u00e4r \u00f6verv\u00e4gande vit med svarta logotyper - inklusive den helt nya Adidas-logotypen, som g\u00f6r sin fotbollsdebut med VM-tr\u00f6jorna 2022.R\u00e4nderna p\u00e5 den nya Argentina 2022 World Cup-tr\u00f6jan \u00e4r klassiska, men bara p\u00e5 framsidan. R\u00e4nderna p\u00e5 baksidan \u00e4r riktigt ovanliga: ist\u00e4llet f\u00f6r att vara lika breda finns det tv\u00e5 tunnare himmelsbl\u00e5 r\u00e4nder i mitten och tv\u00e5 bredare p\u00e5 tr\u00f6jans yttersidor. Dessa bredare r\u00e4nder \u00e4r ungef\u00e4r tre g\u00e5nger s\u00e5 breda som r\u00e4nderna i mitten och \u00e4r utformade f\u00f6r att se ut som den argentinska flaggan. Sol de Mayo, Argentinas nationella emblem, \u00e4r ocks\u00e5 baserat p\u00e5 flaggan och finns p\u00e5 ryggen under kragen.<\/p>\n<p>Tips f\u00f6r utskrift: Om namn och nummer p\u00e5 bilden \u00e4r exakt vad du vill ha, beh\u00f6ver du inte ange dem igen. Om inte, ska du ange \u00f6nskat namn och nummer.<\/p>\n<p>Tips f\u00f6r tv\u00e4tt: Det \u00e4r rekommenderat att tv\u00e4tta fotbollstr\u00f6jor f\u00f6r hand. Om du vill anv\u00e4nda tv\u00e4ttmaskinen ska du komma ih\u00e5g att v\u00e4nda fotbollstr\u00f6jorna ut och in och sedan tv\u00e4tta dem. Fyll maskinen med kallt vatten och anv\u00e4nd ett skonsamt program f\u00f6r att b\u00e4ttre skydda f\u00e4rgerna.<\/p>","protected":false},"excerpt":{"rendered":"<p>Argentiniens neues Trikot f\u00fcr 2022 ist \u00fcberwiegend wei\u00df mit schwarzen Logos \u2013 darunter das brandneue Adidas-Logo, das mit den WM-Trikots 2022 sein Fu\u00dfballdeb\u00fct feiert.Die Streifen auf dem neuen Argentinien 2022 World Cup Trikot sind klassisch, aber nur auf der Vorderseite. Die Streifen auf der R\u00fcckseite sind wirklich ungew\u00f6hnlich: Anstatt gleich breit zu sein, gibt es [&hellip;]<\/p>","protected":false},"featured_media":10891,"comment_status":"open","ping_status":"closed","template":"","meta":[],"product_brand":[],"product_cat":[325],"product_tag":[356,421,422,20,21,22,23,24,423,424,425],"class_list":{"0":"post-10849","1":"product","2":"type-product","3":"status-publish","4":"has-post-thumbnail","6":"product_cat-argentinien-trikots","7":"product_tag-argentinien-trikots","8":"product_tag-argentinien-wm-2022-heimtrikots","9":"product_tag-argentiniens-neues-trikot-fuer-2022","10":"product_tag-coole-fussballtrikots","11":"product_tag-fussballtrikot-fuer-herren","12":"product_tag-fussballtrikot-guenstig-kaufen","13":"product_tag-fussballtrikot-kurzarm","14":"product_tag-guenstiges-fussballtrikot","15":"product_tag-heimtrikots-fuer-die-wm-2022","16":"product_tag-neue-argentinien-trikot","17":"product_tag-neuen-argentinien-wm-2022-trikot","19":"first","20":"instock","21":"shipping-taxable","22":"purchasable","23":"product-type-variable"},"_links":{"self":[{"href":"https:\/\/www.billigtrikotde.com\/sv\/wp-json\/wp\/v2\/product\/10849","targetHints":{"allow":["GET"]}}],"collection":[{"href":"https:\/\/www.billigtrikotde.com\/sv\/wp-json\/wp\/v2\/product"}],"about":[{"href":"https:\/\/www.billigtrikotde.com\/sv\/wp-json\/wp\/v2\/types\/product"}],"replies":[{"embeddable":true,"href":"https:\/\/www.billigtrikotde.com\/sv\/wp-json\/wp\/v2\/comments?post=10849"}],"wp:featuredmedia":[{"embeddable":true,"href":"https:\/\/www.billigtrikotde.com\/sv\/wp-json\/wp\/v2\/media\/10891"}],"wp:attachment":[{"href":"https:\/\/www.billigtrikotde.com\/sv\/wp-json\/wp\/v2\/media?parent=10849"}],"wp:term":[{"taxonomy":"product_brand","embeddable":true,"href":"https:\/\/www.billigtrikotde.com\/sv\/wp-json\/wp\/v2\/product_brand?post=10849"},{"taxonomy":"product_cat","embeddable":true,"href":"https:\/\/www.billigtrikotde.com\/sv\/wp-json\/wp\/v2\/product_cat?post=10849"},{"taxonomy":"product_tag","embeddable":true,"href":"https:\/\/www.billigtrikotde.com\/sv\/wp-json\/wp\/v2\/product_tag?post=10849"}],"curies":[{"name":"wp","href":"https:\/\/api.w.org\/{rel}","templated":true}]}}