{"id":10719,"date":"2024-10-24T03:32:51","date_gmt":"2024-10-24T01:32:51","guid":{"rendered":"http:\/\/billigtrikots.com\/?post_type=product&#038;p=10719"},"modified":"2024-10-24T03:35:03","modified_gmt":"2024-10-24T01:35:03","slug":"kinder-fussball-trikot-frankreich-wm-2022-auswaertstrikot-weiss-online-bestellen","status":"publish","type":"product","link":"https:\/\/www.billigtrikotde.com\/sv\/kinder-fussball-trikot-frankreich-wm-2022-auswaertstrikot-weiss-online-bestellen\/","title":{"rendered":"Barn Fotbollstr\u00f6ja Frankrike VM 2022 bortast\u00e4ll vit best\u00e4lla online"},"content":{"rendered":"<p>Tr\u00f6jan f\u00f6r fotbolls-VM 2022 i Frankrike har en s\u00e4rskild grafisk tryckning som visar saker Frankrike \u00e4r k\u00e4nt f\u00f6r \u2013 Arc de Triomphe, scener ur den Franska Revolutionen fr\u00e5n 1789 och vindm\u00f6llor. Designen ser unik ut, men \u00e4r inte Nike:s uppfinning.<br \/>\nDen franska \u201dToile de Jouy\u201d betyder p\u00e5 svenska helt enkelt \u201dtyg fr\u00e5n Jouy\u201d och beskriver en typ av tygtryck. \u201dToile de Jouy\u201d, ibland \u00e4ven f\u00f6rkortat till bara \u201dToile\u201d, \u00e4r en typ av dekorativt m\u00f6nster som best\u00e5r av en vit eller blekt vit bakgrund, d\u00e4r ett upprepande m\u00f6nster utg\u00f6r en ganska komplex scen, oftast ett pastoral tema, s\u00e5som ett par vid en sj\u00f6 under en picknick eller en blomsterarrangemang.<\/p>\n<p>Tips f\u00f6r utskrift: Om namn och nummer p\u00e5 bilden \u00e4r exakt vad du vill ha, beh\u00f6ver du inte ange dem igen. Om inte, ska du ange \u00f6nskat namn och nummer.<\/p>\n<p>Tips f\u00f6r tv\u00e4tt: Det \u00e4r rekommenderat att tv\u00e4tta fotbollstr\u00f6jor f\u00f6r hand. Om du vill anv\u00e4nda tv\u00e4ttmaskinen ska du komma ih\u00e5g att v\u00e4nda fotbollstr\u00f6jorna ut och in och sedan tv\u00e4tta dem. Fyll maskinen med kallt vatten och anv\u00e4nd ett skonsamt program f\u00f6r att b\u00e4ttre skydda f\u00e4rgerna.<\/p>","protected":false},"excerpt":{"rendered":"<p>Das Trikot der Fu\u00dfball-WM 2022 in Frankreich hat einen besonderen grafischen Aufdruck, der Dinge zeigt, f\u00fcr die Frankreich ber\u00fchmt ist \u2013 den Arc de Triomphe, Szenen der Franz\u00f6sischen Revolution von 1789 und Windm\u00fchlen. Das Design sieht einzigartig aus, ist aber keine Erfindung von Nike. Das franz\u00f6sische \u201eToile de Jouy\u201c bedeutet auf Englisch einfach \u201eStoff aus [&hellip;]<\/p>","protected":false},"featured_media":10758,"comment_status":"open","ping_status":"closed","template":"","meta":[],"product_brand":[],"product_cat":[117],"product_tag":[20,398,118,419,413,414,119,389,21,22,23,24],"class_list":{"0":"post-10719","1":"product","2":"type-product","3":"status-publish","4":"has-post-thumbnail","6":"product_cat-frankreich-trikots","7":"product_tag-coole-fussballtrikots","8":"product_tag-frankreich-2022-weltmeisterschaft-trikot","9":"product_tag-frankreich-auswaertstrikot","10":"product_tag-frankreich-fussball-trikot-kinder","11":"product_tag-frankreich-neue-trikots","12":"product_tag-frankreich-trikot-set","13":"product_tag-frankreich-trikots","14":"product_tag-fussball-wm-2022-trikot","15":"product_tag-fussballtrikot-fuer-herren","16":"product_tag-fussballtrikot-guenstig-kaufen","17":"product_tag-fussballtrikot-kurzarm","18":"product_tag-guenstiges-fussballtrikot","20":"first","21":"instock","22":"shipping-taxable","23":"purchasable","24":"product-type-variable"},"_links":{"self":[{"href":"https:\/\/www.billigtrikotde.com\/sv\/wp-json\/wp\/v2\/product\/10719","targetHints":{"allow":["GET"]}}],"collection":[{"href":"https:\/\/www.billigtrikotde.com\/sv\/wp-json\/wp\/v2\/product"}],"about":[{"href":"https:\/\/www.billigtrikotde.com\/sv\/wp-json\/wp\/v2\/types\/product"}],"replies":[{"embeddable":true,"href":"https:\/\/www.billigtrikotde.com\/sv\/wp-json\/wp\/v2\/comments?post=10719"}],"wp:featuredmedia":[{"embeddable":true,"href":"https:\/\/www.billigtrikotde.com\/sv\/wp-json\/wp\/v2\/media\/10758"}],"wp:attachment":[{"href":"https:\/\/www.billigtrikotde.com\/sv\/wp-json\/wp\/v2\/media?parent=10719"}],"wp:term":[{"taxonomy":"product_brand","embeddable":true,"href":"https:\/\/www.billigtrikotde.com\/sv\/wp-json\/wp\/v2\/product_brand?post=10719"},{"taxonomy":"product_cat","embeddable":true,"href":"https:\/\/www.billigtrikotde.com\/sv\/wp-json\/wp\/v2\/product_cat?post=10719"},{"taxonomy":"product_tag","embeddable":true,"href":"https:\/\/www.billigtrikotde.com\/sv\/wp-json\/wp\/v2\/product_tag?post=10719"}],"curies":[{"name":"wp","href":"https:\/\/api.w.org\/{rel}","templated":true}]}}