{"id":10689,"date":"2024-10-24T03:31:33","date_gmt":"2024-10-24T01:31:33","guid":{"rendered":"http:\/\/billigtrikots.com\/?post_type=product&#038;p=10689"},"modified":"2024-10-24T03:33:52","modified_gmt":"2024-10-24T01:33:52","slug":"polen-wm-2022-heim-trikot-weiss-kurzarm-fussballtrikots-mit-aufdruck-lewandowski-9","status":"publish","type":"product","link":"https:\/\/www.billigtrikotde.com\/sv\/polen-wm-2022-heim-trikot-weiss-kurzarm-fussballtrikots-mit-aufdruck-lewandowski-9\/","title":{"rendered":"Polen VM 2022 Hemma tr\u00f6ja vit kort \u00e4rm fotbolls tr\u00f6jor med tryck LEWANDOWSKI 9"},"content":{"rendered":"<p>Nike Polen 2022 hemmatr\u00f6ja presenterar en tydlig design i vitt med r\u00f6da logotyper och en subtil grafik p\u00e5 axlarna och \u00e4rmarna. M\u00f6nstret p\u00e5 axlarna och \u00e4rmarna p\u00e5 Polen 2022 VM:s hemmatr\u00f6ja \u00e4r inspirerat av boet och fj\u00e4drarna hos den vita \u00f6rnen, Polens nationalsymbol.<\/p>\n<p>Tips f\u00f6r utskrift: Om namn och nummer p\u00e5 bilden \u00e4r exakt vad du vill ha, beh\u00f6ver du inte ange dem igen. Om inte, ska du ange \u00f6nskat namn och nummer.<\/p>\n<p>Tips f\u00f6r tv\u00e4tt: Det \u00e4r rekommenderat att tv\u00e4tta fotbollstr\u00f6jor f\u00f6r hand. Om du vill anv\u00e4nda tv\u00e4ttmaskinen ska du komma ih\u00e5g att v\u00e4nda fotbollstr\u00f6jorna ut och in och sedan tv\u00e4tta dem. Fyll maskinen med kallt vatten och anv\u00e4nd ett skonsamt program f\u00f6r att b\u00e4ttre skydda f\u00e4rgerna.<\/p>","protected":false},"excerpt":{"rendered":"<p>Nike Polen 2022 hemma-tr\u00f6ja presenterar en tydlig design i vitt med r\u00f6da loggor och en subtil grafik p\u00e5 axlarna och \u00e4rmarna. M\u00f6nstret p\u00e5 axlarna och \u00e4rmarna p\u00e5 Polen 2022 VM hemma-tr\u00f6jan \u00e4r inspirerat av n\u00e4bst\u00e4llet och fj\u00e4drarna hos den vita \u00f6rnen, Polens nationaldjur. Tips f\u00f6r utskrift: N\u00e4r namnet och de [\u2026]<\/p>","protected":false},"featured_media":10723,"comment_status":"open","ping_status":"closed","template":"","meta":[],"product_brand":[],"product_cat":[415],"product_tag":[20,21,22,23,24,416,417],"class_list":{"0":"post-10689","1":"product","2":"type-product","3":"status-publish","4":"has-post-thumbnail","6":"product_cat-polen-trikots","7":"product_tag-coole-fussballtrikots","8":"product_tag-fussballtrikot-fuer-herren","9":"product_tag-fussballtrikot-guenstig-kaufen","10":"product_tag-fussballtrikot-kurzarm","11":"product_tag-guenstiges-fussballtrikot","12":"product_tag-polen-2022-wm-heimtrikots","13":"product_tag-polen-wm-2022-trikot","15":"first","16":"instock","17":"shipping-taxable","18":"purchasable","19":"product-type-variable"},"_links":{"self":[{"href":"https:\/\/www.billigtrikotde.com\/sv\/wp-json\/wp\/v2\/product\/10689","targetHints":{"allow":["GET"]}}],"collection":[{"href":"https:\/\/www.billigtrikotde.com\/sv\/wp-json\/wp\/v2\/product"}],"about":[{"href":"https:\/\/www.billigtrikotde.com\/sv\/wp-json\/wp\/v2\/types\/product"}],"replies":[{"embeddable":true,"href":"https:\/\/www.billigtrikotde.com\/sv\/wp-json\/wp\/v2\/comments?post=10689"}],"wp:featuredmedia":[{"embeddable":true,"href":"https:\/\/www.billigtrikotde.com\/sv\/wp-json\/wp\/v2\/media\/10723"}],"wp:attachment":[{"href":"https:\/\/www.billigtrikotde.com\/sv\/wp-json\/wp\/v2\/media?parent=10689"}],"wp:term":[{"taxonomy":"product_brand","embeddable":true,"href":"https:\/\/www.billigtrikotde.com\/sv\/wp-json\/wp\/v2\/product_brand?post=10689"},{"taxonomy":"product_cat","embeddable":true,"href":"https:\/\/www.billigtrikotde.com\/sv\/wp-json\/wp\/v2\/product_cat?post=10689"},{"taxonomy":"product_tag","embeddable":true,"href":"https:\/\/www.billigtrikotde.com\/sv\/wp-json\/wp\/v2\/product_tag?post=10689"}],"curies":[{"name":"wp","href":"https:\/\/api.w.org\/{rel}","templated":true}]}}