{"id":10615,"date":"2024-10-24T03:27:30","date_gmt":"2024-10-24T01:27:30","guid":{"rendered":"http:\/\/billigtrikots.com\/?post_type=product&#038;p=10615"},"modified":"2024-10-24T03:30:13","modified_gmt":"2024-10-24T01:30:13","slug":"kaufe-herren-fussballtrikots-kroatien-wm-2022-trikot-online-trikotsatz-modric-10","status":"publish","type":"product","link":"https:\/\/www.billigtrikotde.com\/sv\/kaufe-herren-fussballtrikots-kroatien-wm-2022-trikot-online-trikotsatz-modric-10\/","title":{"rendered":"K\u00f6p Fotbollstr\u00f6jor f\u00f6r herrar Kroatien World Cup 2022 Tr\u00f6ja Online Kit MODRIC 10"},"content":{"rendered":"<p>Nike Kroatien 2022-tr\u00f6jan ger en ovanlig tolkning av de ikoniska r\u00f6da och vita rutorna. Nike kombinerar de tv\u00e5 huvudf\u00e4rgerna med \u201eBattle Blue\u201c f\u00f6r applikationer. Medan \u00e4rmarna p\u00e5 Kroatien 2022 VM-hemmatr\u00f6jan har vanliga rutor, \u00e4r framsidan (och troligen ocks\u00e5 baksidan) huvudsakligen vit, d\u00e4r m\u00e5nga av de r\u00f6da rutorna har utel\u00e4mnats. Utformningen anv\u00e4nder samma bas som andra Nike 2022 VM-tr\u00f6jor. F\u00e4ltet under den bakre kragen \u00e4r enf\u00e4rgat vitt.<\/p>\n<p>Tips f\u00f6r utskrift: Om namn och nummer p\u00e5 bilden \u00e4r exakt vad du vill ha, beh\u00f6ver du inte ange dem igen. Om inte, ska du ange \u00f6nskat namn och nummer.<\/p>\n<p>Tips f\u00f6r tv\u00e4tt: Det \u00e4r rekommenderat att tv\u00e4tta fotbollstr\u00f6jor f\u00f6r hand. Om du vill anv\u00e4nda tv\u00e4ttmaskinen ska du komma ih\u00e5g att v\u00e4nda fotbollstr\u00f6jorna ut och in och sedan tv\u00e4tta dem. Fyll maskinen med kallt vatten och anv\u00e4nd ett skonsamt program f\u00f6r att b\u00e4ttre skydda f\u00e4rgerna.<\/p>","protected":false},"excerpt":{"rendered":"<p>Das Nike Kroatien 2022 Trikot bringt eine ungew\u00f6hnliche Interpretation der kultigen roten und wei\u00dfen Karos. Nike kombiniert die beiden Hauptfarben mit &#8222;Battle Blue&#8220; f\u00fcr Applikationen.W\u00e4hrend die \u00c4rmel des Kroatien 2022 WM-Heimtrikots regul\u00e4re Karos aufweisen, ist die Vorderseite (und wahrscheinlich auch die R\u00fcckseite) \u00fcberwiegend wei\u00df, wobei viele der roten Karos weggelassen wurden.Von der Template her verwendet [&hellip;]<\/p>","protected":false},"featured_media":10651,"comment_status":"open","ping_status":"closed","template":"","meta":[],"product_brand":[],"product_cat":[261],"product_tag":[20,35,21,22,23,24,381,263,264],"class_list":{"0":"post-10615","1":"product","2":"type-product","3":"status-publish","4":"has-post-thumbnail","6":"product_cat-kroatien-trikots","7":"product_tag-coole-fussballtrikots","8":"product_tag-fussball-torwarttrikots","9":"product_tag-fussballtrikot-fuer-herren","10":"product_tag-fussballtrikot-guenstig-kaufen","11":"product_tag-fussballtrikot-kurzarm","12":"product_tag-guenstiges-fussballtrikot","13":"product_tag-kroatien-2022-world-cup-heimtrikot","14":"product_tag-kroatien-trikot-herren","15":"product_tag-kroatien-trikots","17":"first","18":"instock","19":"shipping-taxable","20":"purchasable","21":"product-type-variable"},"_links":{"self":[{"href":"https:\/\/www.billigtrikotde.com\/sv\/wp-json\/wp\/v2\/product\/10615","targetHints":{"allow":["GET"]}}],"collection":[{"href":"https:\/\/www.billigtrikotde.com\/sv\/wp-json\/wp\/v2\/product"}],"about":[{"href":"https:\/\/www.billigtrikotde.com\/sv\/wp-json\/wp\/v2\/types\/product"}],"replies":[{"embeddable":true,"href":"https:\/\/www.billigtrikotde.com\/sv\/wp-json\/wp\/v2\/comments?post=10615"}],"wp:featuredmedia":[{"embeddable":true,"href":"https:\/\/www.billigtrikotde.com\/sv\/wp-json\/wp\/v2\/media\/10651"}],"wp:attachment":[{"href":"https:\/\/www.billigtrikotde.com\/sv\/wp-json\/wp\/v2\/media?parent=10615"}],"wp:term":[{"taxonomy":"product_brand","embeddable":true,"href":"https:\/\/www.billigtrikotde.com\/sv\/wp-json\/wp\/v2\/product_brand?post=10615"},{"taxonomy":"product_cat","embeddable":true,"href":"https:\/\/www.billigtrikotde.com\/sv\/wp-json\/wp\/v2\/product_cat?post=10615"},{"taxonomy":"product_tag","embeddable":true,"href":"https:\/\/www.billigtrikotde.com\/sv\/wp-json\/wp\/v2\/product_tag?post=10615"}],"curies":[{"name":"wp","href":"https:\/\/api.w.org\/{rel}","templated":true}]}}