{"id":10613,"date":"2024-10-24T03:27:29","date_gmt":"2024-10-24T01:27:29","guid":{"rendered":"http:\/\/billigtrikots.com\/?post_type=product&#038;p=10613"},"modified":"2024-10-24T03:29:39","modified_gmt":"2024-10-24T01:29:39","slug":"fussballtrikot-fuer-herren-frankreich-wm-2022-auswaertstrikot-weiss-offizielle-trikots","status":"publish","type":"product","link":"https:\/\/www.billigtrikotde.com\/sv\/fussballtrikot-fuer-herren-frankreich-wm-2022-auswaertstrikot-weiss-offizielle-trikots\/","title":{"rendered":"Fotbollstr\u00f6ja f\u00f6r herrar Frankrike World Cup 2022 Bortatr\u00f6ja Vit Officiella Tr\u00f6jor"},"content":{"rendered":"<p>Tr\u00f6jan f\u00f6r fotbolls-VM 2022 i Frankrike har en s\u00e4rskild grafisk tryckning som visar saker Frankrike \u00e4r k\u00e4nt f\u00f6r \u2013 Arc de Triomphe, scener ur den Franska Revolutionen fr\u00e5n 1789 och vindm\u00f6llor. Designen ser unik ut, men \u00e4r inte Nike:s uppfinning.<br \/>\nDen franska \u201eToile de Jouy\u201c betyder p\u00e5 engelska helt enkelt \u201etyg av Jouy\u201c och beskriver en slags tygtryck. \u201eToile de Jouy\u201c, ibland \u00e4ven f\u00f6rkortat \u201eToile\u201c, \u00e4r en typ av dekorm\u00f6nster som best\u00e5r av en vit eller belys vit bakgrund d\u00e4r ett upprepat m\u00f6nster visar en ganska komplex scen, vanligtvis ett pastoral tema, som t.ex. ett par vid en picknick vid en sj\u00f6 eller en blomsterarrangemang.<\/p>\n<p>Tips f\u00f6r utskrift: Om namn och nummer p\u00e5 bilden \u00e4r exakt vad du vill ha, beh\u00f6ver du inte ange dem igen. Om inte, ska du ange \u00f6nskat namn och nummer.<\/p>\n<p>Tips f\u00f6r tv\u00e4tt: Det \u00e4r rekommenderat att tv\u00e4tta fotbollstr\u00f6jor f\u00f6r hand. Om du vill anv\u00e4nda tv\u00e4ttmaskinen ska du komma ih\u00e5g att v\u00e4nda fotbollstr\u00f6jorna ut och in och sedan tv\u00e4tta dem. Fyll maskinen med kallt vatten och anv\u00e4nd ett skonsamt program f\u00f6r att b\u00e4ttre skydda f\u00e4rgerna.<\/p>","protected":false},"excerpt":{"rendered":"<p>Tr\u00f6jan f\u00f6r fotbolls-VM 2022 i Frankrike har en s\u00e4rskild grafisk avbildning som visar saker Frankrike \u00e4r k\u00e4nt f\u00f6r \u2013 Arc de Triomphe, scener ur Franska revolutionen fr\u00e5n 1789 och vindm\u00f6llor. Designen ser unik ut, men \u00e4r inte Nike:s uppfinning. Den franska \u201dToile de Jouy\u201d betyder p\u00e5 engelska helt enkelt \u201dtyg av [\u2026]<\/p>","protected":false},"featured_media":10650,"comment_status":"open","ping_status":"closed","template":"","meta":[],"product_brand":[],"product_cat":[117],"product_tag":[20,398,118,413,414,119,389,21,22,23,24],"class_list":{"0":"post-10613","1":"product","2":"type-product","3":"status-publish","4":"has-post-thumbnail","6":"product_cat-frankreich-trikots","7":"product_tag-coole-fussballtrikots","8":"product_tag-frankreich-2022-weltmeisterschaft-trikot","9":"product_tag-frankreich-auswaertstrikot","10":"product_tag-frankreich-neue-trikots","11":"product_tag-frankreich-trikot-set","12":"product_tag-frankreich-trikots","13":"product_tag-fussball-wm-2022-trikot","14":"product_tag-fussballtrikot-fuer-herren","15":"product_tag-fussballtrikot-guenstig-kaufen","16":"product_tag-fussballtrikot-kurzarm","17":"product_tag-guenstiges-fussballtrikot","19":"first","20":"instock","21":"shipping-taxable","22":"purchasable","23":"product-type-variable"},"_links":{"self":[{"href":"https:\/\/www.billigtrikotde.com\/sv\/wp-json\/wp\/v2\/product\/10613","targetHints":{"allow":["GET"]}}],"collection":[{"href":"https:\/\/www.billigtrikotde.com\/sv\/wp-json\/wp\/v2\/product"}],"about":[{"href":"https:\/\/www.billigtrikotde.com\/sv\/wp-json\/wp\/v2\/types\/product"}],"replies":[{"embeddable":true,"href":"https:\/\/www.billigtrikotde.com\/sv\/wp-json\/wp\/v2\/comments?post=10613"}],"wp:featuredmedia":[{"embeddable":true,"href":"https:\/\/www.billigtrikotde.com\/sv\/wp-json\/wp\/v2\/media\/10650"}],"wp:attachment":[{"href":"https:\/\/www.billigtrikotde.com\/sv\/wp-json\/wp\/v2\/media?parent=10613"}],"wp:term":[{"taxonomy":"product_brand","embeddable":true,"href":"https:\/\/www.billigtrikotde.com\/sv\/wp-json\/wp\/v2\/product_brand?post=10613"},{"taxonomy":"product_cat","embeddable":true,"href":"https:\/\/www.billigtrikotde.com\/sv\/wp-json\/wp\/v2\/product_cat?post=10613"},{"taxonomy":"product_tag","embeddable":true,"href":"https:\/\/www.billigtrikotde.com\/sv\/wp-json\/wp\/v2\/product_tag?post=10613"}],"curies":[{"name":"wp","href":"https:\/\/api.w.org\/{rel}","templated":true}]}}