{"id":10596,"date":"2024-10-24T03:26:24","date_gmt":"2024-10-24T01:26:24","guid":{"rendered":"http:\/\/billigtrikots.com\/?post_type=product&#038;p=10596"},"modified":"2024-10-24T03:29:01","modified_gmt":"2024-10-24T01:29:01","slug":"billige-frankreich-wm-2022-heimtrikot-marineblau-kurzarm-kurze-hosen-mandanda-16","status":"publish","type":"product","link":"https:\/\/www.billigtrikotde.com\/sv\/billige-frankreich-wm-2022-heimtrikot-marineblau-kurzarm-kurze-hosen-mandanda-16\/","title":{"rendered":"Billiga Frankrike World Cup 2022 Hemmatr\u00f6ja Marinbl\u00e5 Kort\u00e4rmad + Shorts MANDANDA 16"},"content":{"rendered":"<p>Nike har designat ett skr\u00e4ddarsytt typsnitt f\u00f6r Sveriges matchtr\u00f6jor 2022 som anv\u00e4nds vid VM 2022. Typsnittet f\u00f6r VM-tr\u00f6jan 2022 i Sverige \u00e4r relativt klassiskt. Bokst\u00e4verna i texten \u00e4r mycket standardiserade, medan siffrorna har en slank stil. Nike Sveriges VM-tr\u00f6ja 2022 \u00e4r den f\u00f6rsta p\u00e5 10 \u00e5r, som har guldapplikationer. Den \u00e4r huvudsakligen marinbl\u00e5 med guldlogotyper och eventuellt n\u00e5gra gulddetaljer.<\/p>\n<p>Tips f\u00f6r utskrift: Om namn och nummer p\u00e5 bilden \u00e4r exakt vad du vill ha, beh\u00f6ver du inte ange dem igen. Om inte, ska du ange \u00f6nskat namn och nummer.<\/p>\n<p>Tips f\u00f6r tv\u00e4tt: Det \u00e4r rekommenderat att tv\u00e4tta fotbollstr\u00f6jor f\u00f6r hand. Om du vill anv\u00e4nda tv\u00e4ttmaskinen ska du komma ih\u00e5g att v\u00e4nda fotbollstr\u00f6jorna ut och in och sedan tv\u00e4tta dem. Fyll maskinen med kallt vatten och anv\u00e4nd ett skonsamt program f\u00f6r att b\u00e4ttre skydda f\u00e4rgerna.<\/p>","protected":false},"excerpt":{"rendered":"<p>Nike hat eine ma\u00dfgeschneiderte Schrift f\u00fcr die Trikots von Frankreich 2022 entworfen, die bei der Weltmeisterschaft 2022 verwendet werden.Die Schriftart f\u00fcr das Trikot der Fu\u00dfball-WM 2022 in Frankreich ist relativ klassisch. Die Buchstaben des Schriftzugs sind sehr standardm\u00e4\u00dfig, w\u00e4hrend die Zahlen einen schlanken Stil haben.Das Nike Frankreich 2022 WM-Trikot ist das erste seit 10 Jahren, [&hellip;]<\/p>","protected":false},"featured_media":10638,"comment_status":"open","ping_status":"closed","template":"","meta":[],"product_brand":[],"product_cat":[117],"product_tag":[20,398,121,413,414,119,389,21,22,23,24],"class_list":{"0":"post-10596","1":"product","2":"type-product","3":"status-publish","4":"has-post-thumbnail","6":"product_cat-frankreich-trikots","7":"product_tag-coole-fussballtrikots","8":"product_tag-frankreich-2022-weltmeisterschaft-trikot","9":"product_tag-frankreich-heimtrikot","10":"product_tag-frankreich-neue-trikots","11":"product_tag-frankreich-trikot-set","12":"product_tag-frankreich-trikots","13":"product_tag-fussball-wm-2022-trikot","14":"product_tag-fussballtrikot-fuer-herren","15":"product_tag-fussballtrikot-guenstig-kaufen","16":"product_tag-fussballtrikot-kurzarm","17":"product_tag-guenstiges-fussballtrikot","19":"first","20":"instock","21":"shipping-taxable","22":"purchasable","23":"product-type-variable"},"_links":{"self":[{"href":"https:\/\/www.billigtrikotde.com\/sv\/wp-json\/wp\/v2\/product\/10596","targetHints":{"allow":["GET"]}}],"collection":[{"href":"https:\/\/www.billigtrikotde.com\/sv\/wp-json\/wp\/v2\/product"}],"about":[{"href":"https:\/\/www.billigtrikotde.com\/sv\/wp-json\/wp\/v2\/types\/product"}],"replies":[{"embeddable":true,"href":"https:\/\/www.billigtrikotde.com\/sv\/wp-json\/wp\/v2\/comments?post=10596"}],"wp:featuredmedia":[{"embeddable":true,"href":"https:\/\/www.billigtrikotde.com\/sv\/wp-json\/wp\/v2\/media\/10638"}],"wp:attachment":[{"href":"https:\/\/www.billigtrikotde.com\/sv\/wp-json\/wp\/v2\/media?parent=10596"}],"wp:term":[{"taxonomy":"product_brand","embeddable":true,"href":"https:\/\/www.billigtrikotde.com\/sv\/wp-json\/wp\/v2\/product_brand?post=10596"},{"taxonomy":"product_cat","embeddable":true,"href":"https:\/\/www.billigtrikotde.com\/sv\/wp-json\/wp\/v2\/product_cat?post=10596"},{"taxonomy":"product_tag","embeddable":true,"href":"https:\/\/www.billigtrikotde.com\/sv\/wp-json\/wp\/v2\/product_tag?post=10596"}],"curies":[{"name":"wp","href":"https:\/\/api.w.org\/{rel}","templated":true}]}}