{"id":10503,"date":"2024-10-24T03:21:37","date_gmt":"2024-10-24T01:21:37","guid":{"rendered":"http:\/\/billigtrikots.com\/?post_type=product&#038;p=10503"},"modified":"2024-10-24T03:23:54","modified_gmt":"2024-10-24T01:23:54","slug":"herren-spanien-fifa-wm-katar-2022-heimtrikot-teampower-rot-kurzarm-trikotsatz-pedro-21","status":"publish","type":"product","link":"https:\/\/www.billigtrikotde.com\/sv\/herren-spanien-fifa-wm-katar-2022-heimtrikot-teampower-rot-kurzarm-trikotsatz-pedro-21\/","title":{"rendered":"Herrtr\u00f6ja Spanien FIFA World Cup Qatar 2022 Hemmatr\u00f6ja Team Power R\u00f6d Kort\u00e4rmad Dress PEDRO 21"},"content":{"rendered":"<p>Ett land, ett lag, ett gemensamt m\u00e5l: n\u00e4sta titel. Denna tidl\u00f6sa hemmatr\u00f6ja \u00e4r spr\u00e4ngfylld med Spaniens omissk\u00e4nnliga fotbolls-DNA och kommer i de typiska r\u00f6da lagf\u00e4rgerna. Den v\u00e4vda logotypen f\u00f6r det spanska fotbollsf\u00f6rbundet och 3-Stripes-logotypen p\u00e5 br\u00f6stet kompletterar designen. Dessutom garanterar den fuktabsorberande AEROREADY-tekniken en bekv\u00e4m passform n\u00e4r fansen hejar p\u00e5 v\u00e4rldens st\u00f6rsta fotbollsevenemang.<br \/>\nUt\u00f6ka din Spanien-kollektion med den hemmatr\u00f6ja som spelarna bar vid VM. Vi rekommenderar denna svettavledande, superbekv\u00e4ma och andningsbara modell med en behaglig k\u00e4nsla. Denna tr\u00f6ja \u00e4r idealisk f\u00f6r att f\u00f6rbereda dig f\u00f6r din n\u00e4sta motst\u00e5ndare. Den sticker ut visuellt med en f\u00f6reningslogotyp p\u00e5 br\u00f6stet.<\/p>\n<p>Tips f\u00f6r utskrift: Om namn och nummer p\u00e5 bilden \u00e4r exakt vad du vill ha, beh\u00f6ver du inte ange dem igen. Om inte, ska du ange \u00f6nskat namn och nummer.<\/p>\n<p>Tips f\u00f6r tv\u00e4tt: Det \u00e4r rekommenderat att tv\u00e4tta fotbollstr\u00f6jor f\u00f6r hand. Om du vill anv\u00e4nda tv\u00e4ttmaskinen ska du komma ih\u00e5g att v\u00e4nda fotbollstr\u00f6jorna ut och in och sedan tv\u00e4tta dem. Fyll maskinen med kallt vatten och anv\u00e4nd ett skonsamt program f\u00f6r att b\u00e4ttre skydda f\u00e4rgerna.<\/p>","protected":false},"excerpt":{"rendered":"<p>Ett land, ett lag, ett gemensamt m\u00e5l: n\u00e4sta titel. Denna tidl\u00f6sa hemmatr\u00f6ja \u00e4r full av Spaniens karakteristiska fotbolls-DNA och kommer i de typiska r\u00f6da lagf\u00e4rgerna. Den v\u00e4vda loggan av det spanska fotbollsf\u00f6rbundet och tre streck-loggan p\u00e5 br\u00f6stet g\u00f6r designen perfekt. Dessutom ger den fuktabsorberande AEROREADY-teknologin en behaglig b\u00e4rkomfort n\u00e4r [\u2026]<\/p>","protected":false},"featured_media":10542,"comment_status":"open","ping_status":"closed","template":"","meta":[],"product_brand":[],"product_cat":[131],"product_tag":[20,407,21,22,23,24,385,386],"class_list":{"0":"post-10503","1":"product","2":"type-product","3":"status-publish","4":"has-post-thumbnail","6":"product_cat-spanien-trikots","7":"product_tag-coole-fussballtrikots","8":"product_tag-fifa-wm-katar-2022-trikot","9":"product_tag-fussballtrikot-fuer-herren","10":"product_tag-fussballtrikot-guenstig-kaufen","11":"product_tag-fussballtrikot-kurzarm","12":"product_tag-guenstiges-fussballtrikot","13":"product_tag-herren-spanien-trikot","14":"product_tag-spanien-wm-2022-heimtrikot","16":"first","17":"instock","18":"shipping-taxable","19":"purchasable","20":"product-type-variable"},"_links":{"self":[{"href":"https:\/\/www.billigtrikotde.com\/sv\/wp-json\/wp\/v2\/product\/10503","targetHints":{"allow":["GET"]}}],"collection":[{"href":"https:\/\/www.billigtrikotde.com\/sv\/wp-json\/wp\/v2\/product"}],"about":[{"href":"https:\/\/www.billigtrikotde.com\/sv\/wp-json\/wp\/v2\/types\/product"}],"replies":[{"embeddable":true,"href":"https:\/\/www.billigtrikotde.com\/sv\/wp-json\/wp\/v2\/comments?post=10503"}],"wp:featuredmedia":[{"embeddable":true,"href":"https:\/\/www.billigtrikotde.com\/sv\/wp-json\/wp\/v2\/media\/10542"}],"wp:attachment":[{"href":"https:\/\/www.billigtrikotde.com\/sv\/wp-json\/wp\/v2\/media?parent=10503"}],"wp:term":[{"taxonomy":"product_brand","embeddable":true,"href":"https:\/\/www.billigtrikotde.com\/sv\/wp-json\/wp\/v2\/product_brand?post=10503"},{"taxonomy":"product_cat","embeddable":true,"href":"https:\/\/www.billigtrikotde.com\/sv\/wp-json\/wp\/v2\/product_cat?post=10503"},{"taxonomy":"product_tag","embeddable":true,"href":"https:\/\/www.billigtrikotde.com\/sv\/wp-json\/wp\/v2\/product_tag?post=10503"}],"curies":[{"name":"wp","href":"https:\/\/api.w.org\/{rel}","templated":true}]}}