{"id":10344,"date":"2024-10-24T03:13:49","date_gmt":"2024-10-24T01:13:49","guid":{"rendered":"http:\/\/billigtrikots.com\/?post_type=product&#038;p=10344"},"modified":"2024-10-24T03:15:58","modified_gmt":"2024-10-24T01:15:58","slug":"kaufe-herren-portugal-wm-2022-auswaertstrikot-kurzarm-trikotsatz-bernardo-10","status":"publish","type":"product","link":"https:\/\/www.billigtrikotde.com\/sv\/kaufe-herren-portugal-wm-2022-auswaertstrikot-kurzarm-trikotsatz-bernardo-10\/","title":{"rendered":"Buy Herrar Portugal World Cup 2022 Bortatr\u00f6ja Kort\u00e4rmad Kit BERNARDO 10"},"content":{"rendered":"<p>En fr\u00e4sch men \u00e4nd\u00e5 klassisk look f\u00f6r Portugal: Nike Portugal 2022 bortatr\u00f6ja kombinerar ett gr\u00e4ddvitt basm\u00f6nster med en marinbl\u00e5 Swoosh. De officiella f\u00e4rgerna \u00e4r \"Sail\/Obsidian\", medan \"Pepper Red\" \u00e4r den tredje f\u00e4rgen, och designen p\u00e5 den nya Nike Portugal 2022 World Cup bortatr\u00f6jan best\u00e5r av ett gr\u00f6nt och r\u00f6tt f\u00e4rgblock p\u00e5 br\u00f6stet. Nike 22-23 tr\u00f6jan \u00e4r baserad p\u00e5 samma version som Atletico och Liverpool 22-23 hemmatr\u00f6jor. Den bakre kragpanelen och manschetterna p\u00e5 Portugal 2022 bortatr\u00f6jan matchar den m\u00f6rkbl\u00e5 f\u00e4rgen p\u00e5 swoosh, och det gr\u00f6na och r\u00f6da bandet forts\u00e4tter p\u00e5 baksidan av den nya Portugal bortatr\u00f6jan, som annars har en m\u00f6rkbl\u00e5 panel upptill med en skr\u00e4ddarsydd guldsymbol placerad under.<\/p>\n<p>Tips f\u00f6r utskrift: Om namn och nummer p\u00e5 bilden \u00e4r exakt vad du vill ha, beh\u00f6ver du inte ange dem igen. Om inte, ska du ange \u00f6nskat namn och nummer.<\/p>\n<p>Tips f\u00f6r tv\u00e4tt: Det \u00e4r rekommenderat att tv\u00e4tta fotbollstr\u00f6jor f\u00f6r hand. Om du vill anv\u00e4nda tv\u00e4ttmaskinen ska du komma ih\u00e5g att v\u00e4nda fotbollstr\u00f6jorna ut och in och sedan tv\u00e4tta dem. Fyll maskinen med kallt vatten och anv\u00e4nd ett skonsamt program f\u00f6r att b\u00e4ttre skydda f\u00e4rgerna.<\/p>","protected":false},"excerpt":{"rendered":"<p>Ein frischer und doch klassischer Look f\u00fcr Portugal: Das Nike Portugal 2022 Ausw\u00e4rtstrikot kombiniert ein cremewei\u00dfes Grundmuster mit marineblauem Swoosh. Offiziell sind die Farben \u201eSail\/Obsidian\u201c, w\u00e4hrend \u201ePepper Red\u201c die dritte Farbe ist.Das Design des neuen Nike Portugal 2022 World Cup Ausw\u00e4rtstrikots besteht aus einem gr\u00fcn-roten Farbblock auf der Brust. Das Nike 22-23-Trikot basiert auf der [&hellip;]<\/p>","protected":false},"featured_media":10384,"comment_status":"open","ping_status":"closed","template":"","meta":[],"product_brand":[],"product_cat":[239],"product_tag":[20,222,21,23,24,347,374],"class_list":{"0":"post-10344","1":"product","2":"type-product","3":"status-publish","4":"has-post-thumbnail","6":"product_cat-portugal-trikots","7":"product_tag-coole-fussballtrikots","8":"product_tag-fussball-wm-2022-trikots","9":"product_tag-fussballtrikot-fuer-herren","10":"product_tag-fussballtrikot-kurzarm","11":"product_tag-guenstiges-fussballtrikot","12":"product_tag-portugal-trikots","13":"product_tag-portugal-wm-2022-auswaertstrikot","15":"first","16":"instock","17":"shipping-taxable","18":"purchasable","19":"product-type-variable"},"_links":{"self":[{"href":"https:\/\/www.billigtrikotde.com\/sv\/wp-json\/wp\/v2\/product\/10344","targetHints":{"allow":["GET"]}}],"collection":[{"href":"https:\/\/www.billigtrikotde.com\/sv\/wp-json\/wp\/v2\/product"}],"about":[{"href":"https:\/\/www.billigtrikotde.com\/sv\/wp-json\/wp\/v2\/types\/product"}],"replies":[{"embeddable":true,"href":"https:\/\/www.billigtrikotde.com\/sv\/wp-json\/wp\/v2\/comments?post=10344"}],"wp:featuredmedia":[{"embeddable":true,"href":"https:\/\/www.billigtrikotde.com\/sv\/wp-json\/wp\/v2\/media\/10384"}],"wp:attachment":[{"href":"https:\/\/www.billigtrikotde.com\/sv\/wp-json\/wp\/v2\/media?parent=10344"}],"wp:term":[{"taxonomy":"product_brand","embeddable":true,"href":"https:\/\/www.billigtrikotde.com\/sv\/wp-json\/wp\/v2\/product_brand?post=10344"},{"taxonomy":"product_cat","embeddable":true,"href":"https:\/\/www.billigtrikotde.com\/sv\/wp-json\/wp\/v2\/product_cat?post=10344"},{"taxonomy":"product_tag","embeddable":true,"href":"https:\/\/www.billigtrikotde.com\/sv\/wp-json\/wp\/v2\/product_tag?post=10344"}],"curies":[{"name":"wp","href":"https:\/\/api.w.org\/{rel}","templated":true}]}}