{"id":10159,"date":"2024-10-24T03:04:10","date_gmt":"2024-10-24T01:04:10","guid":{"rendered":"http:\/\/billigtrikots.com\/?post_type=product&#038;p=10159"},"modified":"2024-10-24T03:06:23","modified_gmt":"2024-10-24T01:06:23","slug":"mignolet-12-belgien-fifa-wm-katar-2022-rot-schwarz-herren-heimtrikot-kurzarm","status":"publish","type":"product","link":"https:\/\/www.billigtrikotde.com\/sv\/mignolet-12-belgien-fifa-wm-katar-2022-rot-schwarz-herren-heimtrikot-kurzarm\/","title":{"rendered":"MIGNOLET #12 Belgien FIFA World Cup Qatar 2022 r\u00f6d svart hemmatr\u00f6ja kort\u00e4rmad f\u00f6r herrar"},"content":{"rendered":"<p>Adidas Belgium 2022 World Cup-tr\u00f6ja har en r\u00f6d torso med svarta raglan\u00e4rmar. Det som omedelbart f\u00e5ngar \u00f6gat \u00e4r flamgrafiken som stiger i slutet av \u00e4rmarna, som har en n\u00e5got digitaliserad effekt. Adidas-r\u00e4nderna p\u00e5 axlarna \u00e4r r\u00f6da, liksom den nya logotypen, medan m\u00e4rket \u00e4r gl\u00e4nsande guld, och shortsen och strumporna p\u00e5 hemmatr\u00f6jan f\u00f6r v\u00e4rldsm\u00e4sterskapet 2022 i Belgien \u00e4r svarta, med den senare med ett flamtryck som liknar det p\u00e5 \u00e4rmarna p\u00e5 hemmatr\u00f6jan f\u00f6r v\u00e4rldsm\u00e4sterskapet 2022 i Belgien.<\/p>\n<p>Tips f\u00f6r utskrift: Om namn och nummer p\u00e5 bilden \u00e4r exakt vad du vill ha, beh\u00f6ver du inte ange dem igen. Om inte, ska du ange \u00f6nskat namn och nummer.<\/p>\n<p>Tips f\u00f6r tv\u00e4tt: Det \u00e4r rekommenderat att tv\u00e4tta fotbollstr\u00f6jor f\u00f6r hand. Om du vill anv\u00e4nda tv\u00e4ttmaskinen ska du komma ih\u00e5g att v\u00e4nda fotbollstr\u00f6jorna ut och in och sedan tv\u00e4tta dem. Fyll maskinen med kallt vatten och anv\u00e4nd ett skonsamt program f\u00f6r att b\u00e4ttre skydda f\u00e4rgerna.<\/p>","protected":false},"excerpt":{"rendered":"<p>Das Adidas Belgium 2022 World Cup Trikot hat einen roten Torso mit schwarzen Raglan\u00e4rmeln. Was sofort ins Auge sticht, ist die Flammengrafik, die am Ende der \u00c4rmel aufsteigt.Die Grafik hat einen leicht digitalisierten Effekt. Die Adidas-Streifen auf den Schultern sind rot, ebenso wie das neue Logo, w\u00e4hrend das Abzeichen goldgl\u00e4nzend ist.Die Hosen und die Stutzen [&hellip;]<\/p>","protected":false},"featured_media":10197,"comment_status":"open","ping_status":"closed","template":"","meta":[],"product_brand":[],"product_cat":[173],"product_tag":[382,120,20,407,21,22,23,24],"class_list":{"0":"post-10159","1":"product","2":"type-product","3":"status-publish","4":"has-post-thumbnail","6":"product_cat-belgien-trikots","7":"product_tag-belgien-heimtrikot","8":"product_tag-belgien-trikots","9":"product_tag-coole-fussballtrikots","10":"product_tag-fifa-wm-katar-2022-trikot","11":"product_tag-fussballtrikot-fuer-herren","12":"product_tag-fussballtrikot-guenstig-kaufen","13":"product_tag-fussballtrikot-kurzarm","14":"product_tag-guenstiges-fussballtrikot","16":"first","17":"instock","18":"shipping-taxable","19":"purchasable","20":"product-type-variable"},"_links":{"self":[{"href":"https:\/\/www.billigtrikotde.com\/sv\/wp-json\/wp\/v2\/product\/10159","targetHints":{"allow":["GET"]}}],"collection":[{"href":"https:\/\/www.billigtrikotde.com\/sv\/wp-json\/wp\/v2\/product"}],"about":[{"href":"https:\/\/www.billigtrikotde.com\/sv\/wp-json\/wp\/v2\/types\/product"}],"replies":[{"embeddable":true,"href":"https:\/\/www.billigtrikotde.com\/sv\/wp-json\/wp\/v2\/comments?post=10159"}],"wp:featuredmedia":[{"embeddable":true,"href":"https:\/\/www.billigtrikotde.com\/sv\/wp-json\/wp\/v2\/media\/10197"}],"wp:attachment":[{"href":"https:\/\/www.billigtrikotde.com\/sv\/wp-json\/wp\/v2\/media?parent=10159"}],"wp:term":[{"taxonomy":"product_brand","embeddable":true,"href":"https:\/\/www.billigtrikotde.com\/sv\/wp-json\/wp\/v2\/product_brand?post=10159"},{"taxonomy":"product_cat","embeddable":true,"href":"https:\/\/www.billigtrikotde.com\/sv\/wp-json\/wp\/v2\/product_cat?post=10159"},{"taxonomy":"product_tag","embeddable":true,"href":"https:\/\/www.billigtrikotde.com\/sv\/wp-json\/wp\/v2\/product_tag?post=10159"}],"curies":[{"name":"wp","href":"https:\/\/api.w.org\/{rel}","templated":true}]}}