{"id":1012,"date":"2024-10-23T13:12:43","date_gmt":"2024-10-23T11:12:43","guid":{"rendered":"http:\/\/billigtrikots.com\/?post_type=product&#038;p=1012"},"modified":"2024-10-23T13:14:14","modified_gmt":"2024-10-23T11:14:14","slug":"real-madrid-heimtrikot-2022-weiss-langarm-trikotsatz-mit-aufdruck-casemiro-14","status":"publish","type":"product","link":"https:\/\/www.billigtrikotde.com\/sv\/real-madrid-heimtrikot-2022-weiss-langarm-trikotsatz-mit-aufdruck-casemiro-14\/","title":{"rendered":"Real Madrid Hemmatr\u00f6ja 2022 vit l\u00e5ng\u00e4rmad tr\u00f6ja med tryck Casemiro 14"},"content":{"rendered":"<p>St\u00f6d ditt favoritlag hela v\u00e4gen i den nya hemmatr\u00f6jan f\u00f6r herrar fr\u00e5n \"Royals\". Den kommer i ljusvitt och \u00e4r utsmyckad med a-didas varum\u00e4rkesdetaljer, liksom sponsorbokst\u00e4verna, och har det stolta klubbm\u00e4rket i de autentiska lagf\u00e4rgerna p\u00e5 hj\u00e4rtsidan.<\/p>\n<p>Den officiella tr\u00f6jan \u00e4r tillverkad av det mycket funktionella AEROREADY-materialet och ger dig ocks\u00e5 utm\u00e4rkt v\u00e4rme- och fukthantering. Det k\u00e4nns mjukt och l\u00e4tt p\u00e5 huden och torkar s\u00e4rskilt snabbt f\u00f6r att s\u00e4kerst\u00e4lla optimal komfort hela tiden. Andningsbara zoner s\u00e4kerst\u00e4ller ocks\u00e5 optimal ventilation. Replika-passformen \u00e4r ocks\u00e5 n\u00e5got bredare skuren \u00e4n den ursprungliga spelartr\u00f6jan, streetwear-versionen av den s\u00e5 att s\u00e4ga, och ger dig d\u00e4rf\u00f6r maximal r\u00f6relsefrihet n\u00e4r du hejar p\u00e5 fansen s\u00e5v\u00e4l som i din egen tr\u00e4ning. Den \u00e5tervunna polyestern 100% \u00e4r inte bara slitstark och t\u00e5lig, utan ocks\u00e5 mycket h\u00e5llbar!<\/p>\n<p>S\u00e5 v\u00e4nta inte och f\u00e5 det nu! F\u00e5 tag p\u00e5 den popul\u00e4ra a-didas Real Madrid herrhemstr\u00f6ja 2021\/22 i ljusvit idag! Med den l\u00e4mnar du inget tvivel om din lojalitet och st\u00f6der ditt lag med hela ditt hj\u00e4rta!<\/p>\n<p>Tips f\u00f6r utskrift: Om namn och nummer p\u00e5 bilden \u00e4r exakt vad du vill ha, beh\u00f6ver du inte ange dem igen. Om inte, ska du ange \u00f6nskat namn och nummer.<\/p>\n<p>Tips f\u00f6r tv\u00e4tt: Det \u00e4r rekommenderat att tv\u00e4tta fotbollstr\u00f6jor f\u00f6r hand. Om du vill anv\u00e4nda tv\u00e4ttmaskinen ska du komma ih\u00e5g att v\u00e4nda fotbollstr\u00f6jorna ut och in och sedan tv\u00e4tta dem. Fyll maskinen med kallt vatten och anv\u00e4nd ett skonsamt program f\u00f6r att b\u00e4ttre skydda f\u00e4rgerna.<\/p>","protected":false},"excerpt":{"rendered":"<p>Im neuen Herren Heimtrikot der \u201eK\u00f6niglichen\u201c unterst\u00fctzt du deine Lieblingself auf ganzer Linie. Es pr\u00e4sentiert sich in strahlendem Wei\u00df und ist mit den a-didas Markendetails, wie auch dem Sponsorenschriftzug, veredelt und tr\u00e4gt auf der Herzseite das stolze Clubwappen in den authentischen Teamfarben. Gefertigt aus hoch funktionellem AEROREADY-Material, bietet dir das offizielle Trikot auch ein hervorragendes [&hellip;]<\/p>","protected":false},"featured_media":1044,"comment_status":"open","ping_status":"closed","template":"","meta":[],"product_brand":[],"product_cat":[45],"product_tag":[20,38,21,24,47],"class_list":{"0":"post-1012","1":"product","2":"type-product","3":"status-publish","4":"has-post-thumbnail","6":"product_cat-real-madrid","7":"product_tag-coole-fussballtrikots","8":"product_tag-fussball-trikot-langarm","9":"product_tag-fussballtrikot-fuer-herren","10":"product_tag-guenstiges-fussballtrikot","11":"product_tag-real-madrid-trikots","13":"first","14":"instock","15":"shipping-taxable","16":"purchasable","17":"product-type-variable"},"_links":{"self":[{"href":"https:\/\/www.billigtrikotde.com\/sv\/wp-json\/wp\/v2\/product\/1012","targetHints":{"allow":["GET"]}}],"collection":[{"href":"https:\/\/www.billigtrikotde.com\/sv\/wp-json\/wp\/v2\/product"}],"about":[{"href":"https:\/\/www.billigtrikotde.com\/sv\/wp-json\/wp\/v2\/types\/product"}],"replies":[{"embeddable":true,"href":"https:\/\/www.billigtrikotde.com\/sv\/wp-json\/wp\/v2\/comments?post=1012"}],"wp:featuredmedia":[{"embeddable":true,"href":"https:\/\/www.billigtrikotde.com\/sv\/wp-json\/wp\/v2\/media\/1044"}],"wp:attachment":[{"href":"https:\/\/www.billigtrikotde.com\/sv\/wp-json\/wp\/v2\/media?parent=1012"}],"wp:term":[{"taxonomy":"product_brand","embeddable":true,"href":"https:\/\/www.billigtrikotde.com\/sv\/wp-json\/wp\/v2\/product_brand?post=1012"},{"taxonomy":"product_cat","embeddable":true,"href":"https:\/\/www.billigtrikotde.com\/sv\/wp-json\/wp\/v2\/product_cat?post=1012"},{"taxonomy":"product_tag","embeddable":true,"href":"https:\/\/www.billigtrikotde.com\/sv\/wp-json\/wp\/v2\/product_tag?post=1012"}],"curies":[{"name":"wp","href":"https:\/\/api.w.org\/{rel}","templated":true}]}}