{"id":10116,"date":"2024-10-24T03:01:53","date_gmt":"2024-10-24T01:01:53","guid":{"rendered":"http:\/\/billigtrikots.com\/?post_type=product&#038;p=10116"},"modified":"2024-10-24T03:04:34","modified_gmt":"2024-10-24T01:04:34","slug":"united-states-usa-wm-2022-auswaertstrikot-koenigsblau-kurzarm-kurze-hosen","status":"publish","type":"product","link":"https:\/\/www.billigtrikotde.com\/sv\/united-states-usa-wm-2022-auswaertstrikot-koenigsblau-kurzarm-kurze-hosen\/","title":{"rendered":"F\u00f6renta staterna USA 2022 World Cup bortaset kungsbl\u00e5 kort\u00e4rmad + shorts"},"content":{"rendered":"<p>Detta \u00e4r Nike United States 2022 VM-bortatr\u00f6ja. Med samma unika Swoosh-positionering \u00e4r USA:s 2022 VM-bortatr\u00f6ja \u00f6verv\u00e4gande kungabl\u00e5 med en marinbl\u00e5 Tie-Dye-grafik som inte \u00e4r olik den p\u00e5 Leeds 22-23 bortatr\u00f6ja.<\/p>\n<p>Tips f\u00f6r utskrift: Om namn och nummer p\u00e5 bilden \u00e4r exakt vad du vill ha, beh\u00f6ver du inte ange dem igen. Om inte, ska du ange \u00f6nskat namn och nummer.<\/p>\n<p>Tips f\u00f6r tv\u00e4tt: Det \u00e4r rekommenderat att tv\u00e4tta fotbollstr\u00f6jor f\u00f6r hand. Om du vill anv\u00e4nda tv\u00e4ttmaskinen ska du komma ih\u00e5g att v\u00e4nda fotbollstr\u00f6jorna ut och in och sedan tv\u00e4tta dem. Fyll maskinen med kallt vatten och anv\u00e4nd ett skonsamt program f\u00f6r att b\u00e4ttre skydda f\u00e4rgerna.<\/p>","protected":false},"excerpt":{"rendered":"<p>Detta \u00e4r Nike Sveriges 2022 VM-borta-tr\u00f6ja. Med samma unika Swoosh-placering \u00e4r USA:s 2022 VM-borta-tr\u00f6ja \u00f6verv\u00e4gande kungslila med en marinbl\u00e5 Tie-Dye-grafik som inte \u00e4r olik den p\u00e5 Leed 22-23 borta-tr\u00f6jan. Tips f\u00f6r tryckning: Om namnet och numret p\u00e5 bilden exakt motsvarar dina \u00f6nskem\u00e5l, m\u00e5ste du [\u2026]<\/p>","protected":false},"featured_media":10153,"comment_status":"open","ping_status":"closed","template":"","meta":[],"product_brand":[],"product_cat":[245],"product_tag":[20,43,21,22,23,24,246,289,247,248,249,250,288],"class_list":{"0":"post-10116","1":"product","2":"type-product","3":"status-publish","4":"has-post-thumbnail","6":"product_cat-usa-trikots","7":"product_tag-coole-fussballtrikots","8":"product_tag-fussballkleidung","9":"product_tag-fussballtrikot-fuer-herren","10":"product_tag-fussballtrikot-guenstig-kaufen","11":"product_tag-fussballtrikot-kurzarm","12":"product_tag-guenstiges-fussballtrikot","13":"product_tag-united-states-2022-trikot","14":"product_tag-united-states-auswaertstrikot","15":"product_tag-usa-fussball-shop","16":"product_tag-usa-fussball-trikot","17":"product_tag-usa-nationalmannschaft","18":"product_tag-usa-trikot-herren","19":"product_tag-usa-trikots","21":"first","22":"instock","23":"shipping-taxable","24":"purchasable","25":"product-type-variable"},"_links":{"self":[{"href":"https:\/\/www.billigtrikotde.com\/sv\/wp-json\/wp\/v2\/product\/10116","targetHints":{"allow":["GET"]}}],"collection":[{"href":"https:\/\/www.billigtrikotde.com\/sv\/wp-json\/wp\/v2\/product"}],"about":[{"href":"https:\/\/www.billigtrikotde.com\/sv\/wp-json\/wp\/v2\/types\/product"}],"replies":[{"embeddable":true,"href":"https:\/\/www.billigtrikotde.com\/sv\/wp-json\/wp\/v2\/comments?post=10116"}],"wp:featuredmedia":[{"embeddable":true,"href":"https:\/\/www.billigtrikotde.com\/sv\/wp-json\/wp\/v2\/media\/10153"}],"wp:attachment":[{"href":"https:\/\/www.billigtrikotde.com\/sv\/wp-json\/wp\/v2\/media?parent=10116"}],"wp:term":[{"taxonomy":"product_brand","embeddable":true,"href":"https:\/\/www.billigtrikotde.com\/sv\/wp-json\/wp\/v2\/product_brand?post=10116"},{"taxonomy":"product_cat","embeddable":true,"href":"https:\/\/www.billigtrikotde.com\/sv\/wp-json\/wp\/v2\/product_cat?post=10116"},{"taxonomy":"product_tag","embeddable":true,"href":"https:\/\/www.billigtrikotde.com\/sv\/wp-json\/wp\/v2\/product_tag?post=10116"}],"curies":[{"name":"wp","href":"https:\/\/api.w.org\/{rel}","templated":true}]}}