{"id":10086,"date":"2024-10-24T03:00:34","date_gmt":"2024-10-24T01:00:34","guid":{"rendered":"http:\/\/billigtrikots.com\/?post_type=product&#038;p=10086"},"modified":"2024-10-24T03:02:48","modified_gmt":"2024-10-24T01:02:48","slug":"herren-argentinien-fifa-wm-katar-2022-auswaertstrikot-lila-kurzarm-personalisierbar","status":"publish","type":"product","link":"https:\/\/www.billigtrikotde.com\/sv\/herren-argentinien-fifa-wm-katar-2022-auswaertstrikot-lila-kurzarm-personalisierbar\/","title":{"rendered":"Herr Argentina FIFA World Cup Qatar 2022 Bortatr\u00f6ja Lila Kort\u00e4rmad Anpassningsbar"},"content":{"rendered":"<p>Bortatr\u00f6jan f\u00f6r Argentina 2022 World Cup kombinerar tv\u00e5 olika nyanser av lila med silverdetaljer, s\u00e5som Adidas- och f\u00f6rbundslogotyperna. De officiella f\u00e4rgerna \u00e4r \"Legacy Indigo\/Purple Rush\" och Sol de Argentina i ljust silver finns p\u00e5 baksidan under kragen, precis som p\u00e5 tr\u00f6jan, medan de 3 r\u00e4nderna p\u00e5 axlarna p\u00e5 den nya Argentina World Cup 2022 bortatr\u00f6jan \u00e4r i en subtil ljuslila. F\u00f6r att komplettera utseendet har bortatr\u00f6jan Argentina World Cup 2022 en svag grafik p\u00e5 framsidan - denna grafik \u00e4r ocks\u00e5 inspirerad av Sol de Mayo.<\/p>\n<p>Tips f\u00f6r utskrift: Om namn och nummer p\u00e5 bilden \u00e4r exakt vad du vill ha, beh\u00f6ver du inte ange dem igen. Om inte, ska du ange \u00f6nskat namn och nummer.<\/p>\n<p>Tips f\u00f6r tv\u00e4tt: Det \u00e4r rekommenderat att tv\u00e4tta fotbollstr\u00f6jor f\u00f6r hand. Om du vill anv\u00e4nda tv\u00e4ttmaskinen ska du komma ih\u00e5g att v\u00e4nda fotbollstr\u00f6jorna ut och in och sedan tv\u00e4tta dem. Fyll maskinen med kallt vatten och anv\u00e4nd ett skonsamt program f\u00f6r att b\u00e4ttre skydda f\u00e4rgerna.<\/p>","protected":false},"excerpt":{"rendered":"<p>Das Argentinien WM 2022 Ausw\u00e4rtstrikot kombiniert zwei verschiedene Lila-T\u00f6ne mit silbernen Details, wie dem Adidas- und dem Verbandslogo. Offiziell lauten die Farben \u201eLegacy Indigo\/Purple Rush\u201c.Das Sol de Argentina in hellem Silber befindet sich auf der R\u00fcckseite unter dem Kragen, \u00e4hnlich wie beim Trikot.Die 3 Streifen auf den Schultern des neuen Argentinien WM 2022 Ausw\u00e4rtstrikots sind [&hellip;]<\/p>","protected":false},"featured_media":10127,"comment_status":"open","ping_status":"closed","template":"","meta":[],"product_brand":[],"product_cat":[325],"product_tag":[356,357,358,20,407,21,22,23,24],"class_list":{"0":"post-10086","1":"product","2":"type-product","3":"status-publish","4":"has-post-thumbnail","6":"product_cat-argentinien-trikots","7":"product_tag-argentinien-trikots","8":"product_tag-argentinien-wm-2022-auswaertstrikot","9":"product_tag-auswaertstrikot-fuer-die-wm-2022","10":"product_tag-coole-fussballtrikots","11":"product_tag-fifa-wm-katar-2022-trikot","12":"product_tag-fussballtrikot-fuer-herren","13":"product_tag-fussballtrikot-guenstig-kaufen","14":"product_tag-fussballtrikot-kurzarm","15":"product_tag-guenstiges-fussballtrikot","17":"first","18":"instock","19":"shipping-taxable","20":"purchasable","21":"product-type-variable"},"_links":{"self":[{"href":"https:\/\/www.billigtrikotde.com\/sv\/wp-json\/wp\/v2\/product\/10086","targetHints":{"allow":["GET"]}}],"collection":[{"href":"https:\/\/www.billigtrikotde.com\/sv\/wp-json\/wp\/v2\/product"}],"about":[{"href":"https:\/\/www.billigtrikotde.com\/sv\/wp-json\/wp\/v2\/types\/product"}],"replies":[{"embeddable":true,"href":"https:\/\/www.billigtrikotde.com\/sv\/wp-json\/wp\/v2\/comments?post=10086"}],"wp:featuredmedia":[{"embeddable":true,"href":"https:\/\/www.billigtrikotde.com\/sv\/wp-json\/wp\/v2\/media\/10127"}],"wp:attachment":[{"href":"https:\/\/www.billigtrikotde.com\/sv\/wp-json\/wp\/v2\/media?parent=10086"}],"wp:term":[{"taxonomy":"product_brand","embeddable":true,"href":"https:\/\/www.billigtrikotde.com\/sv\/wp-json\/wp\/v2\/product_brand?post=10086"},{"taxonomy":"product_cat","embeddable":true,"href":"https:\/\/www.billigtrikotde.com\/sv\/wp-json\/wp\/v2\/product_cat?post=10086"},{"taxonomy":"product_tag","embeddable":true,"href":"https:\/\/www.billigtrikotde.com\/sv\/wp-json\/wp\/v2\/product_tag?post=10086"}],"curies":[{"name":"wp","href":"https:\/\/api.w.org\/{rel}","templated":true}]}}