{"id":9952,"date":"2024-10-24T02:53:25","date_gmt":"2024-10-24T00:53:25","guid":{"rendered":"http:\/\/billigtrikots.com\/?post_type=product&#038;p=9952"},"modified":"2024-10-24T02:55:39","modified_gmt":"2024-10-24T00:55:39","slug":"brasilien-fifa-wm-katar-2022-heimtrikot-gelb-kurzarm-fuer-herren-t-silva-3","status":"publish","type":"product","link":"https:\/\/www.billigtrikotde.com\/sl\/brasilien-fifa-wm-katar-2022-heimtrikot-gelb-kurzarm-fuer-herren-t-silva-3\/","title":{"rendered":"Brazil FIFA SP 2022 doma\u010da majica rumena kratke rokave za mo\u0161ke T.SILVA 3"},"content":{"rendered":"<p>Barve doma\u010dega dresa Nike Brazilija 2022 za svetovno prvenstvo spominjajo na dres zmagovalca svetovnega prvenstva 2002 - lahko ga razumemo kot poklon 20. obletnici izida.Dres Nike Brazilija 2022 temelji na predlogi Nike 2022 World Cup \/ 22-23, od katere smo \u017ee videli nekaj primerov v najbolj\u0161ih klubih te znamke. Uporablja isto predlogo kot dres Chelsea 22-23.<\/p>\n<p>Nasveti za tiskanje: \u010ce sta ime in \u0161tevilka na sliki to\u010dno tak\u0161na, kot ju \u017eelite, ju ni treba ponovno vnesti. \u010ce ni tako, vnesite \u017eeleno ime in \u0161tevilko.<\/p>\n<p>Nasveti za pranje: Priporo\u010dljivo je, da nogometne majice perete ro\u010dno. \u010ce \u017eelite uporabiti pralni stroj, ne pozabite nogometne majice obrniti narobe in jih nato oprati. Stroj napolnite s hladno vodo in uporabite ob\u010dutljiv cikel, da bolje za\u0161\u010ditite barve.<\/p>","protected":false},"excerpt":{"rendered":"<p>Barve Nike Brazil 2022 doma\u010de majice za svetovno prvenstvo spominjajo na majico zmagovalca svetovnega prvenstva iz leta 2002 \u2013 lahko jo vidimo kot \u010dastitev 20. obletnice njegove izdaje. Nike Brazil 2022 majica temelji na Nike 2022 svetovnem prvenstvu \/ 22-23 predlogi, ki smo ga \u017ee videli na nekaterih vrhunskih klubih [...]<\/p>","protected":false},"featured_media":9991,"comment_status":"open","ping_status":"closed","template":"","meta":[],"product_brand":[],"product_cat":[112],"product_tag":[20,113,114,405,407,222,21,22,23,24],"class_list":{"0":"post-9952","1":"product","2":"type-product","3":"status-publish","4":"has-post-thumbnail","6":"product_cat-brasilien-trikots","7":"product_tag-coole-fussballtrikots","8":"product_tag-brasilien-heimtrikot","9":"product_tag-brasilien-trikots","10":"product_tag-fifa-wm-katar-2022","11":"product_tag-fifa-wm-katar-2022-trikot","12":"product_tag-fussball-wm-2022-trikots","13":"product_tag-fussballtrikot-fuer-herren","14":"product_tag-fussballtrikot-guenstig-kaufen","15":"product_tag-fussballtrikot-kurzarm","16":"product_tag-guenstiges-fussballtrikot","18":"first","19":"instock","20":"shipping-taxable","21":"purchasable","22":"product-type-variable"},"_links":{"self":[{"href":"https:\/\/www.billigtrikotde.com\/sl\/wp-json\/wp\/v2\/product\/9952","targetHints":{"allow":["GET"]}}],"collection":[{"href":"https:\/\/www.billigtrikotde.com\/sl\/wp-json\/wp\/v2\/product"}],"about":[{"href":"https:\/\/www.billigtrikotde.com\/sl\/wp-json\/wp\/v2\/types\/product"}],"replies":[{"embeddable":true,"href":"https:\/\/www.billigtrikotde.com\/sl\/wp-json\/wp\/v2\/comments?post=9952"}],"wp:featuredmedia":[{"embeddable":true,"href":"https:\/\/www.billigtrikotde.com\/sl\/wp-json\/wp\/v2\/media\/9991"}],"wp:attachment":[{"href":"https:\/\/www.billigtrikotde.com\/sl\/wp-json\/wp\/v2\/media?parent=9952"}],"wp:term":[{"taxonomy":"product_brand","embeddable":true,"href":"https:\/\/www.billigtrikotde.com\/sl\/wp-json\/wp\/v2\/product_brand?post=9952"},{"taxonomy":"product_cat","embeddable":true,"href":"https:\/\/www.billigtrikotde.com\/sl\/wp-json\/wp\/v2\/product_cat?post=9952"},{"taxonomy":"product_tag","embeddable":true,"href":"https:\/\/www.billigtrikotde.com\/sl\/wp-json\/wp\/v2\/product_tag?post=9952"}],"curies":[{"name":"wp","href":"https:\/\/api.w.org\/{rel}","templated":true}]}}