{"id":9862,"date":"2024-10-24T02:48:45","date_gmt":"2024-10-24T00:48:45","guid":{"rendered":"http:\/\/billigtrikots.com\/?post_type=product&#038;p=9862"},"modified":"2024-10-24T02:50:56","modified_gmt":"2024-10-24T00:50:56","slug":"mbappe-10-frankreich-fifa-wm-katar-2022-marineblau-heimtrikot-kurzarm-fuer-herren","status":"publish","type":"product","link":"https:\/\/www.billigtrikotde.com\/sl\/mbappe-10-frankreich-fifa-wm-katar-2022-marineblau-heimtrikot-kurzarm-fuer-herren\/","title":{"rendered":"MBAPPE #10 France FIFA World Cup Qatar 2022 Navy Blue Doma\u010da majica s kratkimi rokavi za mo\u0161ke"},"content":{"rendered":"<p>Nike svetovno prvenstvo 2022 Slovenija dres je prvi po 10 letih, ki ima zlate aplikacije. Glavnina je temno modra z zlatimi logotipi in morda nekaterimi zlatimi podrobnostmi.<\/p>\n<p>Nasveti za tiskanje: \u010ce sta ime in \u0161tevilka na sliki to\u010dno tak\u0161na, kot ju \u017eelite, ju ni treba ponovno vnesti. \u010ce ni tako, vnesite \u017eeleno ime in \u0161tevilko.<\/p>\n<p>Nasveti za pranje: Priporo\u010dljivo je, da nogometne majice perete ro\u010dno. \u010ce \u017eelite uporabiti pralni stroj, ne pozabite nogometne majice obrniti narobe in jih nato oprati. Stroj napolnite s hladno vodo in uporabite ob\u010dutljiv cikel, da bolje za\u0161\u010ditite barve.<\/p>","protected":false},"excerpt":{"rendered":"<p>Das Nike Frankreich 2022 WM-Trikot ist das erste seit 10 Jahren, das goldene Applikationen aufweist. Es ist haupts\u00e4chlich marineblau mit goldenen Logos und m\u00f6glicherweise einigen goldenen Details. Tipps zum Drucken: Wenn der Name und die Nummer auf dem Bild genau Ihren W\u00fcnschen entsprechen, m\u00fcssen Sie sie nicht erneut eingeben. Wenn nicht, sollten Sie Ihren gew\u00fcnschten [&hellip;]<\/p>","protected":false},"featured_media":9901,"comment_status":"open","ping_status":"closed","template":"","meta":[],"product_brand":[],"product_cat":[117],"product_tag":[20,398,121,119,389,21,22,23,24],"class_list":{"0":"post-9862","1":"product","2":"type-product","3":"status-publish","4":"has-post-thumbnail","6":"product_cat-frankreich-trikots","7":"product_tag-coole-fussballtrikots","8":"product_tag-frankreich-2022-weltmeisterschaft-trikot","9":"product_tag-frankreich-heimtrikot","10":"product_tag-frankreich-trikots","11":"product_tag-fussball-wm-2022-trikot","12":"product_tag-fussballtrikot-fuer-herren","13":"product_tag-fussballtrikot-guenstig-kaufen","14":"product_tag-fussballtrikot-kurzarm","15":"product_tag-guenstiges-fussballtrikot","17":"first","18":"instock","19":"featured","20":"shipping-taxable","21":"purchasable","22":"product-type-variable"},"_links":{"self":[{"href":"https:\/\/www.billigtrikotde.com\/sl\/wp-json\/wp\/v2\/product\/9862","targetHints":{"allow":["GET"]}}],"collection":[{"href":"https:\/\/www.billigtrikotde.com\/sl\/wp-json\/wp\/v2\/product"}],"about":[{"href":"https:\/\/www.billigtrikotde.com\/sl\/wp-json\/wp\/v2\/types\/product"}],"replies":[{"embeddable":true,"href":"https:\/\/www.billigtrikotde.com\/sl\/wp-json\/wp\/v2\/comments?post=9862"}],"wp:featuredmedia":[{"embeddable":true,"href":"https:\/\/www.billigtrikotde.com\/sl\/wp-json\/wp\/v2\/media\/9901"}],"wp:attachment":[{"href":"https:\/\/www.billigtrikotde.com\/sl\/wp-json\/wp\/v2\/media?parent=9862"}],"wp:term":[{"taxonomy":"product_brand","embeddable":true,"href":"https:\/\/www.billigtrikotde.com\/sl\/wp-json\/wp\/v2\/product_brand?post=9862"},{"taxonomy":"product_cat","embeddable":true,"href":"https:\/\/www.billigtrikotde.com\/sl\/wp-json\/wp\/v2\/product_cat?post=9862"},{"taxonomy":"product_tag","embeddable":true,"href":"https:\/\/www.billigtrikotde.com\/sl\/wp-json\/wp\/v2\/product_tag?post=9862"}],"curies":[{"name":"wp","href":"https:\/\/api.w.org\/{rel}","templated":true}]}}