{"id":9804,"date":"2024-10-24T02:45:45","date_gmt":"2024-10-24T00:45:45","guid":{"rendered":"http:\/\/billigtrikots.com\/?post_type=product&#038;p=9804"},"modified":"2024-10-24T02:48:01","modified_gmt":"2024-10-24T00:48:01","slug":"herren-england-fifa-wm-katar-2022-weiss-blau-heimtrikot-kurzarm-henderson-14","status":"publish","type":"product","link":"https:\/\/www.billigtrikotde.com\/sl\/herren-england-fifa-wm-katar-2022-weiss-blau-heimtrikot-kurzarm-henderson-14\/","title":{"rendered":"Mo\u0161ka majica England FIFA World Cup Qatar 2022 white blue HENDERSON s kratkimi rokavi #14"},"content":{"rendered":"<p>WM 2022 Nike doma\u010di stadion Anglije, ki ima \u010disto belo osnovo, ve\u010dino prodaje pridobi iz barvnih prelivov na raglan rokavih. Za\u010den\u0161i za rameni, bela osnova postopoma in bledijo\u010d prehaja v smeri modre, za\u010dinjeno z svetlim odtenkom, preden pade v zelo temen odtenek okoli okroglega izreza. Svetli in temno modri odtenki so naneseni v jasnem pol- in pol- dizajnu na rokavnih robovih in spominjajo na barve gostujo\u010dega dresa za to leto. Zgodovinsko gledano, uporabljena temno modra barva na nek na\u010din vra\u010da vzdu\u0161je dresov iz 90-ih.<\/p>\n<p>Nasveti za tiskanje: \u010ce sta ime in \u0161tevilka na sliki to\u010dno tak\u0161na, kot ju \u017eelite, ju ni treba ponovno vnesti. \u010ce ni tako, vnesite \u017eeleno ime in \u0161tevilko.<\/p>\n<p>Nasveti za pranje: Priporo\u010dljivo je, da nogometne majice perete ro\u010dno. \u010ce \u017eelite uporabiti pralni stroj, ne pozabite nogometne majice obrniti narobe in jih nato oprati. Stroj napolnite s hladno vodo in uporabite ob\u010dutljiv cikel, da bolje za\u0161\u010ditite barve.<\/p>","protected":false},"excerpt":{"rendered":"<p>Das WM 2022 Nike Heimstadion von England, das eine saubere wei\u00dfe Grundlage hat, bezieht einen Gro\u00dfteil seines Verkaufs stattdessen aus der Farbverl\u00e4ufe auf den Raglan\u00e4rmeln. Beginnend hinter den Schultern beginnt die wei\u00dfe Basis einen allm\u00e4hlichen und verblassten \u00dcbergang in Richtung Blau, beginnend mit einem hellen Ton, bevor sie in einen sehr tiefen Ton um den [&hellip;]<\/p>","protected":false},"featured_media":9843,"comment_status":"open","ping_status":"closed","template":"","meta":[],"product_brand":[],"product_cat":[115],"product_tag":[20,363,116,407,21,22,23,24],"class_list":{"0":"post-9804","1":"product","2":"type-product","3":"status-publish","4":"has-post-thumbnail","6":"product_cat-england-trikots","7":"product_tag-coole-fussballtrikots","8":"product_tag-england-2022-world-cup-trikot","9":"product_tag-england-heimtrikot","10":"product_tag-fifa-wm-katar-2022-trikot","11":"product_tag-fussballtrikot-fuer-herren","12":"product_tag-fussballtrikot-guenstig-kaufen","13":"product_tag-fussballtrikot-kurzarm","14":"product_tag-guenstiges-fussballtrikot","16":"first","17":"instock","18":"shipping-taxable","19":"purchasable","20":"product-type-variable"},"_links":{"self":[{"href":"https:\/\/www.billigtrikotde.com\/sl\/wp-json\/wp\/v2\/product\/9804","targetHints":{"allow":["GET"]}}],"collection":[{"href":"https:\/\/www.billigtrikotde.com\/sl\/wp-json\/wp\/v2\/product"}],"about":[{"href":"https:\/\/www.billigtrikotde.com\/sl\/wp-json\/wp\/v2\/types\/product"}],"replies":[{"embeddable":true,"href":"https:\/\/www.billigtrikotde.com\/sl\/wp-json\/wp\/v2\/comments?post=9804"}],"wp:featuredmedia":[{"embeddable":true,"href":"https:\/\/www.billigtrikotde.com\/sl\/wp-json\/wp\/v2\/media\/9843"}],"wp:attachment":[{"href":"https:\/\/www.billigtrikotde.com\/sl\/wp-json\/wp\/v2\/media?parent=9804"}],"wp:term":[{"taxonomy":"product_brand","embeddable":true,"href":"https:\/\/www.billigtrikotde.com\/sl\/wp-json\/wp\/v2\/product_brand?post=9804"},{"taxonomy":"product_cat","embeddable":true,"href":"https:\/\/www.billigtrikotde.com\/sl\/wp-json\/wp\/v2\/product_cat?post=9804"},{"taxonomy":"product_tag","embeddable":true,"href":"https:\/\/www.billigtrikotde.com\/sl\/wp-json\/wp\/v2\/product_tag?post=9804"}],"curies":[{"name":"wp","href":"https:\/\/api.w.org\/{rel}","templated":true}]}}