{"id":9762,"date":"2024-10-24T02:43:51","date_gmt":"2024-10-24T00:43:51","guid":{"rendered":"http:\/\/billigtrikots.com\/?post_type=product&#038;p=9762"},"modified":"2024-10-24T02:46:10","modified_gmt":"2024-10-24T00:46:10","slug":"mexiko-fifa-wm-katar-2022-heimtrikot-gruen-kurzarm-mit-namen-alvarez-30","status":"publish","type":"product","link":"https:\/\/www.billigtrikotde.com\/sl\/mexiko-fifa-wm-katar-2022-heimtrikot-gruen-kurzarm-mit-namen-alvarez-30\/","title":{"rendered":"Mehki dres za svetovno prvenstvo FIFA Katar 2022 za doma\u010do ekipo, zelen, kratke rokave, z imenom ALVAREZ 4"},"content":{"rendered":"<p>To je prvi\u010d po mnogih letih, da bo Mehiko imela zeleno majico. Mehikova majica za svetovno prvenstvo 2018 je bila zelena, prijateljska tekma proti Argentini istega leta pa je bila zadnji\u010d, ko je mehi\u0161ka A-reprezentanca nosila zeleno majico. Olimpijska majica, ki jo je to poletje nosila reprezentanca U24, in ki je ni izdelal Adidas [...]<br \/>\nTrikot Adidas Mexiko 2022 WM je zelen s belimi hla\u010dami in rde\u010dimi nogavicami ter na ta na\u010din vrne ikoni\u010dne barve Meksika.<\/p>\n<p>Najpomembnej\u0161i oblikovni znak doma\u010dega dresa Mexiko 2022 je subtilna grafi\u010dna tla na zgornjem delu in na rokavih, ki je navdihnjena z Quetzalc\u00f3atlom.<br \/>\nV mehi\u0161ki kulturi je Quetzalc\u00f3atl bog vetra, zavetnik duhov in izumitelj koledarjev ter knjig. Ob\u010dasno ga upodabljajo tudi kot simbol smrti in vstajenja. Grafika Quetzalc\u00f3atl se nahaja tudi na zadnji strani pod ovratnikom.<\/p>\n<p>Nasveti za tiskanje: \u010ce sta ime in \u0161tevilka na sliki to\u010dno tak\u0161na, kot ju \u017eelite, ju ni treba ponovno vnesti. \u010ce ni tako, vnesite \u017eeleno ime in \u0161tevilko.<\/p>\n<p>Nasveti za pranje: Priporo\u010dljivo je, da nogometne majice perete ro\u010dno. \u010ce \u017eelite uporabiti pralni stroj, ne pozabite nogometne majice obrniti narobe in jih nato oprati. Stroj napolnite s hladno vodo in uporabite ob\u010dutljiv cikel, da bolje za\u0161\u010ditite barve.<\/p>","protected":false},"excerpt":{"rendered":"<p>To je prvi\u010d po mnogih letih, da bo Mehiko imela zeleno majico. Mehikova majica za svetovno prvenstvo 2018 je bila zelena, prijateljska tekma proti Argentini istega leta pa je bila zadnji\u010d, ko je mehi\u0161ka A-reprezentanca nosila zeleno majico. Olimpijska majica, ki jo je to poletje nosila reprezentanca U24, in ki je ni izdelal Adidas [...]<\/p>","protected":false},"featured_media":9796,"comment_status":"open","ping_status":"closed","template":"","meta":[],"product_brand":[],"product_cat":[251],"product_tag":[20,405,21,22,23,24,252,406,253],"class_list":{"0":"post-9762","1":"product","2":"type-product","3":"status-publish","4":"has-post-thumbnail","6":"product_cat-mexiko-trikots","7":"product_tag-coole-fussballtrikots","8":"product_tag-fifa-wm-katar-2022","9":"product_tag-fussballtrikot-fuer-herren","10":"product_tag-fussballtrikot-guenstig-kaufen","11":"product_tag-fussballtrikot-kurzarm","12":"product_tag-guenstiges-fussballtrikot","13":"product_tag-mexiko-2022-trikots","14":"product_tag-mexiko-2022-wm-heimtrikot","15":"product_tag-mexiko-heimtrikot","17":"first","18":"instock","19":"shipping-taxable","20":"purchasable","21":"product-type-variable"},"_links":{"self":[{"href":"https:\/\/www.billigtrikotde.com\/sl\/wp-json\/wp\/v2\/product\/9762","targetHints":{"allow":["GET"]}}],"collection":[{"href":"https:\/\/www.billigtrikotde.com\/sl\/wp-json\/wp\/v2\/product"}],"about":[{"href":"https:\/\/www.billigtrikotde.com\/sl\/wp-json\/wp\/v2\/types\/product"}],"replies":[{"embeddable":true,"href":"https:\/\/www.billigtrikotde.com\/sl\/wp-json\/wp\/v2\/comments?post=9762"}],"wp:featuredmedia":[{"embeddable":true,"href":"https:\/\/www.billigtrikotde.com\/sl\/wp-json\/wp\/v2\/media\/9796"}],"wp:attachment":[{"href":"https:\/\/www.billigtrikotde.com\/sl\/wp-json\/wp\/v2\/media?parent=9762"}],"wp:term":[{"taxonomy":"product_brand","embeddable":true,"href":"https:\/\/www.billigtrikotde.com\/sl\/wp-json\/wp\/v2\/product_brand?post=9762"},{"taxonomy":"product_cat","embeddable":true,"href":"https:\/\/www.billigtrikotde.com\/sl\/wp-json\/wp\/v2\/product_cat?post=9762"},{"taxonomy":"product_tag","embeddable":true,"href":"https:\/\/www.billigtrikotde.com\/sl\/wp-json\/wp\/v2\/product_tag?post=9762"}],"curies":[{"name":"wp","href":"https:\/\/api.w.org\/{rel}","templated":true}]}}