{"id":9693,"date":"2024-10-24T02:40:19","date_gmt":"2024-10-24T00:40:19","guid":{"rendered":"http:\/\/billigtrikots.com\/?post_type=product&#038;p=9693"},"modified":"2024-10-24T02:42:32","modified_gmt":"2024-10-24T00:42:32","slug":"herren-mexiko-fifa-wm-katar-2022-auswaertstrikot-weiss-rot-kurzarm-raul-9","status":"publish","type":"product","link":"https:\/\/www.billigtrikotde.com\/sl\/herren-mexiko-fifa-wm-katar-2022-auswaertstrikot-weiss-rot-kurzarm-raul-9\/","title":{"rendered":"Mo\u0161ki Mexiko FIFA WM Katar 2022, gostujo\u010di dres, bel rde\u010d, kratke rokave RAUL 9"},"content":{"rendered":"<p>Vzovi svoj bojni duh, da bo\u0161 pri\u0161el do svetovne injekcije nogometa. Za to smo temu adidas Mexiko gostinskemu dresu za otroke in najstnike dali videz, ki ga navdihujejo Mixteki in azte\u0161ke bo\u017eanstva. Sredi tega opaznega celotnega vzorca je tudi najti telo ka\u010de Quetzalcoatla \u2013 prikaz fizi\u010dnih sposobnosti \u010dlove\u0161tva. Vstavki iz mre\u017ee in tehnologija AEROREADY, ki absorbira vlago, ti zagotavljajo prijeten ob\u010dutek pri no\u0161enju. In popolnoma novi klubskih logotip izra\u017ea tvojo ljubezen do navija\u0161tva.<\/p>\n<p>Nasveti za tiskanje: \u010ce sta ime in \u0161tevilka na sliki to\u010dno tak\u0161na, kot ju \u017eelite, ju ni treba ponovno vnesti. \u010ce ni tako, vnesite \u017eeleno ime in \u0161tevilko.<\/p>\n<p>Nasveti za pranje: Priporo\u010dljivo je, da nogometne majice perete ro\u010dno. \u010ce \u017eelite uporabiti pralni stroj, ne pozabite nogometne majice obrniti narobe in jih nato oprati. Stroj napolnite s hladno vodo in uporabite ob\u010dutljiv cikel, da bolje za\u0161\u010ditite barve.<\/p>","protected":false},"excerpt":{"rendered":"<p>Vzemi svoj bojni duh, da bo\u0161 pri\u0161el do svetovne injekcije nogometa. Za to smo temu adidas dresu za gostovanje za otroke in najstnike dali videz, ki ga navdihujejo mehi\u0161ki mitolo\u0161ki liki in azte\u0161ki bogovi. V osr\u010dju tega opaznega celotnega dizajna je tudi ka\u010dji trup Quetzalcoatl \u2013 prikaz fizi\u010dnih sposobnosti \u010dlove\u0161tva. Vmesni vlo\u017eki iz mre\u017ee in material, ki absorbira vlago [\u2026]<\/p>","protected":false},"featured_media":9733,"comment_status":"open","ping_status":"closed","template":"","meta":[],"product_brand":[],"product_cat":[251],"product_tag":[20,405,21,22,23,24,252,360,364],"class_list":{"0":"post-9693","1":"product","2":"type-product","3":"status-publish","4":"has-post-thumbnail","6":"product_cat-mexiko-trikots","7":"product_tag-coole-fussballtrikots","8":"product_tag-fifa-wm-katar-2022","9":"product_tag-fussballtrikot-fuer-herren","10":"product_tag-fussballtrikot-guenstig-kaufen","11":"product_tag-fussballtrikot-kurzarm","12":"product_tag-guenstiges-fussballtrikot","13":"product_tag-mexiko-2022-trikots","14":"product_tag-mexiko-2022-wm-auswaertstrikot","15":"product_tag-mexiko-auswaertstrikot","17":"first","18":"instock","19":"shipping-taxable","20":"purchasable","21":"product-type-variable"},"_links":{"self":[{"href":"https:\/\/www.billigtrikotde.com\/sl\/wp-json\/wp\/v2\/product\/9693","targetHints":{"allow":["GET"]}}],"collection":[{"href":"https:\/\/www.billigtrikotde.com\/sl\/wp-json\/wp\/v2\/product"}],"about":[{"href":"https:\/\/www.billigtrikotde.com\/sl\/wp-json\/wp\/v2\/types\/product"}],"replies":[{"embeddable":true,"href":"https:\/\/www.billigtrikotde.com\/sl\/wp-json\/wp\/v2\/comments?post=9693"}],"wp:featuredmedia":[{"embeddable":true,"href":"https:\/\/www.billigtrikotde.com\/sl\/wp-json\/wp\/v2\/media\/9733"}],"wp:attachment":[{"href":"https:\/\/www.billigtrikotde.com\/sl\/wp-json\/wp\/v2\/media?parent=9693"}],"wp:term":[{"taxonomy":"product_brand","embeddable":true,"href":"https:\/\/www.billigtrikotde.com\/sl\/wp-json\/wp\/v2\/product_brand?post=9693"},{"taxonomy":"product_cat","embeddable":true,"href":"https:\/\/www.billigtrikotde.com\/sl\/wp-json\/wp\/v2\/product_cat?post=9693"},{"taxonomy":"product_tag","embeddable":true,"href":"https:\/\/www.billigtrikotde.com\/sl\/wp-json\/wp\/v2\/product_tag?post=9693"}],"curies":[{"name":"wp","href":"https:\/\/api.w.org\/{rel}","templated":true}]}}