{"id":9671,"date":"2024-10-24T02:39:07","date_gmt":"2024-10-24T00:39:07","guid":{"rendered":"http:\/\/billigtrikots.com\/?post_type=product&#038;p=9671"},"modified":"2024-10-24T02:41:21","modified_gmt":"2024-10-24T00:41:21","slug":"herren-italien-trikots-2022-23-heimtrikot-blau-kurzarm-mit-aufdruck-chiellini-3","status":"publish","type":"product","link":"https:\/\/www.billigtrikotde.com\/sl\/herren-italien-trikots-2022-23-heimtrikot-blau-kurzarm-mit-aufdruck-chiellini-3\/","title":{"rendered":"Mo\u0161ke majice Italija 2022-23 Home Jersey Blue Short Sleeve with Print CHIELLINI 3"},"content":{"rendered":"<p>Domata majica Squadre Azzurra 2022 se predstavlja v klasi\u010dni modri barvi. \u0160tiri kvadrati na sprednji strani majice naj bi po\u010dastili vsako svetovno prvakovsko generacijo Italije. Vsak kvadrat se sklicuje na naslov svetovnega prvaka v letih 1934, 1938, 1982 in 2006. Zlati detajli ter ovratnik, ki je sestavljen iz barv italijanske trikolore, dokon\u010dajo majico.<\/p>\n<p>Majica PUMA v modri barvi te naredi, da nosi\u0161 barve svoje najljub\u0161e ekipe in vsem poka\u017ee\u0161, za kaj ti srce bije. V nobeni zbirki navija\u010dev ne sme manjkati ta italijanska majica. Zra\u010dna, lahka, odvaja znoj in izjemno udobna funkcionalnost jo naredijo prepri\u010dljivo. Pri tem \u0161portnem topu lahko vizualno ra\u010duna\u0161 na logo zveze na prsih. S to majico se lahko idealno pripravi\u0161 na naslednjega nasprotnika.<\/p>\n<p>Nasveti za tiskanje: \u010ce sta ime in \u0161tevilka na sliki to\u010dno tak\u0161na, kot ju \u017eelite, ju ni treba ponovno vnesti. \u010ce ni tako, vnesite \u017eeleno ime in \u0161tevilko.<\/p>\n<p>Nasveti za pranje: Priporo\u010dljivo je, da nogometne majice perete ro\u010dno. \u010ce \u017eelite uporabiti pralni stroj, ne pozabite nogometne majice obrniti narobe in jih nato oprati. Stroj napolnite s hladno vodo in uporabite ob\u010dutljiv cikel, da bolje za\u0161\u010ditite barve.<\/p>","protected":false},"excerpt":{"rendered":"<p>Domata majica Squadre Azzurra 2022 se predstavlja v klasi\u010dni modri barvi. \u0160tiri kvadrati na sprednji strani majice naj bi po\u010dastili vsako svetovno prvakovsko generacijo Italije. Vsak kvadrat se sklicuje na naslov svetovnega prvaka v letih 1934, 1938, 1982 in 2006. Zlati detajli ter ovratnik, ki je sestavljen iz barv italijanske trikolore, dokon\u010dajo majico.<\/p>","protected":false},"featured_media":9711,"comment_status":"open","ping_status":"closed","template":"","meta":[],"product_brand":[],"product_cat":[316],"product_tag":[20,21,22,23,24,404,317,318],"class_list":{"0":"post-9671","1":"product","2":"type-product","3":"status-publish","4":"has-post-thumbnail","6":"product_cat-italien-trikots","7":"product_tag-coole-fussballtrikots","8":"product_tag-fussballtrikot-fuer-herren","9":"product_tag-fussballtrikot-guenstig-kaufen","10":"product_tag-fussballtrikot-kurzarm","11":"product_tag-guenstiges-fussballtrikot","12":"product_tag-herren-italien-trikots","13":"product_tag-italien-heimtrikot","14":"product_tag-italien-trikots","16":"first","17":"instock","18":"shipping-taxable","19":"purchasable","20":"product-type-variable"},"_links":{"self":[{"href":"https:\/\/www.billigtrikotde.com\/sl\/wp-json\/wp\/v2\/product\/9671","targetHints":{"allow":["GET"]}}],"collection":[{"href":"https:\/\/www.billigtrikotde.com\/sl\/wp-json\/wp\/v2\/product"}],"about":[{"href":"https:\/\/www.billigtrikotde.com\/sl\/wp-json\/wp\/v2\/types\/product"}],"replies":[{"embeddable":true,"href":"https:\/\/www.billigtrikotde.com\/sl\/wp-json\/wp\/v2\/comments?post=9671"}],"wp:featuredmedia":[{"embeddable":true,"href":"https:\/\/www.billigtrikotde.com\/sl\/wp-json\/wp\/v2\/media\/9711"}],"wp:attachment":[{"href":"https:\/\/www.billigtrikotde.com\/sl\/wp-json\/wp\/v2\/media?parent=9671"}],"wp:term":[{"taxonomy":"product_brand","embeddable":true,"href":"https:\/\/www.billigtrikotde.com\/sl\/wp-json\/wp\/v2\/product_brand?post=9671"},{"taxonomy":"product_cat","embeddable":true,"href":"https:\/\/www.billigtrikotde.com\/sl\/wp-json\/wp\/v2\/product_cat?post=9671"},{"taxonomy":"product_tag","embeddable":true,"href":"https:\/\/www.billigtrikotde.com\/sl\/wp-json\/wp\/v2\/product_tag?post=9671"}],"curies":[{"name":"wp","href":"https:\/\/api.w.org\/{rel}","templated":true}]}}