{"id":9637,"date":"2024-10-24T02:37:21","date_gmt":"2024-10-24T00:37:21","guid":{"rendered":"http:\/\/billigtrikots.com\/?post_type=product&#038;p=9637"},"modified":"2024-10-24T02:39:36","modified_gmt":"2024-10-24T00:39:36","slug":"2022-uefa-european-england-womens-euro-heimtrikot-kurzarm-mit-aufdruck-james-24","status":"publish","type":"product","link":"https:\/\/www.billigtrikotde.com\/sl\/2022-uefa-european-england-womens-euro-heimtrikot-kurzarm-mit-aufdruck-james-24\/","title":{"rendered":"2022 UEFA evropski \u017eenski Euro doma\u010di dres s kratkimi rokavi z napisom JAMES 24"},"content":{"rendered":"<p>Nike England Women\u2019s Euro 2022 dres zdru\u017euje belo osnovno barvo z opaznimi, spreminjajo\u010dimi se logotipi \u2013 prvi\u010d v zgodovini ima dres Anglije iridescentne logotipe. Poleg spreminjajo\u010dih se logotipov je zasnova doma\u010dega dresa Nike England Women 2022 diskretna. Prekrit je z zelo subtilnim, svetle\u010dim geometrijskim vzorcem. Nasveti za [\u2026]<\/p>\n<p>Nasveti za tiskanje: \u010ce sta ime in \u0161tevilka na sliki to\u010dno tak\u0161na, kot ju \u017eelite, ju ni treba ponovno vnesti. \u010ce ni tako, vnesite \u017eeleno ime in \u0161tevilko.<\/p>\n<p>Nasveti za pranje: Priporo\u010dljivo je, da nogometne majice perete ro\u010dno. \u010ce \u017eelite uporabiti pralni stroj, ne pozabite nogometne majice obrniti narobe in jih nato oprati. Stroj napolnite s hladno vodo in uporabite ob\u010dutljiv cikel, da bolje za\u0161\u010ditite barve.<\/p>","protected":false},"excerpt":{"rendered":"<p>Nike England Women\u2019s Euro 2022 dres zdru\u017euje belo osnovno barvo z opaznimi, spreminjajo\u010dimi se logotipi \u2013 prvi\u010d v zgodovini ima dres Anglije iridescentne logotipe. Poleg spreminjajo\u010dih se logotipov je zasnova doma\u010dega dresa Nike England Women 2022 diskretna. Prekrit je z zelo subtilnim, svetle\u010dim geometrijskim vzorcem. Nasveti za [\u2026]<\/p>","protected":false},"featured_media":9677,"comment_status":"open","ping_status":"closed","template":"","meta":[],"product_brand":[],"product_cat":[115],"product_tag":[20,402,116,218,403,21,22,23,24],"class_list":{"0":"post-9637","1":"product","2":"type-product","3":"status-publish","4":"has-post-thumbnail","6":"product_cat-england-trikots","7":"product_tag-coole-fussballtrikots","8":"product_tag-england-frauen-2022-trikot","9":"product_tag-england-heimtrikot","10":"product_tag-england-heimtrikot-euro-2022-damen","11":"product_tag-england-womens-euro-2022-trikot","12":"product_tag-fussballtrikot-fuer-herren","13":"product_tag-fussballtrikot-guenstig-kaufen","14":"product_tag-fussballtrikot-kurzarm","15":"product_tag-guenstiges-fussballtrikot","17":"first","18":"instock","19":"shipping-taxable","20":"purchasable","21":"product-type-variable"},"_links":{"self":[{"href":"https:\/\/www.billigtrikotde.com\/sl\/wp-json\/wp\/v2\/product\/9637","targetHints":{"allow":["GET"]}}],"collection":[{"href":"https:\/\/www.billigtrikotde.com\/sl\/wp-json\/wp\/v2\/product"}],"about":[{"href":"https:\/\/www.billigtrikotde.com\/sl\/wp-json\/wp\/v2\/types\/product"}],"replies":[{"embeddable":true,"href":"https:\/\/www.billigtrikotde.com\/sl\/wp-json\/wp\/v2\/comments?post=9637"}],"wp:featuredmedia":[{"embeddable":true,"href":"https:\/\/www.billigtrikotde.com\/sl\/wp-json\/wp\/v2\/media\/9677"}],"wp:attachment":[{"href":"https:\/\/www.billigtrikotde.com\/sl\/wp-json\/wp\/v2\/media?parent=9637"}],"wp:term":[{"taxonomy":"product_brand","embeddable":true,"href":"https:\/\/www.billigtrikotde.com\/sl\/wp-json\/wp\/v2\/product_brand?post=9637"},{"taxonomy":"product_cat","embeddable":true,"href":"https:\/\/www.billigtrikotde.com\/sl\/wp-json\/wp\/v2\/product_cat?post=9637"},{"taxonomy":"product_tag","embeddable":true,"href":"https:\/\/www.billigtrikotde.com\/sl\/wp-json\/wp\/v2\/product_tag?post=9637"}],"curies":[{"name":"wp","href":"https:\/\/api.w.org\/{rel}","templated":true}]}}