{"id":962,"date":"2024-10-23T13:10:48","date_gmt":"2024-10-23T11:10:48","guid":{"rendered":"http:\/\/billigtrikots.com\/?post_type=product&#038;p=962"},"modified":"2024-10-23T13:12:38","modified_gmt":"2024-10-23T11:12:38","slug":"real-madrid-heimtrikot-2022-weiss-langarm-trikotsatz-mit-aufdruck-carvajal-2","status":"publish","type":"product","link":"https:\/\/www.billigtrikotde.com\/sl\/real-madrid-heimtrikot-2022-weiss-langarm-trikotsatz-mit-aufdruck-carvajal-2\/","title":{"rendered":"Real Madrid Doma\u010da majica 2022 bela z dolgimi rokavi s potiskom Carvajal 2"},"content":{"rendered":"<p>Podpirajte svojo najljub\u0161o ekipo v novem mo\u0161kem doma\u010dem dresu ekipe \"Royals\". Na voljo je v svetlo beli barvi, krasijo ga podrobnosti blagovne znamke a-didas in napisi sponzorjev, na sr\u010dni strani pa ima ponosni klubski grb v pristnih barvah ekipe.<\/p>\n<p>Uradna majica je izdelana iz visoko funkcionalnega materiala AEROREADY in zagotavlja tudi odli\u010dno upravljanje toplote in vlage. Na ko\u017ei je mehek in lahek ter se izjemno hitro su\u0161i, da zagotavlja optimalno udobje v vsakem trenutku. Dihajo\u010de cone zagotavljajo tudi optimalno zra\u010denje. Replika je tudi nekoliko \u0161ir\u0161ega kroja kot originalni igralski dres, tako reko\u010d streetwear razli\u010dica, zato vam ponuja najve\u010djo svobodo gibanja tako pri navijanju za navija\u010de kot tudi na lastnem treningu. Reciklirani poliester 100% ni le trpe\u017een in vzdr\u017eljiv, temve\u010d tudi zelo trajnosten!<\/p>\n<p>Zato ne \u010dakajte in si ga zagotovite zdaj! \u017de danes si zagotovite priljubljeni mo\u0161ki doma\u010di dres a-didas Real Madrid 2021\/22 v svetlo beli barvi! Z njim ne boste pustili nobenega dvoma o svoji zvestobi in boste z vsem srcem podpirali svojo ekipo!<\/p>\n<p>Nasveti za tiskanje: \u010ce sta ime in \u0161tevilka na sliki to\u010dno tak\u0161na, kot ju \u017eelite, ju ni treba ponovno vnesti. \u010ce ni tako, vnesite \u017eeleno ime in \u0161tevilko.<\/p>\n<p>Nasveti za pranje: Priporo\u010dljivo je, da nogometne majice perete ro\u010dno. \u010ce \u017eelite uporabiti pralni stroj, ne pozabite nogometne majice obrniti narobe in jih nato oprati. Stroj napolnite s hladno vodo in uporabite ob\u010dutljiv cikel, da bolje za\u0161\u010ditite barve.<\/p>","protected":false},"excerpt":{"rendered":"<p>V novem mo\u0161kem doma\u010dem dresu \u201eKraljevskih\u201c podpira\u0161 svojo najljub\u0161o ekipo v celoti. Predstavlja se v sijo\u010di beli barvi in je okra\u0161en z blagovno znamko a-didas, kot tudi z napisom sponzorja, na prsni strani pa nosi ponosno grb kluba v avtenti\u010dnih barvah ekipe. Izdelan iz visoko funkcionalnega materiala AEROREADY, ti uradni dres ponuja tudi odli\u010dno [\u2026]<\/p>","protected":false},"featured_media":1006,"comment_status":"open","ping_status":"closed","template":"","meta":[],"product_brand":[],"product_cat":[45],"product_tag":[20,38,21,24,47],"class_list":{"0":"post-962","1":"product","2":"type-product","3":"status-publish","4":"has-post-thumbnail","6":"product_cat-real-madrid","7":"product_tag-coole-fussballtrikots","8":"product_tag-fussball-trikot-langarm","9":"product_tag-fussballtrikot-fuer-herren","10":"product_tag-guenstiges-fussballtrikot","11":"product_tag-real-madrid-trikots","13":"first","14":"instock","15":"shipping-taxable","16":"purchasable","17":"product-type-variable"},"_links":{"self":[{"href":"https:\/\/www.billigtrikotde.com\/sl\/wp-json\/wp\/v2\/product\/962","targetHints":{"allow":["GET"]}}],"collection":[{"href":"https:\/\/www.billigtrikotde.com\/sl\/wp-json\/wp\/v2\/product"}],"about":[{"href":"https:\/\/www.billigtrikotde.com\/sl\/wp-json\/wp\/v2\/types\/product"}],"replies":[{"embeddable":true,"href":"https:\/\/www.billigtrikotde.com\/sl\/wp-json\/wp\/v2\/comments?post=962"}],"wp:featuredmedia":[{"embeddable":true,"href":"https:\/\/www.billigtrikotde.com\/sl\/wp-json\/wp\/v2\/media\/1006"}],"wp:attachment":[{"href":"https:\/\/www.billigtrikotde.com\/sl\/wp-json\/wp\/v2\/media?parent=962"}],"wp:term":[{"taxonomy":"product_brand","embeddable":true,"href":"https:\/\/www.billigtrikotde.com\/sl\/wp-json\/wp\/v2\/product_brand?post=962"},{"taxonomy":"product_cat","embeddable":true,"href":"https:\/\/www.billigtrikotde.com\/sl\/wp-json\/wp\/v2\/product_cat?post=962"},{"taxonomy":"product_tag","embeddable":true,"href":"https:\/\/www.billigtrikotde.com\/sl\/wp-json\/wp\/v2\/product_tag?post=962"}],"curies":[{"name":"wp","href":"https:\/\/api.w.org\/{rel}","templated":true}]}}