{"id":9601,"date":"2024-10-24T02:35:35","date_gmt":"2024-10-24T00:35:35","guid":{"rendered":"http:\/\/billigtrikots.com\/?post_type=product&#038;p=9601"},"modified":"2024-10-24T02:37:47","modified_gmt":"2024-10-24T00:37:47","slug":"2022-uefa-european-womens-football-championship-england-heimtrikot-euro-damen-kane-9","status":"publish","type":"product","link":"https:\/\/www.billigtrikotde.com\/sl\/2022-uefa-european-womens-football-championship-england-heimtrikot-euro-damen-kane-9\/","title":{"rendered":"2022 UEFA Evropsko prvenstvo \u017densko nogometno prvenstvo England doma\u010da majica EURO \u017eenske KANE 9"},"content":{"rendered":"<p>Ekskluzivno zasnovano za Lionesses, kompleti Nike England 2022 UEFA evropskega \u017eenskega nogometnega prvenstva imajo iridescentne logotipe. Barve vsakega kompleta so precej drzne za reprezentanco Anglije.<\/p>\n<p>Doma\u010da nogometna majica Nike England Women\u2019s Euro 2022 zdru\u017euje belo osnovo z o\u010darljivimi iridescentnimi logotipi \u2013 \u010de se ne motimo, bo to prvi\u010d, da ima reprezentanca Anglije iridescentne logotipe.<\/p>","protected":false},"excerpt":{"rendered":"<p>Ekskluzivno zasnovane za Lionesses, kompleti Nike England 2022 UEFA evropskega \u017eenskega nogometnega prvenstva imajo iridescentne logotipe. Barve vsakega kompleta so precej drzne za reprezentanco Anglije. Doma\u010da nogometna majica Nike England Women\u2019s Euro 2022 zdru\u017euje belo osnovo z o\u010darljivimi iridescentnimi logotipi \u2013 \u010de se ne motimo, bo to [\u2026]<\/p>","protected":false},"featured_media":9641,"comment_status":"open","ping_status":"closed","template":"","meta":[],"product_brand":[],"product_cat":[115],"product_tag":[20,116,218,21,22,23,24],"class_list":{"0":"post-9601","1":"product","2":"type-product","3":"status-publish","4":"has-post-thumbnail","6":"product_cat-england-trikots","7":"product_tag-coole-fussballtrikots","8":"product_tag-england-heimtrikot","9":"product_tag-england-heimtrikot-euro-2022-damen","10":"product_tag-fussballtrikot-fuer-herren","11":"product_tag-fussballtrikot-guenstig-kaufen","12":"product_tag-fussballtrikot-kurzarm","13":"product_tag-guenstiges-fussballtrikot","15":"first","16":"instock","17":"shipping-taxable","18":"purchasable","19":"product-type-variable"},"_links":{"self":[{"href":"https:\/\/www.billigtrikotde.com\/sl\/wp-json\/wp\/v2\/product\/9601","targetHints":{"allow":["GET"]}}],"collection":[{"href":"https:\/\/www.billigtrikotde.com\/sl\/wp-json\/wp\/v2\/product"}],"about":[{"href":"https:\/\/www.billigtrikotde.com\/sl\/wp-json\/wp\/v2\/types\/product"}],"replies":[{"embeddable":true,"href":"https:\/\/www.billigtrikotde.com\/sl\/wp-json\/wp\/v2\/comments?post=9601"}],"wp:featuredmedia":[{"embeddable":true,"href":"https:\/\/www.billigtrikotde.com\/sl\/wp-json\/wp\/v2\/media\/9641"}],"wp:attachment":[{"href":"https:\/\/www.billigtrikotde.com\/sl\/wp-json\/wp\/v2\/media?parent=9601"}],"wp:term":[{"taxonomy":"product_brand","embeddable":true,"href":"https:\/\/www.billigtrikotde.com\/sl\/wp-json\/wp\/v2\/product_brand?post=9601"},{"taxonomy":"product_cat","embeddable":true,"href":"https:\/\/www.billigtrikotde.com\/sl\/wp-json\/wp\/v2\/product_cat?post=9601"},{"taxonomy":"product_tag","embeddable":true,"href":"https:\/\/www.billigtrikotde.com\/sl\/wp-json\/wp\/v2\/product_tag?post=9601"}],"curies":[{"name":"wp","href":"https:\/\/api.w.org\/{rel}","templated":true}]}}