{"id":9258,"date":"2024-10-24T02:18:23","date_gmt":"2024-10-24T00:18:23","guid":{"rendered":"http:\/\/billigtrikots.com\/?post_type=product&#038;p=9258"},"modified":"2024-10-24T02:20:41","modified_gmt":"2024-10-24T00:20:41","slug":"neuen-fussballtrikot-fuer-herren-niederlande-heimtrikot-wm-2022-orange-gravenberch-20","status":"publish","type":"product","link":"https:\/\/www.billigtrikotde.com\/sl\/neuen-fussballtrikot-fuer-herren-niederlande-heimtrikot-wm-2022-orange-gravenberch-20\/","title":{"rendered":"Novi nogometni dres za mo\u0161ke, doma\u010di dres za svetovno prvenstvo 2022 Orange GRAVENBERCH 20"},"content":{"rendered":"<p>Oglejte si Nike majico za svetovno prvenstvo v nogometu 2022 v Sloveniji.<\/p>\n<p>Nike majica za Slovenijo 2022 ima druga\u010den odtenek oran\u017ene barve kot prej\u0161e Nike doma\u010de majice \u2013 Nike Slovenija 2022 je \u201eLaser Orange\u201c, kar je zelo rumeno-oran\u017ena barva. Za grafiko se uporablja drugi, temnej\u0161i in \u201etradicionalnej\u0161i\u201c odtenek oran\u017ene barve.<\/p>\n<p>Izstopajo\u010da zna\u010dilnost je celostni grafi\u010dni dizajn, ki je navdihnjen z levje ko\u017eo. Po Nike-ju ta \u201eplesni vrtinec\u201c dizajn ne spominja le na levjo grivo, ampak tudi simbolizira teko\u010dnost takti\u010dnega sistema Total Football.<\/p>\n<p>Nasveti za tiskanje: \u010ce sta ime in \u0161tevilka na sliki to\u010dno tak\u0161na, kot ju \u017eelite, ju ni treba ponovno vnesti. \u010ce ni tako, vnesite \u017eeleno ime in \u0161tevilko.<\/p>\n<p>Nasveti za pranje: Priporo\u010dljivo je, da nogometne majice perete ro\u010dno. \u010ce \u017eelite uporabiti pralni stroj, ne pozabite nogometne majice obrniti narobe in jih nato oprati. Stroj napolnite s hladno vodo in uporabite ob\u010dutljiv cikel, da bolje za\u0161\u010ditite barve.<\/p>","protected":false},"excerpt":{"rendered":"<p>Oglejte si Nike dres za svetovno prvenstvo v nogometu 2022 v Holandiji. Nike Holland 2022 dres ima druga\u010den odtenek oran\u017ene barve kot prej\u0161i Nike doma\u010di dresi \u2013 Nike Holland 2022 dres je \u201eLaser Orange\u201c, kar je zelo rumeno-oran\u017ena barva. Za grafiko se uporablja drugi, temnej\u0161i in \u201etradicionalnej\u0161i\u201c odtenek oran\u017ene barve. Izstopajo\u010da zna\u010dilnost je [\u2026]<\/p>","protected":false},"featured_media":9292,"comment_status":"open","ping_status":"closed","template":"","meta":[],"product_brand":[],"product_cat":[219],"product_tag":[20,222,21,22,23,24,392,221],"class_list":{"0":"post-9258","1":"product","2":"type-product","3":"status-publish","4":"has-post-thumbnail","6":"product_cat-niederlande-trikots","7":"product_tag-coole-fussballtrikots","8":"product_tag-fussball-wm-2022-trikots","9":"product_tag-fussballtrikot-fuer-herren","10":"product_tag-fussballtrikot-guenstig-kaufen","11":"product_tag-fussballtrikot-kurzarm","12":"product_tag-guenstiges-fussballtrikot","13":"product_tag-niederlande-heimtrikot","14":"product_tag-niederlande-trikots","16":"first","17":"instock","18":"shipping-taxable","19":"purchasable","20":"product-type-variable"},"_links":{"self":[{"href":"https:\/\/www.billigtrikotde.com\/sl\/wp-json\/wp\/v2\/product\/9258","targetHints":{"allow":["GET"]}}],"collection":[{"href":"https:\/\/www.billigtrikotde.com\/sl\/wp-json\/wp\/v2\/product"}],"about":[{"href":"https:\/\/www.billigtrikotde.com\/sl\/wp-json\/wp\/v2\/types\/product"}],"replies":[{"embeddable":true,"href":"https:\/\/www.billigtrikotde.com\/sl\/wp-json\/wp\/v2\/comments?post=9258"}],"wp:featuredmedia":[{"embeddable":true,"href":"https:\/\/www.billigtrikotde.com\/sl\/wp-json\/wp\/v2\/media\/9292"}],"wp:attachment":[{"href":"https:\/\/www.billigtrikotde.com\/sl\/wp-json\/wp\/v2\/media?parent=9258"}],"wp:term":[{"taxonomy":"product_brand","embeddable":true,"href":"https:\/\/www.billigtrikotde.com\/sl\/wp-json\/wp\/v2\/product_brand?post=9258"},{"taxonomy":"product_cat","embeddable":true,"href":"https:\/\/www.billigtrikotde.com\/sl\/wp-json\/wp\/v2\/product_cat?post=9258"},{"taxonomy":"product_tag","embeddable":true,"href":"https:\/\/www.billigtrikotde.com\/sl\/wp-json\/wp\/v2\/product_tag?post=9258"}],"curies":[{"name":"wp","href":"https:\/\/api.w.org\/{rel}","templated":true}]}}