{"id":9132,"date":"2024-10-24T02:11:52","date_gmt":"2024-10-24T00:11:52","guid":{"rendered":"http:\/\/billigtrikots.com\/?post_type=product&#038;p=9132"},"modified":"2024-10-24T02:14:07","modified_gmt":"2024-10-24T00:14:07","slug":"herren-niederlande-auswaertstrikot-blau-fussball-wm-2022-trikotsatz-kit-brobbey-10","status":"publish","type":"product","link":"https:\/\/www.billigtrikotde.com\/sl\/herren-niederlande-auswaertstrikot-blau-fussball-wm-2022-trikotsatz-kit-brobbey-10\/","title":{"rendered":"Mo\u0161ka reprezentanca Nizozemske zunanji dres modri nogomet svetovno prvenstvo 2022 komplet dresov BROBBEY 10"},"content":{"rendered":"<p>Nike je za \u0161tevilne drese svetovnega prvenstva v nogometu 2022 razvil prilagojene pisave. Danes bomo podrobneje pogledali na pisavo doma\u010dih in gostujo\u010dih dresov Nizozemske za SP 2022.<br \/>\nNov pokal FIFA World Cup 2022 Nizozemske ima edinstven dizajn, zlasti pri \u0161tevilkah. Ta je morda navdihnjen srezkanimi kovinskimi tipkami Zlatega obdobja Nizozemske.<\/p>\n<p>Pisava novega doma\u010dega dresa Nizozemske za SP 2022 je \u010drna, medtem ko je pisava gostujo\u010dega dresa izrazito rde\u010da.<\/p>\n<p>Nasveti za tiskanje: \u010ce sta ime in \u0161tevilka na sliki to\u010dno tak\u0161na, kot ju \u017eelite, ju ni treba ponovno vnesti. \u010ce ni tako, vnesite \u017eeleno ime in \u0161tevilko.<\/p>\n<p>Nasveti za pranje: Priporo\u010dljivo je, da nogometne majice perete ro\u010dno. \u010ce \u017eelite uporabiti pralni stroj, ne pozabite nogometne majice obrniti narobe in jih nato oprati. Stroj napolnite s hladno vodo in uporabite ob\u010dutljiv cikel, da bolje za\u0161\u010ditite barve.<\/p>","protected":false},"excerpt":{"rendered":"<p>Nike je za \u0161tevilne dresove svetovnega prvenstva 2022 razvil prilagojene pisave. Danes si bomo podrobneje ogledali pisavo doma\u010dih in gostujo\u010dih dresov Nizozemske za svetovno prvenstvo 2022. Nov pokal svetovnega prvenstva FIFA 2022 Nizozemske ima edinstven dizajn, zlasti pri \u0161tevilkah. Ta je morda navdihnjen s klesanimi kovinskimi tipi zlatega [...]<\/p>","protected":false},"featured_media":9171,"comment_status":"open","ping_status":"closed","template":"","meta":[],"product_brand":[],"product_cat":[219],"product_tag":[20,393,21,22,23,24,394,355,221],"class_list":{"0":"post-9132","1":"product","2":"type-product","3":"status-publish","4":"has-post-thumbnail","6":"product_cat-niederlande-trikots","7":"product_tag-coole-fussballtrikots","8":"product_tag-fussball-weltmeisterschaft-2022","9":"product_tag-fussballtrikot-fuer-herren","10":"product_tag-fussballtrikot-guenstig-kaufen","11":"product_tag-fussballtrikot-kurzarm","12":"product_tag-guenstiges-fussballtrikot","13":"product_tag-niederlande-2022-world-cup-trikotschrift","14":"product_tag-niederlande-auswaertstrikot","15":"product_tag-niederlande-trikots","17":"first","18":"instock","19":"shipping-taxable","20":"purchasable","21":"product-type-variable"},"_links":{"self":[{"href":"https:\/\/www.billigtrikotde.com\/sl\/wp-json\/wp\/v2\/product\/9132","targetHints":{"allow":["GET"]}}],"collection":[{"href":"https:\/\/www.billigtrikotde.com\/sl\/wp-json\/wp\/v2\/product"}],"about":[{"href":"https:\/\/www.billigtrikotde.com\/sl\/wp-json\/wp\/v2\/types\/product"}],"replies":[{"embeddable":true,"href":"https:\/\/www.billigtrikotde.com\/sl\/wp-json\/wp\/v2\/comments?post=9132"}],"wp:featuredmedia":[{"embeddable":true,"href":"https:\/\/www.billigtrikotde.com\/sl\/wp-json\/wp\/v2\/media\/9171"}],"wp:attachment":[{"href":"https:\/\/www.billigtrikotde.com\/sl\/wp-json\/wp\/v2\/media?parent=9132"}],"wp:term":[{"taxonomy":"product_brand","embeddable":true,"href":"https:\/\/www.billigtrikotde.com\/sl\/wp-json\/wp\/v2\/product_brand?post=9132"},{"taxonomy":"product_cat","embeddable":true,"href":"https:\/\/www.billigtrikotde.com\/sl\/wp-json\/wp\/v2\/product_cat?post=9132"},{"taxonomy":"product_tag","embeddable":true,"href":"https:\/\/www.billigtrikotde.com\/sl\/wp-json\/wp\/v2\/product_tag?post=9132"}],"curies":[{"name":"wp","href":"https:\/\/api.w.org\/{rel}","templated":true}]}}