{"id":8985,"date":"2024-10-24T02:04:17","date_gmt":"2024-10-24T00:04:17","guid":{"rendered":"http:\/\/billigtrikots.com\/?post_type=product&#038;p=8985"},"modified":"2024-10-24T02:06:59","modified_gmt":"2024-10-24T00:06:59","slug":"herren-manchester-united-auswaertstrikot-2022-23-trikotsatz-online-bestellen-james-21","status":"publish","type":"product","link":"https:\/\/www.billigtrikotde.com\/sl\/herren-manchester-united-auswaertstrikot-2022-23-trikotsatz-online-bestellen-james-21\/","title":{"rendered":"Mo\u0161ki Manchester United komplet 2022-23 naro\u010dite dres na spletu JAMES 21"},"content":{"rendered":"<p>Adidas Manchester United FC 2022-2023 gostinska majica zdru\u017euje glavno barvo belo z rde\u010dimi in \u010drnimi aplikacijami. Za tri \u010drte se je Adidas odlo\u010dil za \u010de\u0161njevo rde\u010do barvo, medtem ko so logotipi Adidas in TeamViewer \u010drni.<\/p>\n<p>Natan\u010dno tako kot majica Manchester United 22-23 ima tudi gostinska majica Man Utd 22-23 grb s \u0161\u010ditom.<\/p>\n<p>Zna\u010dilni element majice Manchester United 22-23 je belo-rde\u010di trikotni vzorec na \u010drnem ovratniku in robovih rokavov. Poleg tega je na sprednji strani zelo diskreten heliksni vzorec.<\/p>\n<p>Nasveti za tiskanje: \u010ce sta ime in \u0161tevilka na sliki to\u010dno tak\u0161na, kot ju \u017eelite, ju ni treba ponovno vnesti. \u010ce ni tako, vnesite \u017eeleno ime in \u0161tevilko.<\/p>\n<p>Nasveti za pranje: Priporo\u010dljivo je, da nogometne majice perete ro\u010dno. \u010ce \u017eelite uporabiti pralni stroj, ne pozabite nogometne majice obrniti narobe in jih nato oprati. Stroj napolnite s hladno vodo in uporabite ob\u010dutljiv cikel, da bolje za\u0161\u010ditite barve.<\/p>","protected":false},"excerpt":{"rendered":"<p>Adidas Manchester United FC 2022-2023 dres v gosteh zdru\u017euje glavno barvo belo z rde\u010dimi in \u010drnimi aplikacijami. Za tri bore je Adidas izbral \u010de\u0161njevo rde\u010do odtenek, medtem ko so logotipi Adidas in TeamViewer \u010drni. Tako kot dres Manchester United 22-23 ima tudi dres Man Utd 22-23 v gosteh grb z emblom. [\u2026]<\/p>","protected":false},"featured_media":9028,"comment_status":"open","ping_status":"closed","template":"","meta":[],"product_brand":[],"product_cat":[50],"product_tag":[20,21,22,23,24,217,223,52],"class_list":{"0":"post-8985","1":"product","2":"type-product","3":"status-publish","4":"has-post-thumbnail","6":"product_cat-manchester-united","7":"product_tag-coole-fussballtrikots","8":"product_tag-fussballtrikot-fuer-herren","9":"product_tag-fussballtrikot-guenstig-kaufen","10":"product_tag-fussballtrikot-kurzarm","11":"product_tag-guenstiges-fussballtrikot","12":"product_tag-manchester-united-trikot-bestellen","13":"product_tag-manchester-united-trikot-shop","14":"product_tag-manchester-united-trikots","16":"first","17":"instock","18":"shipping-taxable","19":"purchasable","20":"product-type-variable"},"_links":{"self":[{"href":"https:\/\/www.billigtrikotde.com\/sl\/wp-json\/wp\/v2\/product\/8985","targetHints":{"allow":["GET"]}}],"collection":[{"href":"https:\/\/www.billigtrikotde.com\/sl\/wp-json\/wp\/v2\/product"}],"about":[{"href":"https:\/\/www.billigtrikotde.com\/sl\/wp-json\/wp\/v2\/types\/product"}],"replies":[{"embeddable":true,"href":"https:\/\/www.billigtrikotde.com\/sl\/wp-json\/wp\/v2\/comments?post=8985"}],"wp:featuredmedia":[{"embeddable":true,"href":"https:\/\/www.billigtrikotde.com\/sl\/wp-json\/wp\/v2\/media\/9028"}],"wp:attachment":[{"href":"https:\/\/www.billigtrikotde.com\/sl\/wp-json\/wp\/v2\/media?parent=8985"}],"wp:term":[{"taxonomy":"product_brand","embeddable":true,"href":"https:\/\/www.billigtrikotde.com\/sl\/wp-json\/wp\/v2\/product_brand?post=8985"},{"taxonomy":"product_cat","embeddable":true,"href":"https:\/\/www.billigtrikotde.com\/sl\/wp-json\/wp\/v2\/product_cat?post=8985"},{"taxonomy":"product_tag","embeddable":true,"href":"https:\/\/www.billigtrikotde.com\/sl\/wp-json\/wp\/v2\/product_tag?post=8985"}],"curies":[{"name":"wp","href":"https:\/\/api.w.org\/{rel}","templated":true}]}}