{"id":8958,"date":"2024-10-24T02:02:44","date_gmt":"2024-10-24T00:02:44","guid":{"rendered":"http:\/\/billigtrikots.com\/?post_type=product&#038;p=8958"},"modified":"2024-10-24T02:05:16","modified_gmt":"2024-10-24T00:05:16","slug":"italien-trikots-fuer-kinder-zum-fussballspielen-2022-23-in-blaue-chiellini-3","status":"publish","type":"product","link":"https:\/\/www.billigtrikotde.com\/sl\/italien-trikots-fuer-kinder-zum-fussballspielen-2022-23-in-blaue-chiellini-3\/","title":{"rendered":"Italija dresi za otroke za igranje nogometa 2022-23 v modri barvi CHIELLINI 3"},"content":{"rendered":"<p>Klasika Azzurri. Doma\u010da majica Italije 2022 slavi tradicijo modrih dresov in sijajnega nogometa. Z zlatimi poudarki, retro pisavami in nagovori na zmage iz let 1934, 1938, 1982 in 2006 je sprednja stran dresa razdeljena na tonirane kvadrante, da bi po\u010dastili \u0161tiri generacije svetovnih prvakov.<\/p>\n<p>Nasveti za tiskanje: \u010ce sta ime in \u0161tevilka na sliki to\u010dno tak\u0161na, kot ju \u017eelite, ju ni treba ponovno vnesti. \u010ce ni tako, vnesite \u017eeleno ime in \u0161tevilko.<\/p>\n<p>Nasveti za pranje: Priporo\u010dljivo je, da nogometne majice perete ro\u010dno. \u010ce \u017eelite uporabiti pralni stroj, ne pozabite nogometne majice obrniti narobe in jih nato oprati. Stroj napolnite s hladno vodo in uporabite ob\u010dutljiv cikel, da bolje za\u0161\u010ditite barve.<\/p>","protected":false},"excerpt":{"rendered":"<p>Klassische Azzurri. Das Heimtrikot von Italien 2022 feiert die Tradition blauer Trikots und brillanten Fu\u00dfballs. Mit goldenen Akzenten, Retro-Schriften und Verweisen auf die Triumphe von 1934, 1938, 1982 und 2006 ist die Vorderseite des Trikots in tonale Quadranten unterteilt, um die vier Generationen von Weltmeistern zu ehren. Tipps zum Drucken: Wenn der Name und die [\u2026]<\/p>","protected":false},"featured_media":8998,"comment_status":"open","ping_status":"closed","template":"","meta":[],"product_brand":[],"product_cat":[316],"product_tag":[20,21,22,23,24,317,318,390],"class_list":{"0":"post-8958","1":"product","2":"type-product","3":"status-publish","4":"has-post-thumbnail","6":"product_cat-italien-trikots","7":"product_tag-coole-fussballtrikots","8":"product_tag-fussballtrikot-fuer-herren","9":"product_tag-fussballtrikot-guenstig-kaufen","10":"product_tag-fussballtrikot-kurzarm","11":"product_tag-guenstiges-fussballtrikot","12":"product_tag-italien-heimtrikot","13":"product_tag-italien-trikots","14":"product_tag-kinder-italien-trikots","16":"first","17":"instock","18":"shipping-taxable","19":"purchasable","20":"product-type-variable"},"_links":{"self":[{"href":"https:\/\/www.billigtrikotde.com\/sl\/wp-json\/wp\/v2\/product\/8958","targetHints":{"allow":["GET"]}}],"collection":[{"href":"https:\/\/www.billigtrikotde.com\/sl\/wp-json\/wp\/v2\/product"}],"about":[{"href":"https:\/\/www.billigtrikotde.com\/sl\/wp-json\/wp\/v2\/types\/product"}],"replies":[{"embeddable":true,"href":"https:\/\/www.billigtrikotde.com\/sl\/wp-json\/wp\/v2\/comments?post=8958"}],"wp:featuredmedia":[{"embeddable":true,"href":"https:\/\/www.billigtrikotde.com\/sl\/wp-json\/wp\/v2\/media\/8998"}],"wp:attachment":[{"href":"https:\/\/www.billigtrikotde.com\/sl\/wp-json\/wp\/v2\/media?parent=8958"}],"wp:term":[{"taxonomy":"product_brand","embeddable":true,"href":"https:\/\/www.billigtrikotde.com\/sl\/wp-json\/wp\/v2\/product_brand?post=8958"},{"taxonomy":"product_cat","embeddable":true,"href":"https:\/\/www.billigtrikotde.com\/sl\/wp-json\/wp\/v2\/product_cat?post=8958"},{"taxonomy":"product_tag","embeddable":true,"href":"https:\/\/www.billigtrikotde.com\/sl\/wp-json\/wp\/v2\/product_tag?post=8958"}],"curies":[{"name":"wp","href":"https:\/\/api.w.org\/{rel}","templated":true}]}}