{"id":8932,"date":"2024-10-24T02:01:29","date_gmt":"2024-10-24T00:01:29","guid":{"rendered":"http:\/\/billigtrikots.com\/?post_type=product&#038;p=8932"},"modified":"2025-10-16T16:03:43","modified_gmt":"2025-10-16T14:03:43","slug":"kroos-8-real-madrid-auswaertstrikot-2022-23-trikot-away-lila-fuer-kinder","status":"publish","type":"product","link":"https:\/\/www.billigtrikotde.com\/sl\/kroos-8-real-madrid-auswaertstrikot-2022-23-trikot-away-lila-fuer-kinder\/","title":{"rendered":"KROOS 8 Real Madrid Away Jersey 2022\/23 Away Purple za otroke"},"content":{"rendered":"<p>Lahek model v vijoli\u010dni barvi ti pomaga, da najbolje podpira\u0161 svojo ekipo na naslednji tekmi. adidas ima v svoji ponudbi zelo odli\u010den izdelek \u2013 dres. Te\u017eko je dobiti ve\u010d podpore! S tem gostujo\u010dim dresom Real Madrid raz\u0161irja\u0161 svojo zbirko navija\u0161kih predmetov za izdelek, ki ga nosijo igralci v Primera Division. Odsevni, udoben, lahek in zra\u010den model navdu\u0161uje na vseh ravneh. Ta dres je popoln spremljevalec za tvoje \u0161portne aktivnosti. Vizualno izstopa z grbom kluba na prsih.<\/p>\n<p>Nasveti za tiskanje: \u010ce sta ime in \u0161tevilka na sliki to\u010dno tak\u0161na, kot ju \u017eelite, ju ni treba ponovno vnesti. \u010ce ni tako, vnesite \u017eeleno ime in \u0161tevilko.<\/p>\n<p>Nasveti za pranje: Priporo\u010dljivo je, da nogometne majice perete ro\u010dno. \u010ce \u017eelite uporabiti pralni stroj, ne pozabite nogometne majice obrniti narobe in jih nato oprati. Stroj napolnite s hladno vodo in uporabite ob\u010dutljiv cikel, da bolje za\u0161\u010ditite barve.<\/p>","protected":false},"excerpt":{"rendered":"<p>Das leichte Modell in Lila hilft dir, dein Team beim n\u00e4chsten Spiel bestens zu unterst\u00fctzen. adidas hat mit dem Trikot ein sehr hervorragendes Produkt im Sortiment. Mehr Unterst\u00fctzung geht kaum! Mit diesem Real Madrid-Ausw\u00e4rts-Trikot erweiterst du deine Fan-Kollektion um einen Artikel, wie ihn die Spieler in der Primera Division tragen. Das schwei\u00dfableitende, bequeme, leichte und [&hellip;]<\/p>","protected":false},"featured_media":8971,"comment_status":"open","ping_status":"closed","template":"","meta":[],"product_brand":[],"product_cat":[165],"product_tag":[20,35,21,22,23,24,94,49,47,166],"class_list":{"0":"post-8932","1":"product","2":"type-product","3":"status-publish","4":"has-post-thumbnail","6":"product_cat-real-madrid-kindertrikot","7":"product_tag-coole-fussballtrikots","8":"product_tag-fussball-torwarttrikots","9":"product_tag-fussballtrikot-fuer-herren","10":"product_tag-fussballtrikot-guenstig-kaufen","11":"product_tag-fussballtrikot-kurzarm","12":"product_tag-guenstiges-fussballtrikot","13":"product_tag-kinder-fussball-trikotsatz","14":"product_tag-real-madrid-auswaertstrikot","15":"product_tag-real-madrid-trikots","16":"product_tag-real-madrid-trikotsatz-fuer-kinder","18":"first","19":"instock","20":"shipping-taxable","21":"purchasable","22":"product-type-variable"},"_links":{"self":[{"href":"https:\/\/www.billigtrikotde.com\/sl\/wp-json\/wp\/v2\/product\/8932","targetHints":{"allow":["GET"]}}],"collection":[{"href":"https:\/\/www.billigtrikotde.com\/sl\/wp-json\/wp\/v2\/product"}],"about":[{"href":"https:\/\/www.billigtrikotde.com\/sl\/wp-json\/wp\/v2\/types\/product"}],"replies":[{"embeddable":true,"href":"https:\/\/www.billigtrikotde.com\/sl\/wp-json\/wp\/v2\/comments?post=8932"}],"wp:featuredmedia":[{"embeddable":true,"href":"https:\/\/www.billigtrikotde.com\/sl\/wp-json\/wp\/v2\/media\/8971"}],"wp:attachment":[{"href":"https:\/\/www.billigtrikotde.com\/sl\/wp-json\/wp\/v2\/media?parent=8932"}],"wp:term":[{"taxonomy":"product_brand","embeddable":true,"href":"https:\/\/www.billigtrikotde.com\/sl\/wp-json\/wp\/v2\/product_brand?post=8932"},{"taxonomy":"product_cat","embeddable":true,"href":"https:\/\/www.billigtrikotde.com\/sl\/wp-json\/wp\/v2\/product_cat?post=8932"},{"taxonomy":"product_tag","embeddable":true,"href":"https:\/\/www.billigtrikotde.com\/sl\/wp-json\/wp\/v2\/product_tag?post=8932"}],"curies":[{"name":"wp","href":"https:\/\/api.w.org\/{rel}","templated":true}]}}