{"id":8900,"date":"2024-10-24T01:59:48","date_gmt":"2024-10-23T23:59:48","guid":{"rendered":"http:\/\/billigtrikots.com\/?post_type=product&#038;p=8900"},"modified":"2024-10-24T02:01:58","modified_gmt":"2024-10-24T00:01:58","slug":"belgien-wm-2022-heimtrikot-rot-schwarz-kurzarm-kurze-hosen-castagne-21","status":"publish","type":"product","link":"https:\/\/www.billigtrikotde.com\/sl\/belgien-wm-2022-heimtrikot-rot-schwarz-kurzarm-kurze-hosen-castagne-21\/","title":{"rendered":"Belgija SP 2022 doma\u010da majica rde\u010da \u010drna kratek rokav + kratke hla\u010de CASTAGNE 21"},"content":{"rendered":"<p>Ta ekipa obljublja, da bo na najve\u010djem turnirju na svetu pripravila pravi nogometni ognjemet. Doma\u010di dres Belgije je navdihnjen z vzdevkom reprezentance in ima na \u010drnih rokavih rde\u010de in rumene plamene. Navija\u0161ka razli\u010dica je opremljena z vlo\u017eki AEROREADY, ki absorbirajo vlago, in mre\u017eastimi vlo\u017eki za prijetno suh ob\u010dutek. Poleg tega logotip s tremi \u010drtami in tkani logotip belgijske nogometne zveze iz\u017earevata sodobno vzdu\u0161je.<\/p>\n<p>Nasveti za tiskanje: \u010ce sta ime in \u0161tevilka na sliki to\u010dno tak\u0161na, kot ju \u017eelite, ju ni treba ponovno vnesti. \u010ce ni tako, vnesite \u017eeleno ime in \u0161tevilko.<\/p>\n<p>Nasveti za pranje: Priporo\u010dljivo je, da nogometne majice perete ro\u010dno. \u010ce \u017eelite uporabiti pralni stroj, ne pozabite nogometne majice obrniti narobe in jih nato oprati. Stroj napolnite s hladno vodo in uporabite ob\u010dutljiv cikel, da bolje za\u0161\u010ditite barve.<\/p>","protected":false},"excerpt":{"rendered":"<p>Ta ekipa obljublja, da bo na najve\u010djem turnirju na svetu pripravila pravi nogometni ognjemet. Doma\u010di dres Belgije je navdihnjen z vzdevkom reprezentance in ima na \u010drnih rokavih rde\u010de in rumene plamene. Navija\u0161ka razli\u010dica je opremljena z vlo\u017eki AEROREADY, ki absorbirajo vlago, in mre\u017eastimi vlo\u017eki za prijetno suh ob\u010dutek. Poleg tega logotip s tremi \u010drtami in tkani logotip belgijske nogometne zveze iz\u017earevata sodobno vzdu\u0161je.<\/p>","protected":false},"featured_media":8938,"comment_status":"open","ping_status":"closed","template":"","meta":[],"product_brand":[],"product_cat":[173],"product_tag":[382,120,20,21,22,23,24],"class_list":{"0":"post-8900","1":"product","2":"type-product","3":"status-publish","4":"has-post-thumbnail","6":"product_cat-belgien-trikots","7":"product_tag-belgien-heimtrikot","8":"product_tag-belgien-trikots","9":"product_tag-coole-fussballtrikots","10":"product_tag-fussballtrikot-fuer-herren","11":"product_tag-fussballtrikot-guenstig-kaufen","12":"product_tag-fussballtrikot-kurzarm","13":"product_tag-guenstiges-fussballtrikot","15":"first","16":"instock","17":"shipping-taxable","18":"purchasable","19":"product-type-variable"},"_links":{"self":[{"href":"https:\/\/www.billigtrikotde.com\/sl\/wp-json\/wp\/v2\/product\/8900","targetHints":{"allow":["GET"]}}],"collection":[{"href":"https:\/\/www.billigtrikotde.com\/sl\/wp-json\/wp\/v2\/product"}],"about":[{"href":"https:\/\/www.billigtrikotde.com\/sl\/wp-json\/wp\/v2\/types\/product"}],"replies":[{"embeddable":true,"href":"https:\/\/www.billigtrikotde.com\/sl\/wp-json\/wp\/v2\/comments?post=8900"}],"wp:featuredmedia":[{"embeddable":true,"href":"https:\/\/www.billigtrikotde.com\/sl\/wp-json\/wp\/v2\/media\/8938"}],"wp:attachment":[{"href":"https:\/\/www.billigtrikotde.com\/sl\/wp-json\/wp\/v2\/media?parent=8900"}],"wp:term":[{"taxonomy":"product_brand","embeddable":true,"href":"https:\/\/www.billigtrikotde.com\/sl\/wp-json\/wp\/v2\/product_brand?post=8900"},{"taxonomy":"product_cat","embeddable":true,"href":"https:\/\/www.billigtrikotde.com\/sl\/wp-json\/wp\/v2\/product_cat?post=8900"},{"taxonomy":"product_tag","embeddable":true,"href":"https:\/\/www.billigtrikotde.com\/sl\/wp-json\/wp\/v2\/product_tag?post=8900"}],"curies":[{"name":"wp","href":"https:\/\/api.w.org\/{rel}","templated":true}]}}