{"id":8792,"date":"2024-10-24T01:54:27","date_gmt":"2024-10-23T23:54:27","guid":{"rendered":"http:\/\/billigtrikots.com\/?post_type=product&#038;p=8792"},"modified":"2024-10-24T01:56:40","modified_gmt":"2024-10-23T23:56:40","slug":"kaufe-kinder-spanien-wm-2022-heimtrikot-teampower-rot-trikotsatz-pedro-21","status":"publish","type":"product","link":"https:\/\/www.billigtrikotde.com\/sl\/kaufe-kinder-spanien-wm-2022-heimtrikot-teampower-rot-trikotsatz-pedro-21\/","title":{"rendered":"Nakup Otroci \u0160panija Svetovni pokal 2022 Home Jersey Team Power Red Kit PEDRO 21"},"content":{"rendered":"<p>Ena dr\u017eava, ena ekipa, en skupni cilj: naslednji naslov. Ta brez\u010dasni doma\u010di dres je pre\u017eet z nezamenljivim nogometnim DNK \u0160panije in je v zna\u010dilnih rde\u010dih barvah mo\u0161tva. Tkan logotip \u0160panske nogometne zveze in logotip s tremi \u010drtami na prsih dopolnjujeta zasnovo. Poleg tega tehnologija AEROREADY, ki absorbira vlago, zagotavlja udobno no\u0161enje, ko navija\u010di navijajo za najve\u010dji nogometni dogodek na svetu.<br \/>\nRaz\u0161irite svojo zbirko \u0160panija z doma\u010dim dresom, ki so ga nogometa\u0161i nosili na svetovnem prvenstvu. Priporo\u010damo ta model, ki odvaja znoj, je izjemno udoben in diha ter je prijeten na otip. Ta dres je idealen za pripravo na naslednjega nasprotnika. Vizualno izstopa z logotipom zdru\u017eenja na prsih.<\/p>\n<p>Nasveti za tiskanje: \u010ce sta ime in \u0161tevilka na sliki to\u010dno tak\u0161na, kot ju \u017eelite, ju ni treba ponovno vnesti. \u010ce ni tako, vnesite \u017eeleno ime in \u0161tevilko.<\/p>\n<p>Nasveti za pranje: Priporo\u010dljivo je, da nogometne majice perete ro\u010dno. \u010ce \u017eelite uporabiti pralni stroj, ne pozabite nogometne majice obrniti narobe in jih nato oprati. Stroj napolnite s hladno vodo in uporabite ob\u010dutljiv cikel, da bolje za\u0161\u010ditite barve.<\/p>","protected":false},"excerpt":{"rendered":"<p>Dr\u017eava, ekipa, skupni cilj: naslednji naslov. Ta brez\u010dasen doma\u010di dres je poln zna\u010dilne \u0161panske nogometne DNK in prihaja v zna\u010dilnih rde\u010dih barvah ekipe. Vezan logotip \u0161panskega nogometnega zdru\u017eenja in logotip 3-\u010drt na prsih dokon\u010data oblikovanje. Poleg tega tehnologija AEROREADY, ki absorbira vlago, zagotavlja prijeten ob\u010dutek med no\u0161enjem, ko [\u2026]<\/p>","protected":false},"featured_media":8833,"comment_status":"open","ping_status":"closed","template":"","meta":[],"product_brand":[],"product_cat":[131],"product_tag":[20,21,22,23,24,387,386],"class_list":{"0":"post-8792","1":"product","2":"type-product","3":"status-publish","4":"has-post-thumbnail","6":"product_cat-spanien-trikots","7":"product_tag-coole-fussballtrikots","8":"product_tag-fussballtrikot-fuer-herren","9":"product_tag-fussballtrikot-guenstig-kaufen","10":"product_tag-fussballtrikot-kurzarm","11":"product_tag-guenstiges-fussballtrikot","12":"product_tag-kinder-spanien-trikot","13":"product_tag-spanien-wm-2022-heimtrikot","15":"first","16":"instock","17":"shipping-taxable","18":"purchasable","19":"product-type-variable"},"_links":{"self":[{"href":"https:\/\/www.billigtrikotde.com\/sl\/wp-json\/wp\/v2\/product\/8792","targetHints":{"allow":["GET"]}}],"collection":[{"href":"https:\/\/www.billigtrikotde.com\/sl\/wp-json\/wp\/v2\/product"}],"about":[{"href":"https:\/\/www.billigtrikotde.com\/sl\/wp-json\/wp\/v2\/types\/product"}],"replies":[{"embeddable":true,"href":"https:\/\/www.billigtrikotde.com\/sl\/wp-json\/wp\/v2\/comments?post=8792"}],"wp:featuredmedia":[{"embeddable":true,"href":"https:\/\/www.billigtrikotde.com\/sl\/wp-json\/wp\/v2\/media\/8833"}],"wp:attachment":[{"href":"https:\/\/www.billigtrikotde.com\/sl\/wp-json\/wp\/v2\/media?parent=8792"}],"wp:term":[{"taxonomy":"product_brand","embeddable":true,"href":"https:\/\/www.billigtrikotde.com\/sl\/wp-json\/wp\/v2\/product_brand?post=8792"},{"taxonomy":"product_cat","embeddable":true,"href":"https:\/\/www.billigtrikotde.com\/sl\/wp-json\/wp\/v2\/product_cat?post=8792"},{"taxonomy":"product_tag","embeddable":true,"href":"https:\/\/www.billigtrikotde.com\/sl\/wp-json\/wp\/v2\/product_tag?post=8792"}],"curies":[{"name":"wp","href":"https:\/\/api.w.org\/{rel}","templated":true}]}}