{"id":8574,"date":"2024-10-24T01:43:48","date_gmt":"2024-10-23T23:43:48","guid":{"rendered":"http:\/\/billigtrikots.com\/?post_type=product&#038;p=8574"},"modified":"2024-10-24T01:46:05","modified_gmt":"2024-10-23T23:46:05","slug":"danilo-3-manchester-city-auswaertstrikot-2022-2023-schwarz-rot-kurzarm-kurze-hosen","status":"publish","type":"product","link":"https:\/\/www.billigtrikotde.com\/sl\/danilo-3-manchester-city-auswaertstrikot-2022-2023-schwarz-rot-kurzarm-kurze-hosen\/","title":{"rendered":"DANILO 3 Manchester City gostujo\u010di komplet 2022\/2023 \u010drno rde\u010da kratkimi rokavi + kratke hla\u010de"},"content":{"rendered":"<p>Mesto je uprizorilo predstavo. Ko je generacija 1969 stopila na ulice, je navdu\u0161ila s svojim neustra\u0161nim, tehni\u010dno dovr\u0161enim nogometom \u2013 in svojim pogumnim ter briljantnim novim gostujo\u010dim dresom. Vertikalne \u010drte v rde\u010di in \u010drni barvi, ki jih je zasnoval legendarni Malcolm Allison, so se izkazale za zmagovalne v finalu FA Cupa leta 1969 in finalih Liga\u0161kega pokala ter Pokala pokalnih zmagovalcev leta 1970 in si prislu\u017eile svoje mesto med absolutnimi najljub\u0161imi navija\u010di. Sezona 2022\/23 Manchester City F.C. Gostujo\u010di dres vdihuje novo energijo klasi\u010dni obliki. Prvi\u010d rde\u010de in \u010drne \u010drte te\u010dejo diagonalno \u010dez dres, navdihnjene z grbom kluba in predstavitvijo treh rek Manchestra.<\/p>\n<p>Nasveti za tiskanje: \u010ce sta ime in \u0161tevilka na sliki to\u010dno tak\u0161na, kot ju \u017eelite, ju ni treba ponovno vnesti. \u010ce ni tako, vnesite \u017eeleno ime in \u0161tevilko.<\/p>\n<p>Nasveti za pranje: Priporo\u010dljivo je, da nogometne majice perete ro\u010dno. \u010ce \u017eelite uporabiti pralni stroj, ne pozabite nogometne majice obrniti narobe in jih nato oprati. Stroj napolnite s hladno vodo in uporabite ob\u010dutljiv cikel, da bolje za\u0161\u010ditite barve.<\/p>","protected":false},"excerpt":{"rendered":"<p>Die Stadt hat eine Show abgezogen. Als die Klasse von 1969 auf die Stra\u00dfe ging, sorgte sie mit ihrem furchtlosen, technisch versierten Fu\u00dfball f\u00fcr Aufsehen \u2013 und ihrem mutigen und brillanten neuen Ausw\u00e4rtstrikot. Die vom legend\u00e4ren Malcolm Allison entworfenen vertikalen Streifen in Rot und Schwarz erwiesen sich beim FA Cup-Finale 1969 und den Endspielen des [&hellip;]<\/p>","protected":false},"featured_media":8608,"comment_status":"open","ping_status":"closed","template":"","meta":[],"product_brand":[],"product_cat":[82],"product_tag":[20,21,22,333,24,334,273,337,84],"class_list":{"0":"post-8574","1":"product","2":"type-product","3":"status-publish","4":"has-post-thumbnail","6":"product_cat-manchester-city","7":"product_tag-coole-fussballtrikots","8":"product_tag-fussballtrikot-fuer-herren","9":"product_tag-fussballtrikot-guenstig-kaufen","10":"product_tag-fussballtrikot-langaermeliges","11":"product_tag-guenstiges-fussballtrikot","12":"product_tag-manchester-city-torwarttrikot","13":"product_tag-manchester-city-trikot-22-23","14":"product_tag-manchester-city-trikot-away","15":"product_tag-manchester-city-trikots","17":"first","18":"instock","19":"shipping-taxable","20":"purchasable","21":"product-type-variable"},"_links":{"self":[{"href":"https:\/\/www.billigtrikotde.com\/sl\/wp-json\/wp\/v2\/product\/8574","targetHints":{"allow":["GET"]}}],"collection":[{"href":"https:\/\/www.billigtrikotde.com\/sl\/wp-json\/wp\/v2\/product"}],"about":[{"href":"https:\/\/www.billigtrikotde.com\/sl\/wp-json\/wp\/v2\/types\/product"}],"replies":[{"embeddable":true,"href":"https:\/\/www.billigtrikotde.com\/sl\/wp-json\/wp\/v2\/comments?post=8574"}],"wp:featuredmedia":[{"embeddable":true,"href":"https:\/\/www.billigtrikotde.com\/sl\/wp-json\/wp\/v2\/media\/8608"}],"wp:attachment":[{"href":"https:\/\/www.billigtrikotde.com\/sl\/wp-json\/wp\/v2\/media?parent=8574"}],"wp:term":[{"taxonomy":"product_brand","embeddable":true,"href":"https:\/\/www.billigtrikotde.com\/sl\/wp-json\/wp\/v2\/product_brand?post=8574"},{"taxonomy":"product_cat","embeddable":true,"href":"https:\/\/www.billigtrikotde.com\/sl\/wp-json\/wp\/v2\/product_cat?post=8574"},{"taxonomy":"product_tag","embeddable":true,"href":"https:\/\/www.billigtrikotde.com\/sl\/wp-json\/wp\/v2\/product_tag?post=8574"}],"curies":[{"name":"wp","href":"https:\/\/api.w.org\/{rel}","templated":true}]}}