{"id":856,"date":"2024-10-23T13:06:44","date_gmt":"2024-10-23T11:06:44","guid":{"rendered":"http:\/\/billigtrikots.com\/?post_type=product&#038;p=856"},"modified":"2024-10-23T13:08:44","modified_gmt":"2024-10-23T11:08:44","slug":"real-madrid-heimtrikot-2022-weiss-blau-mit-aufdruck-mbappe-7","status":"publish","type":"product","link":"https:\/\/www.billigtrikotde.com\/sl\/real-madrid-heimtrikot-2022-weiss-blau-mit-aufdruck-mbappe-7\/","title":{"rendered":"Real Madrid doma\u010da majica 2022 bela modra z napisom Mbapp\u00e9 7"},"content":{"rendered":"<p>Zmage in uspehe ekipa prikazuje na igri\u0161\u010du. Praznujejo jih na trgu Cibeles pred navdu\u0161enimi navija\u010di. Ni \u010dudno, da je ta adidas Real Madrid dres s kro\u017enim in spiralskim vzorcem navdihnjen s tega kraja in njegovih fontan. Dizajn za navija\u010de je iz mehkega materiala z tehnologijo AEROREADY za absorpcijo vlage in zagotavlja prijetno suho in udobno ob\u010dutje pri no\u0161enju.<\/p>\n<p>Nasveti za tiskanje: \u010ce sta ime in \u0161tevilka na sliki to\u010dno tak\u0161na, kot ju \u017eelite, ju ni treba ponovno vnesti. \u010ce ni tako, vnesite \u017eeleno ime in \u0161tevilko.<\/p>\n<p>Nasveti za pranje: Priporo\u010dljivo je, da nogometne majice perete ro\u010dno. \u010ce \u017eelite uporabiti pralni stroj, ne pozabite nogometne majice obrniti narobe in jih nato oprati. Stroj napolnite s hladno vodo in uporabite ob\u010dutljiv cikel, da bolje za\u0161\u010ditite barve.<\/p>","protected":false},"excerpt":{"rendered":"<p>Die Siege und Erfolge f\u00e4hrt die Mannschaft auf dem Spielfeld ein. Gefeiert werden sie auf dem Plaza de Cibeles vor den jubelnden Fans. Kein Wunder, dass dieses adidas Real Madrid Trikot mit seinem Kreis- und Spiralmuster von diesem Ort und seinen Brunnenfont\u00e4nen inspiriert ist. Das Design f\u00fcr Fans ist aus weichem Material mit feuchtigkeitsabsorbierender AEROREADY [&hellip;]<\/p>","protected":false},"featured_media":902,"comment_status":"open","ping_status":"closed","template":"","meta":[],"product_brand":[],"product_cat":[45],"product_tag":[20,21,22,23,24,46,47],"class_list":{"0":"post-856","1":"product","2":"type-product","3":"status-publish","4":"has-post-thumbnail","6":"product_cat-real-madrid","7":"product_tag-coole-fussballtrikots","8":"product_tag-fussballtrikot-fuer-herren","9":"product_tag-fussballtrikot-guenstig-kaufen","10":"product_tag-fussballtrikot-kurzarm","11":"product_tag-guenstiges-fussballtrikot","12":"product_tag-real-madrid-heimtrikot","13":"product_tag-real-madrid-trikots","15":"first","16":"instock","17":"shipping-taxable","18":"purchasable","19":"product-type-variable"},"_links":{"self":[{"href":"https:\/\/www.billigtrikotde.com\/sl\/wp-json\/wp\/v2\/product\/856","targetHints":{"allow":["GET"]}}],"collection":[{"href":"https:\/\/www.billigtrikotde.com\/sl\/wp-json\/wp\/v2\/product"}],"about":[{"href":"https:\/\/www.billigtrikotde.com\/sl\/wp-json\/wp\/v2\/types\/product"}],"replies":[{"embeddable":true,"href":"https:\/\/www.billigtrikotde.com\/sl\/wp-json\/wp\/v2\/comments?post=856"}],"wp:featuredmedia":[{"embeddable":true,"href":"https:\/\/www.billigtrikotde.com\/sl\/wp-json\/wp\/v2\/media\/902"}],"wp:attachment":[{"href":"https:\/\/www.billigtrikotde.com\/sl\/wp-json\/wp\/v2\/media?parent=856"}],"wp:term":[{"taxonomy":"product_brand","embeddable":true,"href":"https:\/\/www.billigtrikotde.com\/sl\/wp-json\/wp\/v2\/product_brand?post=856"},{"taxonomy":"product_cat","embeddable":true,"href":"https:\/\/www.billigtrikotde.com\/sl\/wp-json\/wp\/v2\/product_cat?post=856"},{"taxonomy":"product_tag","embeddable":true,"href":"https:\/\/www.billigtrikotde.com\/sl\/wp-json\/wp\/v2\/product_tag?post=856"}],"curies":[{"name":"wp","href":"https:\/\/api.w.org\/{rel}","templated":true}]}}