{"id":8528,"date":"2024-10-24T01:41:27","date_gmt":"2024-10-23T23:41:27","guid":{"rendered":"http:\/\/billigtrikots.com\/?post_type=product&#038;p=8528"},"modified":"2024-10-24T01:43:41","modified_gmt":"2024-10-23T23:43:41","slug":"england-auswaertstrikots-fuer-die-fussball-weltmeisterschaft-2022-rot-fussballtrikots-guenstig","status":"publish","type":"product","link":"https:\/\/www.billigtrikotde.com\/sl\/england-auswaertstrikots-fuer-die-fussball-weltmeisterschaft-2022-rot-fussballtrikots-guenstig\/","title":{"rendered":"Anglija v gosteh za svetovno prvenstvo 2022 rde\u010de nogometne majice poceni"},"content":{"rendered":"<p>To je Nike England 2022 mundialni izven doma\u010dega dresa. Nike England National Football Team 2022 izven doma\u010dega dresa je rde\u010d, v kombinaciji z mornarsko modrimi in svetlimi modrimi logotipi in oblikovalskimi elementi. To je prvi predvsem rde\u010d izven doma\u010dega dresa Anglije od svetovnega prvenstva 2018. Rde\u010de hla\u010de in nogavice dopolnjujejo dres izven doma\u010dega mundiala 2022 Nike.<\/p>\n<p>Nasveti za tiskanje: \u010ce sta ime in \u0161tevilka na sliki to\u010dno tak\u0161na, kot ju \u017eelite, ju ni treba ponovno vnesti. \u010ce ni tako, vnesite \u017eeleno ime in \u0161tevilko.<\/p>\n<p>Nasveti za pranje: Priporo\u010dljivo je, da nogometne majice perete ro\u010dno. \u010ce \u017eelite uporabiti pralni stroj, ne pozabite nogometne majice obrniti narobe in jih nato oprati. Stroj napolnite s hladno vodo in uporabite ob\u010dutljiv cikel, da bolje za\u0161\u010ditite barve.<\/p>","protected":false},"excerpt":{"rendered":"<p>To je Nike England 2022 svetovno prvenstvo zunanje doma\u010de majice. Nike England National Football Team 2022 zunanja majica je rde\u010da, kombinirana z mornarsko modrimi in svetlo modrimi logotipi in elementi oblikovanja. To je prva ve\u010dinoma rde\u010da zunanja majica Anglije od svetovnega prvenstva 2018. Rde\u010de hla\u010de in nogavice dopolnjujejo Nikejevo 2022 svetovno prvenstvo zunanje majice. Nasveti za tiskanje: Ko je ime [\u2026]<\/p>","protected":false},"featured_media":8569,"comment_status":"open","ping_status":"closed","template":"","meta":[],"product_brand":[],"product_cat":[115],"product_tag":[20,379,21,22,23,24],"class_list":{"0":"post-8528","1":"product","2":"type-product","3":"status-publish","4":"has-post-thumbnail","6":"product_cat-england-trikots","7":"product_tag-coole-fussballtrikots","8":"product_tag-england-wm-2022-auswaertstrikot","9":"product_tag-fussballtrikot-fuer-herren","10":"product_tag-fussballtrikot-guenstig-kaufen","11":"product_tag-fussballtrikot-kurzarm","12":"product_tag-guenstiges-fussballtrikot","14":"first","15":"instock","16":"shipping-taxable","17":"purchasable","18":"product-type-variable"},"_links":{"self":[{"href":"https:\/\/www.billigtrikotde.com\/sl\/wp-json\/wp\/v2\/product\/8528","targetHints":{"allow":["GET"]}}],"collection":[{"href":"https:\/\/www.billigtrikotde.com\/sl\/wp-json\/wp\/v2\/product"}],"about":[{"href":"https:\/\/www.billigtrikotde.com\/sl\/wp-json\/wp\/v2\/types\/product"}],"replies":[{"embeddable":true,"href":"https:\/\/www.billigtrikotde.com\/sl\/wp-json\/wp\/v2\/comments?post=8528"}],"wp:featuredmedia":[{"embeddable":true,"href":"https:\/\/www.billigtrikotde.com\/sl\/wp-json\/wp\/v2\/media\/8569"}],"wp:attachment":[{"href":"https:\/\/www.billigtrikotde.com\/sl\/wp-json\/wp\/v2\/media?parent=8528"}],"wp:term":[{"taxonomy":"product_brand","embeddable":true,"href":"https:\/\/www.billigtrikotde.com\/sl\/wp-json\/wp\/v2\/product_brand?post=8528"},{"taxonomy":"product_cat","embeddable":true,"href":"https:\/\/www.billigtrikotde.com\/sl\/wp-json\/wp\/v2\/product_cat?post=8528"},{"taxonomy":"product_tag","embeddable":true,"href":"https:\/\/www.billigtrikotde.com\/sl\/wp-json\/wp\/v2\/product_tag?post=8528"}],"curies":[{"name":"wp","href":"https:\/\/api.w.org\/{rel}","templated":true}]}}