{"id":8508,"date":"2024-10-24T01:40:20","date_gmt":"2024-10-23T23:40:20","guid":{"rendered":"http:\/\/billigtrikots.com\/?post_type=product&#038;p=8508"},"modified":"2024-10-24T01:42:32","modified_gmt":"2024-10-23T23:42:32","slug":"fussballtrikot-fuer-herren-belgien-wm-2022-auswaertstrikot-online-kaufen","status":"publish","type":"product","link":"https:\/\/www.billigtrikotde.com\/sl\/fussballtrikot-fuer-herren-belgien-wm-2022-auswaertstrikot-online-kaufen\/","title":{"rendered":"Nogometna majica za mo\u0161ke Belgija WM 2022 zunanja majica Na prodaj"},"content":{"rendered":"<p>To je novo doma\u010de Adidas Belgija WM-izdajo druga tekmovalna majica za leto 2022. Adidas Belgija 2022 izven tekme je ve\u010dinoma belo z barvnimi okrasji na ovratniku, rokavih, robu in podlaketih. Majica je navdihnjena s kolekcijo Adidas x Belgian FA x Tomorrowland \u201eLOVE\u201c in ima isto estetiko. \u017dive barve so prisotne tudi na Adidas-ovem logotipu in grbu belgijske FA. Na hrbtnem delu je beseda \u201eLOVE\u201c v ve\u010dbarvnem tisku. Tresljaji na ramenih Adidas Belgia 2022 World Cup izven doma\u010de majice so svetlo sivi, primarne hla\u010de Belgije 2022 World Cup izven majice so bele, vendar obstajajo tudi temno modre hla\u010de.<\/p>\n<p>Nasveti za tiskanje: \u010ce sta ime in \u0161tevilka na sliki to\u010dno tak\u0161na, kot ju \u017eelite, ju ni treba ponovno vnesti. \u010ce ni tako, vnesite \u017eeleno ime in \u0161tevilko.<\/p>\n<p>Nasveti za pranje: Priporo\u010dljivo je, da nogometne majice perete ro\u010dno. \u010ce \u017eelite uporabiti pralni stroj, ne pozabite nogometne majice obrniti narobe in jih nato oprati. Stroj napolnite s hladno vodo in uporabite ob\u010dutljiv cikel, da bolje za\u0161\u010ditite barve.<\/p>","protected":false},"excerpt":{"rendered":"<p>Dies ist das neue Adidas Belgien WM-Ausw\u00e4rtstrikot f\u00fcr 2022.Das Adidas Belgium 2022 Ausw\u00e4rtstrikot ist \u00fcberwiegend wei\u00df mit bunten Verzierungen an Kragen, \u00c4rmeln, Saum und Unterarmen. Das Trikot ist von der Adidas x Belgian FA x Tomorrowland &#8222;LOVE&#8220;-Kollektion inspiriert und hat die gleiche \u00c4sthetik.Die leuchtenden Farben finden sich auch auf dem Adidas-Logo und dem belgischen FA-Abzeichen [&hellip;]<\/p>","protected":false},"featured_media":8547,"comment_status":"open","ping_status":"closed","template":"","meta":[],"product_brand":[],"product_cat":[173],"product_tag":[383,120,384,20,21,22,23,24],"class_list":{"0":"post-8508","1":"product","2":"type-product","3":"status-publish","4":"has-post-thumbnail","6":"product_cat-belgien-trikots","7":"product_tag-belgien-auswaertstrikot","8":"product_tag-belgien-trikots","9":"product_tag-belgien-wm-2022-auswaertstrikot","10":"product_tag-coole-fussballtrikots","11":"product_tag-fussballtrikot-fuer-herren","12":"product_tag-fussballtrikot-guenstig-kaufen","13":"product_tag-fussballtrikot-kurzarm","14":"product_tag-guenstiges-fussballtrikot","16":"first","17":"instock","18":"shipping-taxable","19":"purchasable","20":"product-type-variable"},"_links":{"self":[{"href":"https:\/\/www.billigtrikotde.com\/sl\/wp-json\/wp\/v2\/product\/8508","targetHints":{"allow":["GET"]}}],"collection":[{"href":"https:\/\/www.billigtrikotde.com\/sl\/wp-json\/wp\/v2\/product"}],"about":[{"href":"https:\/\/www.billigtrikotde.com\/sl\/wp-json\/wp\/v2\/types\/product"}],"replies":[{"embeddable":true,"href":"https:\/\/www.billigtrikotde.com\/sl\/wp-json\/wp\/v2\/comments?post=8508"}],"wp:featuredmedia":[{"embeddable":true,"href":"https:\/\/www.billigtrikotde.com\/sl\/wp-json\/wp\/v2\/media\/8547"}],"wp:attachment":[{"href":"https:\/\/www.billigtrikotde.com\/sl\/wp-json\/wp\/v2\/media?parent=8508"}],"wp:term":[{"taxonomy":"product_brand","embeddable":true,"href":"https:\/\/www.billigtrikotde.com\/sl\/wp-json\/wp\/v2\/product_brand?post=8508"},{"taxonomy":"product_cat","embeddable":true,"href":"https:\/\/www.billigtrikotde.com\/sl\/wp-json\/wp\/v2\/product_cat?post=8508"},{"taxonomy":"product_tag","embeddable":true,"href":"https:\/\/www.billigtrikotde.com\/sl\/wp-json\/wp\/v2\/product_tag?post=8508"}],"curies":[{"name":"wp","href":"https:\/\/api.w.org\/{rel}","templated":true}]}}