{"id":8502,"date":"2024-10-24T01:40:15","date_gmt":"2024-10-23T23:40:15","guid":{"rendered":"http:\/\/billigtrikots.com\/?post_type=product&#038;p=8502"},"modified":"2024-10-24T01:42:29","modified_gmt":"2024-10-23T23:42:29","slug":"herren-croatia-2022-world-cup-auswaertstrikot-blackened-blue-neuen-fussballtrikots","status":"publish","type":"product","link":"https:\/\/www.billigtrikotde.com\/sl\/herren-croatia-2022-world-cup-auswaertstrikot-blackened-blue-neuen-fussballtrikots\/","title":{"rendered":"Mo\u0161ka majica Croatia 2022 World Cup Away Jersey blackened blue New Football Shirts"},"content":{"rendered":"<p>To je Nike izpostavljeno gostovanje dres Hrva\u0161ka za svetovno prvenstvo 2022 v Katarju. Nike Croatia 2022 svetovno prvenstvo izven dresa ima tipi\u010dno barvno kombinacijo za Hrva\u0161ka gostujo\u010da dresa \u2013 zdru\u017euje temno mornarsko modro osnovno barvo z svetlim modrimi grafi\u010dnimi elementi in rde\u010dimi logotipi. Uradno so barve \u201eBlackened Blue \/ University Red\u201c.<\/p>\n<p>Nasveti za tiskanje: \u010ce sta ime in \u0161tevilka na sliki to\u010dno tak\u0161na, kot ju \u017eelite, ju ni treba ponovno vnesti. \u010ce ni tako, vnesite \u017eeleno ime in \u0161tevilko.<\/p>\n<p>Nasveti za pranje: Priporo\u010dljivo je, da nogometne majice perete ro\u010dno. \u010ce \u017eelite uporabiti pralni stroj, ne pozabite nogometne majice obrniti narobe in jih nato oprati. Stroj napolnite s hladno vodo in uporabite ob\u010dutljiv cikel, da bolje za\u0161\u010ditite barve.<\/p>","protected":false},"excerpt":{"rendered":"<p>Dies ist das Nike Kroatien Ausw\u00e4rtstrikot f\u00fcr die Weltmeisterschaft 2022 in Katar.Das Nike Croatia 2022 World Cup Ausw\u00e4rtstrikot hat eine typische Farbkombination f\u00fcr Kroatiens Ausw\u00e4rtstrikots \u2013 es kombiniert eine dunkle marineblaue Grundfarbe mit hellblauen Grafikelementen und roten Logos. Offiziell sind die Farben \u201eBlackened Blue \/ University Red\u201c. Tipps zum Drucken: Wenn der Name und die [\u2026]<\/p>","protected":false},"featured_media":8536,"comment_status":"open","ping_status":"closed","template":"","meta":[],"product_brand":[],"product_cat":[261],"product_tag":[20,35,21,22,23,24,380,263,264],"class_list":{"0":"post-8502","1":"product","2":"type-product","3":"status-publish","4":"has-post-thumbnail","6":"product_cat-kroatien-trikots","7":"product_tag-coole-fussballtrikots","8":"product_tag-fussball-torwarttrikots","9":"product_tag-fussballtrikot-fuer-herren","10":"product_tag-fussballtrikot-guenstig-kaufen","11":"product_tag-fussballtrikot-kurzarm","12":"product_tag-guenstiges-fussballtrikot","13":"product_tag-kroatien-2022-wm-auswaertstrikot","14":"product_tag-kroatien-trikot-herren","15":"product_tag-kroatien-trikots","17":"first","18":"instock","19":"shipping-taxable","20":"purchasable","21":"product-type-variable"},"_links":{"self":[{"href":"https:\/\/www.billigtrikotde.com\/sl\/wp-json\/wp\/v2\/product\/8502","targetHints":{"allow":["GET"]}}],"collection":[{"href":"https:\/\/www.billigtrikotde.com\/sl\/wp-json\/wp\/v2\/product"}],"about":[{"href":"https:\/\/www.billigtrikotde.com\/sl\/wp-json\/wp\/v2\/types\/product"}],"replies":[{"embeddable":true,"href":"https:\/\/www.billigtrikotde.com\/sl\/wp-json\/wp\/v2\/comments?post=8502"}],"wp:featuredmedia":[{"embeddable":true,"href":"https:\/\/www.billigtrikotde.com\/sl\/wp-json\/wp\/v2\/media\/8536"}],"wp:attachment":[{"href":"https:\/\/www.billigtrikotde.com\/sl\/wp-json\/wp\/v2\/media?parent=8502"}],"wp:term":[{"taxonomy":"product_brand","embeddable":true,"href":"https:\/\/www.billigtrikotde.com\/sl\/wp-json\/wp\/v2\/product_brand?post=8502"},{"taxonomy":"product_cat","embeddable":true,"href":"https:\/\/www.billigtrikotde.com\/sl\/wp-json\/wp\/v2\/product_cat?post=8502"},{"taxonomy":"product_tag","embeddable":true,"href":"https:\/\/www.billigtrikotde.com\/sl\/wp-json\/wp\/v2\/product_tag?post=8502"}],"curies":[{"name":"wp","href":"https:\/\/api.w.org\/{rel}","templated":true}]}}