{"id":8471,"date":"2024-10-24T01:38:38","date_gmt":"2024-10-23T23:38:38","guid":{"rendered":"http:\/\/billigtrikots.com\/?post_type=product&#038;p=8471"},"modified":"2024-10-24T01:40:45","modified_gmt":"2024-10-23T23:40:45","slug":"kinder-chelsea-fc-2022-23-ausweichtrikot-orange-kurzarm-kurze-hosen","status":"publish","type":"product","link":"https:\/\/www.billigtrikotde.com\/sl\/kinder-chelsea-fc-2022-23-ausweichtrikot-orange-kurzarm-kurze-hosen\/","title":{"rendered":"Otro\u0161ka majica Chelsea FC 2022\/23 oran\u017ena s kratkimi rokavi + kratke hla\u010de"},"content":{"rendered":"<p>Tretja majica Chelsea 2022-2023 zdru\u017euje osnovo v barvi \u00bbSesam\u00ab (zlata) s \u010drno in oran\u017eno. Je zelo preprost dizajn brez izstopajo\u010dih grafik ali vzorcev. Edini detajli so v obliki zadnjega ovratnika ter rokavnih man\u0161et, ki so \u010drne z oran\u017eno. Zlata hla\u010de in bele \u010devlje s \u010drno-oran\u017eno-\u010drnim pre\u010dnim pasom dopolnjujejo Nike Chelsea 22-23 majico.<\/p>\n<p>Nasveti za tiskanje: \u010ce sta ime in \u0161tevilka na sliki to\u010dno tak\u0161na, kot ju \u017eelite, ju ni treba ponovno vnesti. \u010ce ni tako, vnesite \u017eeleno ime in \u0161tevilko.<\/p>\n<p>Nasveti za pranje: Priporo\u010dljivo je, da nogometne majice perete ro\u010dno. \u010ce \u017eelite uporabiti pralni stroj, ne pozabite nogometne majice obrniti narobe in jih nato oprati. Stroj napolnite s hladno vodo in uporabite ob\u010dutljiv cikel, da bolje za\u0161\u010ditite barve.<\/p>","protected":false},"excerpt":{"rendered":"<p>Tretja majica Chelsea 2022-2023 zdru\u017euje osnovo v barvi \u00bbSesam\u00ab (zlata) s \u010drno in oran\u017eno. Je zelo preprost dizajn brez izstopajo\u010dih grafik ali vzorcev. Edini detajli so v obliki zadnjega ovratnika ter rokavnih man\u0161et, ki so \u010drne z oran\u017eno. Zlata hla\u010de in bele \u010devlje s \u010drno-oran\u017eno-\u010drnim pre\u010dnim pasom dopolnjujejo Nike Chelsea 22-23 majico.<\/p>","protected":false},"featured_media":8510,"comment_status":"open","ping_status":"closed","template":"","meta":[],"product_brand":[],"product_cat":[72],"product_tag":[20,375,308,309,310,73,21,24],"class_list":{"0":"post-8471","1":"product","2":"type-product","3":"status-publish","4":"has-post-thumbnail","6":"product_cat-chelsea","7":"product_tag-coole-fussballtrikots","8":"product_tag-chelsea-2022-2023-third-jersey","9":"product_tag-chelsea-fc-22-23-trikot-deutschland","10":"product_tag-chelsea-fc-22-23-trikot-guenstig","11":"product_tag-chelsea-fc-22-23-trikot-kaufen","12":"product_tag-chelsea-trikots","13":"product_tag-fussballtrikot-fuer-herren","14":"product_tag-guenstiges-fussballtrikot","16":"first","17":"instock","18":"shipping-taxable","19":"purchasable","20":"product-type-variable"},"_links":{"self":[{"href":"https:\/\/www.billigtrikotde.com\/sl\/wp-json\/wp\/v2\/product\/8471","targetHints":{"allow":["GET"]}}],"collection":[{"href":"https:\/\/www.billigtrikotde.com\/sl\/wp-json\/wp\/v2\/product"}],"about":[{"href":"https:\/\/www.billigtrikotde.com\/sl\/wp-json\/wp\/v2\/types\/product"}],"replies":[{"embeddable":true,"href":"https:\/\/www.billigtrikotde.com\/sl\/wp-json\/wp\/v2\/comments?post=8471"}],"wp:featuredmedia":[{"embeddable":true,"href":"https:\/\/www.billigtrikotde.com\/sl\/wp-json\/wp\/v2\/media\/8510"}],"wp:attachment":[{"href":"https:\/\/www.billigtrikotde.com\/sl\/wp-json\/wp\/v2\/media?parent=8471"}],"wp:term":[{"taxonomy":"product_brand","embeddable":true,"href":"https:\/\/www.billigtrikotde.com\/sl\/wp-json\/wp\/v2\/product_brand?post=8471"},{"taxonomy":"product_cat","embeddable":true,"href":"https:\/\/www.billigtrikotde.com\/sl\/wp-json\/wp\/v2\/product_cat?post=8471"},{"taxonomy":"product_tag","embeddable":true,"href":"https:\/\/www.billigtrikotde.com\/sl\/wp-json\/wp\/v2\/product_tag?post=8471"}],"curies":[{"name":"wp","href":"https:\/\/api.w.org\/{rel}","templated":true}]}}