{"id":8447,"date":"2024-10-24T01:37:26","date_gmt":"2024-10-23T23:37:26","guid":{"rendered":"http:\/\/billigtrikots.com\/?post_type=product&#038;p=8447"},"modified":"2024-11-18T15:39:36","modified_gmt":"2024-11-18T14:39:36","slug":"fussballtrikots-guenstig-ajax-bob-marley-trikot-2022-23-fuer-herren","status":"publish","type":"product","link":"https:\/\/www.billigtrikotde.com\/sl\/fussballtrikots-guenstig-ajax-bob-marley-trikot-2022-23-fuer-herren\/","title":{"rendered":"Nogometne majice Poceni Ajax BOB Marley Shirt 2022-23 za mo\u0161ke"},"content":{"rendered":"<p>Odkrijte dres Ajax Amsterdam za sezono 2022\/2023. Ponosno nosite barve svoje najljub\u0161e ekipe na igri\u0161\u010du ali zunaj njega.<\/p>\n<p>Prilagodljiv in lahek dres s tehnologijo Adidas Aeroready, obla\u010dilo, ki prepre\u010duje prodiranje znoja med igro ali trening. Ostanite suhi po svojih pospe\u0161evanjih.<\/p>\n<p>Predstavljajte si mno\u017eico v amsterdamski areni, ki vas spodbuja po velikem golu.<\/p>\n<p>Nasveti za tiskanje: \u010ce sta ime in \u0161tevilka na sliki to\u010dno tak\u0161na, kot ju \u017eelite, ju ni treba ponovno vnesti. \u010ce ni tako, vnesite \u017eeleno ime in \u0161tevilko.<\/p>\n<p>Nasveti za pranje: Priporo\u010dljivo je, da nogometne majice perete ro\u010dno. \u010ce \u017eelite uporabiti pralni stroj, ne pozabite nogometne majice obrniti narobe in jih nato oprati. Stroj napolnite s hladno vodo in uporabite ob\u010dutljiv cikel, da bolje za\u0161\u010ditite barve.<\/p>","protected":false},"excerpt":{"rendered":"<p>Entdecke das Ajax-Amsterdam-Ausweichtrikot f\u00fcr die Saison 2022\/2023. Tragen Sie stolz die Farben Ihres Lieblingsteams auf dem Platz oder drau\u00dfen. Ein flexibles und leichtes Trikot mit Adidas Aeroready-Technologie, ein Kleidungsst\u00fcck, das verhindert, dass Schwei\u00df in Ihr Spiel oder Training eindringt. Bleiben Sie nach Ihren Beschleunigungen trocken. Stellen Sie sich vor, das Publikum in der Amsterdam Arena [&hellip;]<\/p>","protected":false},"featured_media":8488,"comment_status":"open","ping_status":"closed","template":"","meta":[],"product_brand":[],"product_cat":[299],"product_tag":[1372,371,372,301,20,21,22,23,24],"class_list":{"0":"post-8447","1":"product","2":"type-product","3":"status-publish","4":"has-post-thumbnail","6":"product_cat-afc-ajax","7":"product_tag-ajax-amsterdam-trikot","8":"product_tag-ajax-ausweichtrikot","9":"product_tag-ajax-ausweichtrikot-2022-23","10":"product_tag-ajax-trikots","11":"product_tag-coole-fussballtrikots","12":"product_tag-fussballtrikot-fuer-herren","13":"product_tag-fussballtrikot-guenstig-kaufen","14":"product_tag-fussballtrikot-kurzarm","15":"product_tag-guenstiges-fussballtrikot","17":"first","18":"instock","19":"shipping-taxable","20":"purchasable","21":"product-type-variable"},"_links":{"self":[{"href":"https:\/\/www.billigtrikotde.com\/sl\/wp-json\/wp\/v2\/product\/8447","targetHints":{"allow":["GET"]}}],"collection":[{"href":"https:\/\/www.billigtrikotde.com\/sl\/wp-json\/wp\/v2\/product"}],"about":[{"href":"https:\/\/www.billigtrikotde.com\/sl\/wp-json\/wp\/v2\/types\/product"}],"replies":[{"embeddable":true,"href":"https:\/\/www.billigtrikotde.com\/sl\/wp-json\/wp\/v2\/comments?post=8447"}],"wp:featuredmedia":[{"embeddable":true,"href":"https:\/\/www.billigtrikotde.com\/sl\/wp-json\/wp\/v2\/media\/8488"}],"wp:attachment":[{"href":"https:\/\/www.billigtrikotde.com\/sl\/wp-json\/wp\/v2\/media?parent=8447"}],"wp:term":[{"taxonomy":"product_brand","embeddable":true,"href":"https:\/\/www.billigtrikotde.com\/sl\/wp-json\/wp\/v2\/product_brand?post=8447"},{"taxonomy":"product_cat","embeddable":true,"href":"https:\/\/www.billigtrikotde.com\/sl\/wp-json\/wp\/v2\/product_cat?post=8447"},{"taxonomy":"product_tag","embeddable":true,"href":"https:\/\/www.billigtrikotde.com\/sl\/wp-json\/wp\/v2\/product_tag?post=8447"}],"curies":[{"name":"wp","href":"https:\/\/api.w.org\/{rel}","templated":true}]}}