{"id":8375,"date":"2024-10-24T01:33:54","date_gmt":"2024-10-23T23:33:54","guid":{"rendered":"http:\/\/billigtrikots.com\/?post_type=product&#038;p=8375"},"modified":"2024-10-24T01:36:08","modified_gmt":"2024-10-23T23:36:08","slug":"kanada-wm-2022-world-cup-trikots-weiss-auswaertstrikot-herren-kurzarm","status":"publish","type":"product","link":"https:\/\/www.billigtrikotde.com\/sl\/kanada-wm-2022-world-cup-trikots-weiss-auswaertstrikot-herren-kurzarm\/","title":{"rendered":"Kanada WM 2022 World Cup majice Bela zunanja majica za mo\u0161ke kratke rokave"},"content":{"rendered":"<p>Na podlagi iste predloge je Kanadska reprezentan\u010dna majica za svetovno prvenstvo 2022 v belem barvi z \u010drnim Swoosh napisom.<br \/>\nNasveti za tiskanje: \u010ce sta ime in \u0161tevilka na sliki to\u010dno tak\u0161na, kot ju \u017eelite, ju ni treba ponovno vnesti. \u010ce ni tako, vnesite \u017eeleno ime in \u0161tevilko.<\/p>\n<p>Nasveti za pranje: Priporo\u010dljivo je, da nogometne majice perete ro\u010dno. \u010ce \u017eelite uporabiti pralni stroj, ne pozabite nogometne majice obrniti narobe in jih nato oprati. Stroj napolnite s hladno vodo in uporabite ob\u010dutljiv cikel, da bolje za\u0161\u010ditite barve.<\/p>","protected":false},"excerpt":{"rendered":"<p>Na podlagi iste predloge je obla\u010dilo za gostujo\u010de tekme Kanade 2022 World Cup belo z rjavim Swooshom. Nasveti za tiskanje: \u010ce je ime in \u0161tevilka na sliki natan\u010dno tak\u0161na, kot sta va\u0161a \u017eelja, ju ne morate znova vnesti. \u010ce ni, vnesite \u017eeleno ime in \u0161tevilko. Nasveti za pranje: To bo [\u2026]<\/p>","protected":false},"featured_media":8416,"comment_status":"open","ping_status":"closed","template":"","meta":[],"product_brand":[],"product_cat":[111],"product_tag":[20,366,21,22,23,24,367,368],"class_list":{"0":"post-8375","1":"product","2":"type-product","3":"status-publish","4":"has-post-thumbnail","6":"product_cat-nationaltrikot","7":"product_tag-coole-fussballtrikots","8":"product_tag-canada-jersey-2022","9":"product_tag-fussballtrikot-fuer-herren","10":"product_tag-fussballtrikot-guenstig-kaufen","11":"product_tag-fussballtrikot-kurzarm","12":"product_tag-guenstiges-fussballtrikot","13":"product_tag-kanada-wm-2022-world-cup-trikots","14":"product_tag-top-best-football-jersey","16":"first","17":"instock","18":"shipping-taxable","19":"purchasable","20":"product-type-variable"},"_links":{"self":[{"href":"https:\/\/www.billigtrikotde.com\/sl\/wp-json\/wp\/v2\/product\/8375","targetHints":{"allow":["GET"]}}],"collection":[{"href":"https:\/\/www.billigtrikotde.com\/sl\/wp-json\/wp\/v2\/product"}],"about":[{"href":"https:\/\/www.billigtrikotde.com\/sl\/wp-json\/wp\/v2\/types\/product"}],"replies":[{"embeddable":true,"href":"https:\/\/www.billigtrikotde.com\/sl\/wp-json\/wp\/v2\/comments?post=8375"}],"wp:featuredmedia":[{"embeddable":true,"href":"https:\/\/www.billigtrikotde.com\/sl\/wp-json\/wp\/v2\/media\/8416"}],"wp:attachment":[{"href":"https:\/\/www.billigtrikotde.com\/sl\/wp-json\/wp\/v2\/media?parent=8375"}],"wp:term":[{"taxonomy":"product_brand","embeddable":true,"href":"https:\/\/www.billigtrikotde.com\/sl\/wp-json\/wp\/v2\/product_brand?post=8375"},{"taxonomy":"product_cat","embeddable":true,"href":"https:\/\/www.billigtrikotde.com\/sl\/wp-json\/wp\/v2\/product_cat?post=8375"},{"taxonomy":"product_tag","embeddable":true,"href":"https:\/\/www.billigtrikotde.com\/sl\/wp-json\/wp\/v2\/product_tag?post=8375"}],"curies":[{"name":"wp","href":"https:\/\/api.w.org\/{rel}","templated":true}]}}