{"id":8355,"date":"2024-10-24T01:32:48","date_gmt":"2024-10-23T23:32:48","guid":{"rendered":"http:\/\/billigtrikots.com\/?post_type=product&#038;p=8355"},"modified":"2024-10-24T01:34:59","modified_gmt":"2024-10-23T23:34:59","slug":"kinder-japan-heim-trikot-wm-2022-blau-kurzarm-weiss-kurze-hosen","status":"publish","type":"product","link":"https:\/\/www.billigtrikotde.com\/sl\/kinder-japan-heim-trikot-wm-2022-blau-kurzarm-weiss-kurze-hosen\/","title":{"rendered":"Otroci Japan doma\u010di dres SP 2022 modri kratke rokave + bele kratke hla\u010de"},"content":{"rendered":"<p>Z otro\u0161kim dresom v modri barvi adidas lansira proizvod, s katerim lahko svojo ekipo podprete v dobrih in slabih \u010dasih z srcem in predanostjo. Prika\u017eite svojo podporo \u2013 s tem doma\u010dim dresom za Japan raz\u0161irite svojo navija\u0161ko zbirko z obla\u010dilom v izvirnem dizajnu, kakr\u0161nega nosijo igralci na svetovnem prvenstvu. Je zra\u010den, udoben in odvajajo\u010d znoj. Poleg tega vam zagotavlja visoko vzdr\u017eljivost. Vizualno izstopa z logotipom zveze na prsnem delu. S tem dresom lahko postanete \u0161e zmogljivej\u0161i in se pripravite na naslednjo tekmo.<\/p>\n<p>Nasveti za tiskanje: \u010ce sta ime in \u0161tevilka na sliki to\u010dno tak\u0161na, kot ju \u017eelite, ju ni treba ponovno vnesti. \u010ce ni tako, vnesite \u017eeleno ime in \u0161tevilko.<\/p>\n<p>Nasveti za pranje: Priporo\u010dljivo je, da nogometne majice perete ro\u010dno. \u010ce \u017eelite uporabiti pralni stroj, ne pozabite nogometne majice obrniti narobe in jih nato oprati. Stroj napolnite s hladno vodo in uporabite ob\u010dutljiv cikel, da bolje za\u0161\u010ditite barve.<\/p>","protected":false},"excerpt":{"rendered":"<p>Mit dem Kinder-Trikot in Blau bringt adidas ein Produkt an den Start, mit dem du dein Team in guten wie in schlechten Zeiten mit Herzblut und Hingabe unterst\u00fctzen kannst. Zeige deine Unterst\u00fctzung \u2013 mit diesem Japan-Heim-Trikot erweiterst du deine Fan-Sammlung um ein Kleidungsst\u00fcck im Original-Design, wie es die Spieler bei der Weltmeisterschaft tragen. Es ist [&hellip;]<\/p>","protected":false},"featured_media":8394,"comment_status":"open","ping_status":"closed","template":"","meta":[],"product_brand":[],"product_cat":[111],"product_tag":[20,222,21,22,23,24,361,362,94],"class_list":{"0":"post-8355","1":"product","2":"type-product","3":"status-publish","4":"has-post-thumbnail","6":"product_cat-nationaltrikot","7":"product_tag-coole-fussballtrikots","8":"product_tag-fussball-wm-2022-trikots","9":"product_tag-fussballtrikot-fuer-herren","10":"product_tag-fussballtrikot-guenstig-kaufen","11":"product_tag-fussballtrikot-kurzarm","12":"product_tag-guenstiges-fussballtrikot","13":"product_tag-japan-heimtrikot","14":"product_tag-japan-trikots","15":"product_tag-kinder-fussball-trikotsatz","17":"first","18":"instock","19":"shipping-taxable","20":"purchasable","21":"product-type-variable"},"_links":{"self":[{"href":"https:\/\/www.billigtrikotde.com\/sl\/wp-json\/wp\/v2\/product\/8355","targetHints":{"allow":["GET"]}}],"collection":[{"href":"https:\/\/www.billigtrikotde.com\/sl\/wp-json\/wp\/v2\/product"}],"about":[{"href":"https:\/\/www.billigtrikotde.com\/sl\/wp-json\/wp\/v2\/types\/product"}],"replies":[{"embeddable":true,"href":"https:\/\/www.billigtrikotde.com\/sl\/wp-json\/wp\/v2\/comments?post=8355"}],"wp:featuredmedia":[{"embeddable":true,"href":"https:\/\/www.billigtrikotde.com\/sl\/wp-json\/wp\/v2\/media\/8394"}],"wp:attachment":[{"href":"https:\/\/www.billigtrikotde.com\/sl\/wp-json\/wp\/v2\/media?parent=8355"}],"wp:term":[{"taxonomy":"product_brand","embeddable":true,"href":"https:\/\/www.billigtrikotde.com\/sl\/wp-json\/wp\/v2\/product_brand?post=8355"},{"taxonomy":"product_cat","embeddable":true,"href":"https:\/\/www.billigtrikotde.com\/sl\/wp-json\/wp\/v2\/product_cat?post=8355"},{"taxonomy":"product_tag","embeddable":true,"href":"https:\/\/www.billigtrikotde.com\/sl\/wp-json\/wp\/v2\/product_tag?post=8355"}],"curies":[{"name":"wp","href":"https:\/\/api.w.org\/{rel}","templated":true}]}}