{"id":8353,"date":"2024-10-24T01:32:46","date_gmt":"2024-10-23T23:32:46","guid":{"rendered":"http:\/\/billigtrikots.com\/?post_type=product&#038;p=8353"},"modified":"2024-10-24T01:34:58","modified_gmt":"2024-10-23T23:34:58","slug":"kinder-mexiko-2022-wm-auswaertstrikot-rot-fussballtrikot-kaufen","status":"publish","type":"product","link":"https:\/\/www.billigtrikotde.com\/sl\/kinder-mexiko-2022-wm-auswaertstrikot-rot-fussballtrikot-kaufen\/","title":{"rendered":"Otroci Mehiko 2022 SP gostujo\u010di dres Rde\u010d nogometni dres kupiti"},"content":{"rendered":"<p>Vzovi svoj bojni duh, da bo\u0161 pri\u0161el do svetovne injekcije nogometa. Za to smo temu adidas Mexiko gostinskemu dresu za otroke in najstnike dali videz, ki ga navdihujejo Mixteki in azte\u0161ke bo\u017eanstva. Sredi tega opaznega celotnega vzorca je tudi najti telo ka\u010de Quetzalcoatla \u2013 prikaz fizi\u010dnih sposobnosti \u010dlove\u0161tva. Vstavki iz mre\u017ee in tehnologija AEROREADY, ki absorbira vlago, ti zagotavljajo prijeten ob\u010dutek pri no\u0161enju. In popolnoma novi klubskih logotip izra\u017ea tvojo ljubezen do navija\u0161tva.<\/p>\n<p>Das Adidas Mexiko 2022 WM-Ausw\u00e4rtstrikot ist &#8222;Wonder White&#8220;, kombiniert mit Rot f\u00fcr die Logos und 3 Streifen.Das Besondere an dem neuen Mexiko 2022 Ausw\u00e4rtstrikot ist ein Allover-Muster, das von Quetzalcoatl, der &#8222;Gefiederten Schlange&#8220;, inspiriert ist.<\/p>\n<p>Nasveti za tiskanje: \u010ce sta ime in \u0161tevilka na sliki to\u010dno tak\u0161na, kot ju \u017eelite, ju ni treba ponovno vnesti. \u010ce ni tako, vnesite \u017eeleno ime in \u0161tevilko.<\/p>\n<p>Nasveti za pranje: Priporo\u010dljivo je, da nogometne majice perete ro\u010dno. \u010ce \u017eelite uporabiti pralni stroj, ne pozabite nogometne majice obrniti narobe in jih nato oprati. Stroj napolnite s hladno vodo in uporabite ob\u010dutljiv cikel, da bolje za\u0161\u010ditite barve.<\/p>","protected":false},"excerpt":{"rendered":"<p>Vzemi svoj bojni duh, da bo\u0161 pri\u0161el do svetovne injekcije nogometa. Za to smo temu adidas dresu za gostovanje za otroke in najstnike dali videz, ki ga navdihujejo mehi\u0161ki mitolo\u0161ki liki in azte\u0161ki bogovi. V osr\u010dju tega opaznega celotnega dizajna je tudi ka\u010dji trup Quetzalcoatl \u2013 prikaz fizi\u010dnih sposobnosti \u010dlove\u0161tva. Vmesni vlo\u017eki iz mre\u017ee in material, ki absorbira vlago [\u2026]<\/p>","protected":false},"featured_media":8393,"comment_status":"open","ping_status":"closed","template":"","meta":[],"product_brand":[],"product_cat":[251],"product_tag":[20,21,22,23,24,252,360],"class_list":{"0":"post-8353","1":"product","2":"type-product","3":"status-publish","4":"has-post-thumbnail","6":"product_cat-mexiko-trikots","7":"product_tag-coole-fussballtrikots","8":"product_tag-fussballtrikot-fuer-herren","9":"product_tag-fussballtrikot-guenstig-kaufen","10":"product_tag-fussballtrikot-kurzarm","11":"product_tag-guenstiges-fussballtrikot","12":"product_tag-mexiko-2022-trikots","13":"product_tag-mexiko-2022-wm-auswaertstrikot","15":"first","16":"instock","17":"shipping-taxable","18":"purchasable","19":"product-type-variable"},"_links":{"self":[{"href":"https:\/\/www.billigtrikotde.com\/sl\/wp-json\/wp\/v2\/product\/8353","targetHints":{"allow":["GET"]}}],"collection":[{"href":"https:\/\/www.billigtrikotde.com\/sl\/wp-json\/wp\/v2\/product"}],"about":[{"href":"https:\/\/www.billigtrikotde.com\/sl\/wp-json\/wp\/v2\/types\/product"}],"replies":[{"embeddable":true,"href":"https:\/\/www.billigtrikotde.com\/sl\/wp-json\/wp\/v2\/comments?post=8353"}],"wp:featuredmedia":[{"embeddable":true,"href":"https:\/\/www.billigtrikotde.com\/sl\/wp-json\/wp\/v2\/media\/8393"}],"wp:attachment":[{"href":"https:\/\/www.billigtrikotde.com\/sl\/wp-json\/wp\/v2\/media?parent=8353"}],"wp:term":[{"taxonomy":"product_brand","embeddable":true,"href":"https:\/\/www.billigtrikotde.com\/sl\/wp-json\/wp\/v2\/product_brand?post=8353"},{"taxonomy":"product_cat","embeddable":true,"href":"https:\/\/www.billigtrikotde.com\/sl\/wp-json\/wp\/v2\/product_cat?post=8353"},{"taxonomy":"product_tag","embeddable":true,"href":"https:\/\/www.billigtrikotde.com\/sl\/wp-json\/wp\/v2\/product_tag?post=8353"}],"curies":[{"name":"wp","href":"https:\/\/api.w.org\/{rel}","templated":true}]}}