{"id":8108,"date":"2024-10-24T01:20:10","date_gmt":"2024-10-23T23:20:10","guid":{"rendered":"http:\/\/billigtrikots.com\/?post_type=product&#038;p=8108"},"modified":"2024-10-24T01:22:23","modified_gmt":"2024-10-23T23:22:23","slug":"kinder-fussballtrikots-guenstig-paris-saint-germain-psg-22-23-auswaertstrikot-trikotsatz","status":"publish","type":"product","link":"https:\/\/www.billigtrikotde.com\/sl\/kinder-fussballtrikots-guenstig-paris-saint-germain-psg-22-23-auswaertstrikot-trikotsatz\/","title":{"rendered":"Otro\u0161ke nogometne majice Poceni Paris Saint-Germain PSG 22-23 Away Kit"},"content":{"rendered":"<p>Majica Jordan PSG 2022-23 ima nov videz v sivi barvi s \u010drno osrednjo \u010drto, ki na sredini zbledi, da se naredi prostor za sponzorja Qatar Airways. Na notranji strani ovratnika je posebna nalepka.<\/p>\n<p>Barvna shema novega gostujo\u010dega kompleta PSG 22-23 je navdihnjena s stadionom Parc des Princes, ki letos praznuje 50. obletnico.Sive kratke hla\u010de z vzorcem Chicago Bills in nogavice dopolnjujejo videz novega gostujo\u010dega kompleta PSG 2022-23 podjetja Jordan.<\/p>\n<p>Nasveti za tiskanje: \u010ce sta ime in \u0161tevilka na sliki to\u010dno tak\u0161na, kot ju \u017eelite, ju ni treba ponovno vnesti. \u010ce ni tako, vnesite \u017eeleno ime in \u0161tevilko.<\/p>\n<p>Nasveti za pranje: Priporo\u010dljivo je, da nogometne majice perete ro\u010dno. \u010ce \u017eelite uporabiti pralni stroj, ne pozabite nogometne majice obrniti narobe in jih nato oprati. Stroj napolnite s hladno vodo in uporabite ob\u010dutljiv cikel, da bolje za\u0161\u010ditite barve.<\/p>","protected":false},"excerpt":{"rendered":"<p>Majica Jordan PSG 2022-23 za gostovanje je predstavljena v novi podobi v sivi barvi z \u010drnim sredinskim pasom, ki v sredini zbledi, da ustvari prostor za sponzorja Qatar Airways. Na notranji strani ovratnika se nahaja posebno etiketo. Barvna zasnova nove gostujo\u010de majice PSG 22-23 je navdihnjena z stadionom Parc des Princes, [...]<\/p>","protected":false},"featured_media":8147,"comment_status":"open","ping_status":"closed","template":"","meta":[],"product_brand":[],"product_cat":[160],"product_tag":[20,43,21,22,23,24,284,338,41],"class_list":{"0":"post-8108","1":"product","2":"type-product","3":"status-publish","4":"has-post-thumbnail","6":"product_cat-paris-saint-germain-kindertrikot","7":"product_tag-coole-fussballtrikots","8":"product_tag-fussballkleidung","9":"product_tag-fussballtrikot-fuer-herren","10":"product_tag-fussballtrikot-guenstig-kaufen","11":"product_tag-fussballtrikot-kurzarm","12":"product_tag-guenstiges-fussballtrikot","13":"product_tag-neuen-fussballtrikots","14":"product_tag-paris-saint-germain-22-23-auswaertstrikot","15":"product_tag-paris-saint-germain-trikots","17":"first","18":"instock","19":"shipping-taxable","20":"purchasable","21":"product-type-variable"},"_links":{"self":[{"href":"https:\/\/www.billigtrikotde.com\/sl\/wp-json\/wp\/v2\/product\/8108","targetHints":{"allow":["GET"]}}],"collection":[{"href":"https:\/\/www.billigtrikotde.com\/sl\/wp-json\/wp\/v2\/product"}],"about":[{"href":"https:\/\/www.billigtrikotde.com\/sl\/wp-json\/wp\/v2\/types\/product"}],"replies":[{"embeddable":true,"href":"https:\/\/www.billigtrikotde.com\/sl\/wp-json\/wp\/v2\/comments?post=8108"}],"wp:featuredmedia":[{"embeddable":true,"href":"https:\/\/www.billigtrikotde.com\/sl\/wp-json\/wp\/v2\/media\/8147"}],"wp:attachment":[{"href":"https:\/\/www.billigtrikotde.com\/sl\/wp-json\/wp\/v2\/media?parent=8108"}],"wp:term":[{"taxonomy":"product_brand","embeddable":true,"href":"https:\/\/www.billigtrikotde.com\/sl\/wp-json\/wp\/v2\/product_brand?post=8108"},{"taxonomy":"product_cat","embeddable":true,"href":"https:\/\/www.billigtrikotde.com\/sl\/wp-json\/wp\/v2\/product_cat?post=8108"},{"taxonomy":"product_tag","embeddable":true,"href":"https:\/\/www.billigtrikotde.com\/sl\/wp-json\/wp\/v2\/product_tag?post=8108"}],"curies":[{"name":"wp","href":"https:\/\/api.w.org\/{rel}","templated":true}]}}