{"id":7884,"date":"2024-10-24T01:09:31","date_gmt":"2024-10-23T23:09:31","guid":{"rendered":"http:\/\/billigtrikots.com\/?post_type=product&#038;p=7884"},"modified":"2024-10-24T01:11:41","modified_gmt":"2024-10-23T23:11:41","slug":"deutschland-heimtrikot-dfb-wm-2022-herren-trikot-weiss-schwarz","status":"publish","type":"product","link":"https:\/\/www.billigtrikotde.com\/sl\/deutschland-heimtrikot-dfb-wm-2022-herren-trikot-weiss-schwarz\/","title":{"rendered":"Germany home jersey DFB World Cup 2022 mo\u0161ka majica white black"},"content":{"rendered":"<p>Ta videz bo pospe\u0161il va\u0161 sr\u010dni utrip: tkani logotip zdru\u017eenja v zlatem videzu je v ponos na prsih te majice adidas DFB. Ta doma\u010di dres je sodobnega videza s privla\u010dno navpi\u010dno \u010drto in veliko \u010drne, rde\u010de in zlate barve mo\u0161tvenega duha. Tehnologija AEROREADY, ki absorbira vlago, in mre\u017easti vlo\u017eki bodo poskrbeli, da boste med navijanjem za svojo ekipo ostali suhi.<\/p>\n<p>Ikoni\u010dna preprostost na najbolj\u0161i na\u010din, ki zdru\u017euje sodobnost in verodostojnost. Novi doma\u010di dres Nem\u010dije za leto 2022 je zasnovan v okrnjeni obliki, ki so jo navdihnile drzne \u010drte dirkalnikov, da bi pritegnila pozornost pri visokih hitrostih. Mo\u010dan dizajn, ki postane mo\u010dnej\u0161i kot ekipa in narod ter ustvari pravo \"sr\u010dno zadevo\".<\/p>\n<p>Nasveti za tiskanje: \u010ce sta ime in \u0161tevilka na sliki to\u010dno tak\u0161na, kot ju \u017eelite, ju ni treba ponovno vnesti. \u010ce ni tako, vnesite \u017eeleno ime in \u0161tevilko.<\/p>\n<p>Nasveti za pranje: Priporo\u010dljivo je, da nogometne majice perete ro\u010dno. \u010ce \u017eelite uporabiti pralni stroj, ne pozabite nogometne majice obrniti narobe in jih nato oprati. Stroj napolnite s hladno vodo in uporabite ob\u010dutljiv cikel, da bolje za\u0161\u010ditite barve.<\/p>","protected":false},"excerpt":{"rendered":"<p>Ta videz bo pospe\u0161il va\u0161 sr\u010dni utrip: tkani logotip zdru\u017eenja v zlatem videzu je v ponos na prsih te majice adidas DFB. Ta doma\u010di dres je sodobnega videza s privla\u010dno navpi\u010dno \u010drto in veliko \u010drne, rde\u010de in zlate barve mo\u0161tvenega duha. Tehnologija AEROREADY, ki absorbira vlago, in mre\u017easti vlo\u017eki bodo poskrbeli, da boste med navijanjem za svojo ekipo ostali suhi.<\/p>","protected":false},"featured_media":7923,"comment_status":"open","ping_status":"closed","template":"","meta":[],"product_brand":[],"product_cat":[170],"product_tag":[20,212,172,222,21,22,23,24],"class_list":{"0":"post-7884","1":"product","2":"type-product","3":"status-publish","4":"has-post-thumbnail","6":"product_cat-deutschland-trikots","7":"product_tag-coole-fussballtrikots","8":"product_tag-deutschland-heimtrikot","9":"product_tag-deutschland-trikots","10":"product_tag-fussball-wm-2022-trikots","11":"product_tag-fussballtrikot-fuer-herren","12":"product_tag-fussballtrikot-guenstig-kaufen","13":"product_tag-fussballtrikot-kurzarm","14":"product_tag-guenstiges-fussballtrikot","16":"first","17":"instock","18":"shipping-taxable","19":"purchasable","20":"product-type-variable"},"_links":{"self":[{"href":"https:\/\/www.billigtrikotde.com\/sl\/wp-json\/wp\/v2\/product\/7884","targetHints":{"allow":["GET"]}}],"collection":[{"href":"https:\/\/www.billigtrikotde.com\/sl\/wp-json\/wp\/v2\/product"}],"about":[{"href":"https:\/\/www.billigtrikotde.com\/sl\/wp-json\/wp\/v2\/types\/product"}],"replies":[{"embeddable":true,"href":"https:\/\/www.billigtrikotde.com\/sl\/wp-json\/wp\/v2\/comments?post=7884"}],"wp:featuredmedia":[{"embeddable":true,"href":"https:\/\/www.billigtrikotde.com\/sl\/wp-json\/wp\/v2\/media\/7923"}],"wp:attachment":[{"href":"https:\/\/www.billigtrikotde.com\/sl\/wp-json\/wp\/v2\/media?parent=7884"}],"wp:term":[{"taxonomy":"product_brand","embeddable":true,"href":"https:\/\/www.billigtrikotde.com\/sl\/wp-json\/wp\/v2\/product_brand?post=7884"},{"taxonomy":"product_cat","embeddable":true,"href":"https:\/\/www.billigtrikotde.com\/sl\/wp-json\/wp\/v2\/product_cat?post=7884"},{"taxonomy":"product_tag","embeddable":true,"href":"https:\/\/www.billigtrikotde.com\/sl\/wp-json\/wp\/v2\/product_tag?post=7884"}],"curies":[{"name":"wp","href":"https:\/\/api.w.org\/{rel}","templated":true}]}}