{"id":7882,"date":"2024-10-24T01:09:29","date_gmt":"2024-10-23T23:09:29","guid":{"rendered":"http:\/\/billigtrikots.com\/?post_type=product&#038;p=7882"},"modified":"2024-10-24T01:11:40","modified_gmt":"2024-10-23T23:11:40","slug":"frankreich-trikot-wm-2022-heimtrikot-blau-fuer-herren-kurzarm-kurze-hosen","status":"publish","type":"product","link":"https:\/\/www.billigtrikotde.com\/sl\/frankreich-trikot-wm-2022-heimtrikot-blau-fuer-herren-kurzarm-kurze-hosen\/","title":{"rendered":"Francija dres za svetovno prvenstvo 2022 doma\u010da majica modra za mo\u0161ke kratke rokave + kratke hla\u010de"},"content":{"rendered":"<p>Francozska doma\u010da majica sledi vzdevku nacionalne ekipe. Les Bleus so franceski kiksirji. In skoraj popolnoma modro je tudi francoska oprava. Izpostavljeno je le s tankim rde\u010dim prsnim obro\u010dem in ustrezno tudi z rde\u010dimi nogavicami. V gostujo\u010di majici ekipa Tricolore na drugi strani trka popolnoma belo. Le na bo\u010dni strani na majici in hla\u010dah so trakovi v rde\u010di in modri barvi, ki signalizirajo francosko zastavo. Od leta 1972 do 2010 je Adidas oblikovalec francoske ekipe. Od leta 2011 zasluge za oblikovanje francoske majice nosi ameri\u0161ki proizvajalec \u0161portne opreme Nike.<\/p>\n<p>Nasveti za tiskanje: \u010ce sta ime in \u0161tevilka na sliki to\u010dno tak\u0161na, kot ju \u017eelite, ju ni treba ponovno vnesti. \u010ce ni tako, vnesite \u017eeleno ime in \u0161tevilko.<\/p>\n<p>Nasveti za pranje: Priporo\u010dljivo je, da nogometne majice perete ro\u010dno. \u010ce \u017eelite uporabiti pralni stroj, ne pozabite nogometne majice obrniti narobe in jih nato oprati. Stroj napolnite s hladno vodo in uporabite ob\u010dutljiv cikel, da bolje za\u0161\u010ditite barve.<\/p>","protected":false},"excerpt":{"rendered":"<p>Frankreichs Heimtrikot folgt dem Spitznamen der Nationalelf. Les Bleus werden die franz\u00f6sischen Kicker genannt. Und fast ganz in Blau ist auch das franz\u00f6sische Dress gehalten. Abgesetzt ist es nur durch einen schmalen roten Brustring und entsprechend auch durch rote Stutzen. Im Ausw\u00e4rtstrikot l\u00e4uft die Equipe Tricolore hingegen komplett in Wei\u00df auf. Nur seitlich auf dem [&hellip;]<\/p>","protected":false},"featured_media":7922,"comment_status":"open","ping_status":"closed","template":"","meta":[],"product_brand":[],"product_cat":[117],"product_tag":[20,121,119,21,22,23,24],"class_list":{"0":"post-7882","1":"product","2":"type-product","3":"status-publish","4":"has-post-thumbnail","6":"product_cat-frankreich-trikots","7":"product_tag-coole-fussballtrikots","8":"product_tag-frankreich-heimtrikot","9":"product_tag-frankreich-trikots","10":"product_tag-fussballtrikot-fuer-herren","11":"product_tag-fussballtrikot-guenstig-kaufen","12":"product_tag-fussballtrikot-kurzarm","13":"product_tag-guenstiges-fussballtrikot","15":"first","16":"instock","17":"shipping-taxable","18":"purchasable","19":"product-type-variable"},"_links":{"self":[{"href":"https:\/\/www.billigtrikotde.com\/sl\/wp-json\/wp\/v2\/product\/7882","targetHints":{"allow":["GET"]}}],"collection":[{"href":"https:\/\/www.billigtrikotde.com\/sl\/wp-json\/wp\/v2\/product"}],"about":[{"href":"https:\/\/www.billigtrikotde.com\/sl\/wp-json\/wp\/v2\/types\/product"}],"replies":[{"embeddable":true,"href":"https:\/\/www.billigtrikotde.com\/sl\/wp-json\/wp\/v2\/comments?post=7882"}],"wp:featuredmedia":[{"embeddable":true,"href":"https:\/\/www.billigtrikotde.com\/sl\/wp-json\/wp\/v2\/media\/7922"}],"wp:attachment":[{"href":"https:\/\/www.billigtrikotde.com\/sl\/wp-json\/wp\/v2\/media?parent=7882"}],"wp:term":[{"taxonomy":"product_brand","embeddable":true,"href":"https:\/\/www.billigtrikotde.com\/sl\/wp-json\/wp\/v2\/product_brand?post=7882"},{"taxonomy":"product_cat","embeddable":true,"href":"https:\/\/www.billigtrikotde.com\/sl\/wp-json\/wp\/v2\/product_cat?post=7882"},{"taxonomy":"product_tag","embeddable":true,"href":"https:\/\/www.billigtrikotde.com\/sl\/wp-json\/wp\/v2\/product_tag?post=7882"}],"curies":[{"name":"wp","href":"https:\/\/api.w.org\/{rel}","templated":true}]}}