{"id":7880,"date":"2024-10-24T01:09:28","date_gmt":"2024-10-23T23:09:28","guid":{"rendered":"http:\/\/billigtrikots.com\/?post_type=product&#038;p=7880"},"modified":"2024-10-24T01:11:39","modified_gmt":"2024-10-23T23:11:39","slug":"as-roma-2022-23-auswaertstrikot-fuer-herren-weiss-trikotsatz","status":"publish","type":"product","link":"https:\/\/www.billigtrikotde.com\/sl\/as-roma-2022-23-auswaertstrikot-fuer-herren-weiss-trikotsatz\/","title":{"rendered":"AS Roma 2022-23 izletni\u0161ki komplet za mo\u0161ke white kit"},"content":{"rendered":"<p>Pravi navija\u010di vedno in povsodNAME poka\u017eejo svoje navdu\u0161enje \u2013 izjemno udoben model je nepogojna oprema za vse, ki \u017eelijo pokazati svojo ljubezen do svojega kluba. New Balance izdaja s tem zgornjim delom res edinstven izdelek. Vsak pravi navija\u010d AS Roma potrebuje to tekmovalno majico, saj jo igralci nosijo tudi v Serie A. To udoben, zra\u010den in lahek model z blagim ob\u010dutkom no\u0161enja priporo\u010damo. S to majico se lahko idealno pripravi\u0161 na svojega naslednjega nasprotnika. Izjemno podobo \u0161portne majice poudarja klubskega grba na prsih.<\/p>\n<p>Nasveti za tiskanje: \u010ce sta ime in \u0161tevilka na sliki to\u010dno tak\u0161na, kot ju \u017eelite, ju ni treba ponovno vnesti. \u010ce ni tako, vnesite \u017eeleno ime in \u0161tevilko.<\/p>\n<p>Nasveti za pranje: Priporo\u010dljivo je, da nogometne majice perete ro\u010dno. \u010ce \u017eelite uporabiti pralni stroj, ne pozabite nogometne majice obrniti narobe in jih nato oprati. Stroj napolnite s hladno vodo in uporabite ob\u010dutljiv cikel, da bolje za\u0161\u010ditite barve.<\/p>","protected":false},"excerpt":{"rendered":"<p>Echte Fans zeigen ihre Begeisterung immer und \u00fcberall \u2013 das super bequeme Modell ist das unverzichtbare Zubeh\u00f6r f\u00fcr alle, die ihre Liebe zu ihrem Verein zeigen wollen. New Balance ver\u00f6ffentlicht mit dem Shirt ein wahrhaft einmaliges Produkt. Jeder echte AS Rom-Fan braucht dieses Ausw\u00e4rts-Shirt, denn auch die Spieler tragen es in der Serie A. Wir [&hellip;]<\/p>","protected":false},"featured_media":7921,"comment_status":"open","ping_status":"closed","template":"","meta":[],"product_brand":[],"product_cat":[85],"product_tag":[349,87,20,21,22,23,24],"class_list":{"0":"post-7880","1":"product","2":"type-product","3":"status-publish","4":"has-post-thumbnail","6":"product_cat-as-roma","7":"product_tag-as-roma-auswaertstrikot","8":"product_tag-as-roma-trikots","9":"product_tag-coole-fussballtrikots","10":"product_tag-fussballtrikot-fuer-herren","11":"product_tag-fussballtrikot-guenstig-kaufen","12":"product_tag-fussballtrikot-kurzarm","13":"product_tag-guenstiges-fussballtrikot","15":"first","16":"instock","17":"shipping-taxable","18":"purchasable","19":"product-type-variable"},"_links":{"self":[{"href":"https:\/\/www.billigtrikotde.com\/sl\/wp-json\/wp\/v2\/product\/7880","targetHints":{"allow":["GET"]}}],"collection":[{"href":"https:\/\/www.billigtrikotde.com\/sl\/wp-json\/wp\/v2\/product"}],"about":[{"href":"https:\/\/www.billigtrikotde.com\/sl\/wp-json\/wp\/v2\/types\/product"}],"replies":[{"embeddable":true,"href":"https:\/\/www.billigtrikotde.com\/sl\/wp-json\/wp\/v2\/comments?post=7880"}],"wp:featuredmedia":[{"embeddable":true,"href":"https:\/\/www.billigtrikotde.com\/sl\/wp-json\/wp\/v2\/media\/7921"}],"wp:attachment":[{"href":"https:\/\/www.billigtrikotde.com\/sl\/wp-json\/wp\/v2\/media?parent=7880"}],"wp:term":[{"taxonomy":"product_brand","embeddable":true,"href":"https:\/\/www.billigtrikotde.com\/sl\/wp-json\/wp\/v2\/product_brand?post=7880"},{"taxonomy":"product_cat","embeddable":true,"href":"https:\/\/www.billigtrikotde.com\/sl\/wp-json\/wp\/v2\/product_cat?post=7880"},{"taxonomy":"product_tag","embeddable":true,"href":"https:\/\/www.billigtrikotde.com\/sl\/wp-json\/wp\/v2\/product_tag?post=7880"}],"curies":[{"name":"wp","href":"https:\/\/api.w.org\/{rel}","templated":true}]}}