{"id":7868,"date":"2024-10-24T01:08:52","date_gmt":"2024-10-23T23:08:52","guid":{"rendered":"http:\/\/billigtrikots.com\/?post_type=product&#038;p=7868"},"modified":"2024-10-24T01:11:06","modified_gmt":"2024-10-23T23:11:06","slug":"deutschland-auswaertstrikot-dfb-wm-2022-kinder-away-trikot-violett-schwarz-sale","status":"publish","type":"product","link":"https:\/\/www.billigtrikotde.com\/sl\/deutschland-auswaertstrikot-dfb-wm-2022-kinder-away-trikot-violett-schwarz-sale\/","title":{"rendered":"Nem\u010dija Away Shirt DFB World Cup 2022 Otroci Away Jersey vijoli\u010dna \u010drna Prodaja"},"content":{"rendered":"<p>Deutschland WM 2022 Away dres je popolnoma \u010drn z rde\u010de-rjavimi odtisi in zlato-nimi poudarki.<\/p>\n<p>Dizajnerski odtisi na nem\u0161kem WM 2022 Away dresu so v rde\u010dem odtenku in pokrivajo celotno majico. Poleg tega spominjajo na \u010drke logotipa DFB na sprednji strani, saj so razporejene v trikotnik, prav tako kot \u010drke na logotipu DFB.<\/p>\n<p>Poleg tega je WM 2022 Away dres Nem\u010dije z zlatimi logotipom in odtisi. Trije Adidasovi trakovi na ramenih ter logotip Adidas na desni strani prsi so zlati. Poleg tega je grb DFB z med \u0161tirimi zvezdicami na levi prsi prav tako zlatega.<\/p>\n<p>Nasveti za tiskanje: \u010ce sta ime in \u0161tevilka na sliki to\u010dno tak\u0161na, kot ju \u017eelite, ju ni treba ponovno vnesti. \u010ce ni tako, vnesite \u017eeleno ime in \u0161tevilko.<\/p>\n<p style=\"text-align: center;\">Nasveti za pranje: Priporo\u010dljivo je, da nogometne majice perete ro\u010dno. \u010ce \u017eelite uporabiti pralni stroj, ne pozabite nogometne majice obrniti narobe in jih nato oprati. Stroj napolnite s hladno vodo in uporabite ob\u010dutljiv cikel, da bolje za\u0161\u010ditite barve.<\/p>","protected":false},"excerpt":{"rendered":"<p>Das Deutschland WM 2022 Away Trikot ist komplett in Schwarz mit r\u00f6tlich-braunen Prints und goldfarbenen Highlights. Die Designprints auf dem deutschen WM 2022 Away Trikot sind in einem Rotton und bedecken das gesamte Shirt. Au\u00dferdem erinnern die Designs auf der Front an die Buchstaben des DFB-Logos, denn sie sind dreieckig angeordnet, genauso wie die Buchstaben [\u2026]<\/p>","protected":false},"featured_media":7909,"comment_status":"open","ping_status":"closed","template":"","meta":[],"product_brand":[],"product_cat":[170],"product_tag":[20,212,172,213,21,22,23,24],"class_list":{"0":"post-7868","1":"product","2":"type-product","3":"status-publish","4":"has-post-thumbnail","6":"product_cat-deutschland-trikots","7":"product_tag-coole-fussballtrikots","8":"product_tag-deutschland-heimtrikot","9":"product_tag-deutschland-trikots","10":"product_tag-fussball-wm-2022","11":"product_tag-fussballtrikot-fuer-herren","12":"product_tag-fussballtrikot-guenstig-kaufen","13":"product_tag-fussballtrikot-kurzarm","14":"product_tag-guenstiges-fussballtrikot","16":"first","17":"instock","18":"shipping-taxable","19":"purchasable","20":"product-type-variable"},"_links":{"self":[{"href":"https:\/\/www.billigtrikotde.com\/sl\/wp-json\/wp\/v2\/product\/7868","targetHints":{"allow":["GET"]}}],"collection":[{"href":"https:\/\/www.billigtrikotde.com\/sl\/wp-json\/wp\/v2\/product"}],"about":[{"href":"https:\/\/www.billigtrikotde.com\/sl\/wp-json\/wp\/v2\/types\/product"}],"replies":[{"embeddable":true,"href":"https:\/\/www.billigtrikotde.com\/sl\/wp-json\/wp\/v2\/comments?post=7868"}],"wp:featuredmedia":[{"embeddable":true,"href":"https:\/\/www.billigtrikotde.com\/sl\/wp-json\/wp\/v2\/media\/7909"}],"wp:attachment":[{"href":"https:\/\/www.billigtrikotde.com\/sl\/wp-json\/wp\/v2\/media?parent=7868"}],"wp:term":[{"taxonomy":"product_brand","embeddable":true,"href":"https:\/\/www.billigtrikotde.com\/sl\/wp-json\/wp\/v2\/product_brand?post=7868"},{"taxonomy":"product_cat","embeddable":true,"href":"https:\/\/www.billigtrikotde.com\/sl\/wp-json\/wp\/v2\/product_cat?post=7868"},{"taxonomy":"product_tag","embeddable":true,"href":"https:\/\/www.billigtrikotde.com\/sl\/wp-json\/wp\/v2\/product_tag?post=7868"}],"curies":[{"name":"wp","href":"https:\/\/api.w.org\/{rel}","templated":true}]}}