{"id":7858,"date":"2024-10-24T01:08:18","date_gmt":"2024-10-23T23:08:18","guid":{"rendered":"http:\/\/billigtrikots.com\/?post_type=product&#038;p=7858"},"modified":"2024-10-24T01:10:32","modified_gmt":"2024-10-23T23:10:32","slug":"kinder-fc-barcelona-2022-2023-drittes-fussballtrikot-weiss-kurzarm-kurze-hosen","status":"publish","type":"product","link":"https:\/\/www.billigtrikotde.com\/sl\/kinder-fc-barcelona-2022-2023-drittes-fussballtrikot-weiss-kurzarm-kurze-hosen\/","title":{"rendered":"Otro\u0161ka FC Barcelona 2022-2023 tretja nogometna majica bela s kratkimi rokavi + kratke hla\u010de"},"content":{"rendered":"<p>Das Nike Barcelona 2022-2023 drittes Fu\u00dfballtrikot hat ein bemerkenswertes Design. Es kombiniert eine hellgraue Grundfarbe mit einem Blaugrana-Kreuz auf der Vorderseite.<\/p>\n<p>Uradna barva tretjega dresa Nike FC Barcelona 2022-2023 je opisana kot \u00bbnebejsko siva\u00ab in je povzro\u010dila nekaj pomislekov v novi upravi, ker je zelo podobna beli, barvi Real Madrid.<\/p>\n<p>Vendar je Barcelona \u017ee med letoma 1998 in 2001 imela zelo podoben srebrni gostujo\u010di dres. Vendar je bil ta dres pred 20 leti kombiniran z modrimi hla\u010dami.<\/p>\n<p>Kri\u017e na sredini simbolizira kri\u017e sv. Jurija (kri\u017e svetega Jurija), ki je del klubske zastave.<\/p>\n<p>Dieses Trikot erinnert daran, dass es im Jahr 2022 30 Jahre her ist, dass die Generalitat dem FC Barcelona das Creu de Sant Jordi verliehen hat.<\/p>\n<p>Nasveti za tiskanje: \u010ce sta ime in \u0161tevilka na sliki to\u010dno tak\u0161na, kot ju \u017eelite, ju ni treba ponovno vnesti. \u010ce ni tako, vnesite \u017eeleno ime in \u0161tevilko.<\/p>\n<p>Nasveti za pranje: Priporo\u010dljivo je, da nogometne majice perete ro\u010dno. \u010ce \u017eelite uporabiti pralni stroj, ne pozabite nogometne majice obrniti narobe in jih nato oprati. Stroj napolnite s hladno vodo in uporabite ob\u010dutljiv cikel, da bolje za\u0161\u010ditite barve.<\/p>","protected":false},"excerpt":{"rendered":"<p>Nike Barcelona 2022-2023 tretja nogometna majica ima izrazit dizajn. Zdru\u017euje svetlo sivo osnovno barvo z modro-\u010drnim kri\u017eem na sprednji strani. Uradna barva tretje majice Nike FC Barcelona 2022-2023 je opisana kot \u00bbnebejsko siva\u00ab in je povzro\u010dila nekaj pomislekov v novi upravi, saj je zelo podobna belemu, barvi Real Madrid [...]<\/p>","protected":false},"featured_media":7898,"comment_status":"open","ping_status":"closed","template":"","meta":[],"product_brand":[],"product_cat":[146],"product_tag":[260,147,20,33,35,21,22,23,24,94],"class_list":{"0":"post-7858","1":"product","2":"type-product","3":"status-publish","4":"has-post-thumbnail","6":"product_cat-barcelona-kindertrikot","7":"product_tag-barcelona-ausweichtrikot","8":"product_tag-barcelona-trikotsatz-fuer-kinder","9":"product_tag-coole-fussballtrikots","10":"product_tag-fc-barcelona-trikots","11":"product_tag-fussball-torwarttrikots","12":"product_tag-fussballtrikot-fuer-herren","13":"product_tag-fussballtrikot-guenstig-kaufen","14":"product_tag-fussballtrikot-kurzarm","15":"product_tag-guenstiges-fussballtrikot","16":"product_tag-kinder-fussball-trikotsatz","18":"first","19":"instock","20":"shipping-taxable","21":"purchasable","22":"product-type-variable"},"_links":{"self":[{"href":"https:\/\/www.billigtrikotde.com\/sl\/wp-json\/wp\/v2\/product\/7858","targetHints":{"allow":["GET"]}}],"collection":[{"href":"https:\/\/www.billigtrikotde.com\/sl\/wp-json\/wp\/v2\/product"}],"about":[{"href":"https:\/\/www.billigtrikotde.com\/sl\/wp-json\/wp\/v2\/types\/product"}],"replies":[{"embeddable":true,"href":"https:\/\/www.billigtrikotde.com\/sl\/wp-json\/wp\/v2\/comments?post=7858"}],"wp:featuredmedia":[{"embeddable":true,"href":"https:\/\/www.billigtrikotde.com\/sl\/wp-json\/wp\/v2\/media\/7898"}],"wp:attachment":[{"href":"https:\/\/www.billigtrikotde.com\/sl\/wp-json\/wp\/v2\/media?parent=7858"}],"wp:term":[{"taxonomy":"product_brand","embeddable":true,"href":"https:\/\/www.billigtrikotde.com\/sl\/wp-json\/wp\/v2\/product_brand?post=7858"},{"taxonomy":"product_cat","embeddable":true,"href":"https:\/\/www.billigtrikotde.com\/sl\/wp-json\/wp\/v2\/product_cat?post=7858"},{"taxonomy":"product_tag","embeddable":true,"href":"https:\/\/www.billigtrikotde.com\/sl\/wp-json\/wp\/v2\/product_tag?post=7858"}],"curies":[{"name":"wp","href":"https:\/\/api.w.org\/{rel}","templated":true}]}}