{"id":7806,"date":"2024-10-24T01:05:54","date_gmt":"2024-10-23T23:05:54","guid":{"rendered":"http:\/\/billigtrikots.com\/?post_type=product&#038;p=7806"},"modified":"2024-10-24T01:08:07","modified_gmt":"2024-10-23T23:08:07","slug":"fc-barcelona-2022-23-auswaertstrikot-goldene-away-shirt-fuer-herren-neto-13","status":"publish","type":"product","link":"https:\/\/www.billigtrikotde.com\/sl\/fc-barcelona-2022-23-auswaertstrikot-goldene-away-shirt-fuer-herren-neto-13\/","title":{"rendered":"FC Barcelona 2022-23 gostujo\u010di dres z zlatim away shirt za mo\u0161ke NETO 13"},"content":{"rendered":"<p>FC Barcelona 22-23 gostujo\u010da majica ima zlato osnovno barvo, ki vzbuja spomine na zgodnja 2000-ta leta. Vsi logotipi so v temno mornarsko modri barvi.<\/p>\n<p>Barva in dizajn rokavov nove majice sta namig na zlate medalje, ki jih \u0161portniki prejmejo na olimpijskih igrah, 30 let po tem, ko so bile olimpijske igre leta 1992 v Barceloni. Igre so bile odprte 25. julija 1992. Poleg tega so barve petih olimpijskih krogov vidne na robovih rokavov in na nogavicah.<\/p>\n<p>Ne\u017ena vzorec, ki prikazuje karto mesta Barcelona, dopolnjuje videz. Gre za tisk zemljevida mesta, na katerem so poleg drugih ulic prikazani tudi ve\u010d mre\u017e hi\u0161nih blokov v \u010detrti L\u2019Eixample in na aveniji Diagonal.<\/p>\n<p>Nasveti za tiskanje: \u010ce sta ime in \u0161tevilka na sliki to\u010dno tak\u0161na, kot ju \u017eelite, ju ni treba ponovno vnesti. \u010ce ni tako, vnesite \u017eeleno ime in \u0161tevilko.<\/p>\n<p>Nasveti za pranje: Priporo\u010dljivo je, da nogometne majice perete ro\u010dno. \u010ce \u017eelite uporabiti pralni stroj, ne pozabite nogometne majice obrniti narobe in jih nato oprati. Stroj napolnite s hladno vodo in uporabite ob\u010dutljiv cikel, da bolje za\u0161\u010ditite barve.<\/p>","protected":false},"excerpt":{"rendered":"<p>Zunanja majica FC Barcelona 22-23 ima zlato osnovno barvo, ki vzbuja spomine na zgodnja 2000-ta leta. Vsa logotipi so v temno mornarsko modri barvi. Barva in dizajn rokava nove majice sta namig na zlate medalje, ki jih \u0161portniki prejmejo na olimpijskih igrah, 30 let po tem, ko so bile olimpijske igre leta 1992 v Barceloni [...]<\/p>","protected":false},"featured_media":7840,"comment_status":"open","ping_status":"closed","template":"","meta":[],"product_brand":[],"product_cat":[31],"product_tag":[20,346,33,21,22,23,24,345],"class_list":{"0":"post-7806","1":"product","2":"type-product","3":"status-publish","4":"has-post-thumbnail","6":"product_cat-fc-barcelona","7":"product_tag-coole-fussballtrikots","8":"product_tag-fc-barcelona-2022-23-trikot","9":"product_tag-fc-barcelona-trikots","10":"product_tag-fussballtrikot-fuer-herren","11":"product_tag-fussballtrikot-guenstig-kaufen","12":"product_tag-fussballtrikot-kurzarm","13":"product_tag-guenstiges-fussballtrikot","14":"product_tag-neuen-fc-barcelona-trikots","16":"first","17":"instock","18":"shipping-taxable","19":"purchasable","20":"product-type-variable"},"_links":{"self":[{"href":"https:\/\/www.billigtrikotde.com\/sl\/wp-json\/wp\/v2\/product\/7806","targetHints":{"allow":["GET"]}}],"collection":[{"href":"https:\/\/www.billigtrikotde.com\/sl\/wp-json\/wp\/v2\/product"}],"about":[{"href":"https:\/\/www.billigtrikotde.com\/sl\/wp-json\/wp\/v2\/types\/product"}],"replies":[{"embeddable":true,"href":"https:\/\/www.billigtrikotde.com\/sl\/wp-json\/wp\/v2\/comments?post=7806"}],"wp:featuredmedia":[{"embeddable":true,"href":"https:\/\/www.billigtrikotde.com\/sl\/wp-json\/wp\/v2\/media\/7840"}],"wp:attachment":[{"href":"https:\/\/www.billigtrikotde.com\/sl\/wp-json\/wp\/v2\/media?parent=7806"}],"wp:term":[{"taxonomy":"product_brand","embeddable":true,"href":"https:\/\/www.billigtrikotde.com\/sl\/wp-json\/wp\/v2\/product_brand?post=7806"},{"taxonomy":"product_cat","embeddable":true,"href":"https:\/\/www.billigtrikotde.com\/sl\/wp-json\/wp\/v2\/product_cat?post=7806"},{"taxonomy":"product_tag","embeddable":true,"href":"https:\/\/www.billigtrikotde.com\/sl\/wp-json\/wp\/v2\/product_tag?post=7806"}],"curies":[{"name":"wp","href":"https:\/\/api.w.org\/{rel}","templated":true}]}}