{"id":7676,"date":"2024-10-24T00:59:33","date_gmt":"2024-10-23T22:59:33","guid":{"rendered":"http:\/\/billigtrikots.com\/?post_type=product&#038;p=7676"},"modified":"2024-10-24T01:01:47","modified_gmt":"2024-10-23T23:01:47","slug":"herren-fc-barcelona-22-23-heimtrikot-dunkelblau-trikotsatz-online-kaufen-memphis-9","status":"publish","type":"product","link":"https:\/\/www.billigtrikotde.com\/sl\/herren-fc-barcelona-22-23-heimtrikot-dunkelblau-trikotsatz-online-kaufen-memphis-9\/","title":{"rendered":"Mo\u0161ki FC Barcelona 22\/23 Home Jersey temno modra Kupi majico na spletu MEMPHIS 9"},"content":{"rendered":"<p>Odkrijte doma\u010do majico Bar\u00e7a 2022\/2023. Ponosno nosite barve Blaugrana na igri\u0161\u010du ali zunaj.<\/p>\n<p>Elasti\u010dna in lahka majica z tehnologijo Nike Dri Fit, kos obla\u010dila, ki prepre\u010duje, da bi znoj vdrl v va\u0161e igro ali trening. Ostajte suhi po va\u0161ih pospe\u0161kih.<\/p>\n<p>Predstavljajte si, da bi vas gledalci na Camp Nou navijali po odli\u010dnem zadetku. Vznemirljivo, kajne?<\/p>\n<p>Nasveti za tiskanje: \u010ce sta ime in \u0161tevilka na sliki to\u010dno tak\u0161na, kot ju \u017eelite, ju ni treba ponovno vnesti. \u010ce ni tako, vnesite \u017eeleno ime in \u0161tevilko.<\/p>\n<p>Nasveti za pranje: Priporo\u010dljivo je, da nogometne majice perete ro\u010dno. \u010ce \u017eelite uporabiti pralni stroj, ne pozabite nogometne majice obrniti narobe in jih nato oprati. Stroj napolnite s hladno vodo in uporabite ob\u010dutljiv cikel, da bolje za\u0161\u010ditite barve.<\/p>","protected":false},"excerpt":{"rendered":"<p>Odkrijte doma\u010do majico Bar\u00e7a 2022\/2023. Ponosno nosite barve Blaugrana na igri\u0161\u010du ali zunaj. Prilagodljiva in lahka majica z tehnologijo Nike Dri-Fit, obla\u010dilo, ki prepre\u010duje, da bi se pot vdrla v va\u0161e igro ali trening. Ostajte suhi po pospe\u0161evanjih. Predstavljajte si, da bi gledalci v Camp Nou [\u2026]<\/p>","protected":false},"featured_media":7717,"comment_status":"open","ping_status":"closed","template":"","meta":[],"product_brand":[],"product_cat":[31],"product_tag":[32,20,33,21,22,23,24],"class_list":{"0":"post-7676","1":"product","2":"type-product","3":"status-publish","4":"has-post-thumbnail","6":"product_cat-fc-barcelona","7":"product_tag-barcelona-heimtrikot","8":"product_tag-coole-fussballtrikots","9":"product_tag-fc-barcelona-trikots","10":"product_tag-fussballtrikot-fuer-herren","11":"product_tag-fussballtrikot-guenstig-kaufen","12":"product_tag-fussballtrikot-kurzarm","13":"product_tag-guenstiges-fussballtrikot","15":"first","16":"instock","17":"shipping-taxable","18":"purchasable","19":"product-type-variable"},"_links":{"self":[{"href":"https:\/\/www.billigtrikotde.com\/sl\/wp-json\/wp\/v2\/product\/7676","targetHints":{"allow":["GET"]}}],"collection":[{"href":"https:\/\/www.billigtrikotde.com\/sl\/wp-json\/wp\/v2\/product"}],"about":[{"href":"https:\/\/www.billigtrikotde.com\/sl\/wp-json\/wp\/v2\/types\/product"}],"replies":[{"embeddable":true,"href":"https:\/\/www.billigtrikotde.com\/sl\/wp-json\/wp\/v2\/comments?post=7676"}],"wp:featuredmedia":[{"embeddable":true,"href":"https:\/\/www.billigtrikotde.com\/sl\/wp-json\/wp\/v2\/media\/7717"}],"wp:attachment":[{"href":"https:\/\/www.billigtrikotde.com\/sl\/wp-json\/wp\/v2\/media?parent=7676"}],"wp:term":[{"taxonomy":"product_brand","embeddable":true,"href":"https:\/\/www.billigtrikotde.com\/sl\/wp-json\/wp\/v2\/product_brand?post=7676"},{"taxonomy":"product_cat","embeddable":true,"href":"https:\/\/www.billigtrikotde.com\/sl\/wp-json\/wp\/v2\/product_cat?post=7676"},{"taxonomy":"product_tag","embeddable":true,"href":"https:\/\/www.billigtrikotde.com\/sl\/wp-json\/wp\/v2\/product_tag?post=7676"}],"curies":[{"name":"wp","href":"https:\/\/api.w.org\/{rel}","templated":true}]}}