{"id":762,"date":"2024-10-23T13:03:01","date_gmt":"2024-10-23T11:03:01","guid":{"rendered":"http:\/\/billigtrikots.com\/?post_type=product&#038;p=762"},"modified":"2024-10-23T13:04:59","modified_gmt":"2024-10-23T11:04:59","slug":"herren-trikot-away-blau-real-madrid-auswaertstrikot-2022-mit-aufdruck-gutierrez-35","status":"publish","type":"product","link":"https:\/\/www.billigtrikotde.com\/sl\/herren-trikot-away-blau-real-madrid-auswaertstrikot-2022-mit-aufdruck-gutierrez-35\/","title":{"rendered":"Mo\u0161ka majica Blue Real Madrid Away Jersey 2022 s potiskom Gutierrez 35"},"content":{"rendered":"<p>Prika\u017ei svoje ekipno ponos in podpri Real Madrid v sezoni 2021\/2022 v uradnem adidas izven doma\u010dem dresu. Fan verzija Away dresa za mo\u0161ke izgleda kot model, ki ga Realovi profesionalci nosijo na igri\u0161\u010du. Trajno material Primegreen je sestavljen iz recikliranega poliestra in zahvaljujo\u010d tehnologiji AEROREADY, ki odvajanje vlage poskrbi za prijetno suho ob\u010dutje pri no\u0161enju. Avtenti\u010dne podrobnosti ekipe, kot je klubna grb na prsih, potrjujejo tvojo povezanost z Blessed kraljevima.<\/p>\n<p>Nasveti za tiskanje: \u010ce sta ime in \u0161tevilka na sliki to\u010dno tak\u0161na, kot ju \u017eelite, ju ni treba ponovno vnesti. \u010ce ni tako, vnesite \u017eeleno ime in \u0161tevilko.<\/p>\n<p>Nasveti za pranje: Priporo\u010dljivo je, da nogometne majice perete ro\u010dno. \u010ce \u017eelite uporabiti pralni stroj, ne pozabite nogometne majice obrniti narobe in jih nato oprati. Stroj napolnite s hladno vodo in uporabite ob\u010dutljiv cikel, da bolje za\u0161\u010ditite barve.<\/p>","protected":false},"excerpt":{"rendered":"<p>Zeige deinen Teamstolz und unterst\u00fctze Real Madrid in der Saison 2021\/2022 im offiziellen adidas Ausw\u00e4rtstrikot. Die Fan-Version des Away Jerseys f\u00fcr Herren sieht aus wie das Modell, das die Real-Profis auf dem Platz tragen. Das nachhaltige Primegreen-Material besteht aus recyceltem Polyester und sorgt dank der feuchtigkeitsableitenden AEROREADY-Technologie f\u00fcr ein angenehm trockenes Tragegef\u00fchl. Authentische Teamdetails wie [&hellip;]<\/p>","protected":false},"featured_media":796,"comment_status":"open","ping_status":"closed","template":"","meta":[],"product_brand":[],"product_cat":[45],"product_tag":[20,21,22,23,24,49,47],"class_list":{"0":"post-762","1":"product","2":"type-product","3":"status-publish","4":"has-post-thumbnail","6":"product_cat-real-madrid","7":"product_tag-coole-fussballtrikots","8":"product_tag-fussballtrikot-fuer-herren","9":"product_tag-fussballtrikot-guenstig-kaufen","10":"product_tag-fussballtrikot-kurzarm","11":"product_tag-guenstiges-fussballtrikot","12":"product_tag-real-madrid-auswaertstrikot","13":"product_tag-real-madrid-trikots","15":"first","16":"instock","17":"shipping-taxable","18":"purchasable","19":"product-type-variable"},"_links":{"self":[{"href":"https:\/\/www.billigtrikotde.com\/sl\/wp-json\/wp\/v2\/product\/762","targetHints":{"allow":["GET"]}}],"collection":[{"href":"https:\/\/www.billigtrikotde.com\/sl\/wp-json\/wp\/v2\/product"}],"about":[{"href":"https:\/\/www.billigtrikotde.com\/sl\/wp-json\/wp\/v2\/types\/product"}],"replies":[{"embeddable":true,"href":"https:\/\/www.billigtrikotde.com\/sl\/wp-json\/wp\/v2\/comments?post=762"}],"wp:featuredmedia":[{"embeddable":true,"href":"https:\/\/www.billigtrikotde.com\/sl\/wp-json\/wp\/v2\/media\/796"}],"wp:attachment":[{"href":"https:\/\/www.billigtrikotde.com\/sl\/wp-json\/wp\/v2\/media?parent=762"}],"wp:term":[{"taxonomy":"product_brand","embeddable":true,"href":"https:\/\/www.billigtrikotde.com\/sl\/wp-json\/wp\/v2\/product_brand?post=762"},{"taxonomy":"product_cat","embeddable":true,"href":"https:\/\/www.billigtrikotde.com\/sl\/wp-json\/wp\/v2\/product_cat?post=762"},{"taxonomy":"product_tag","embeddable":true,"href":"https:\/\/www.billigtrikotde.com\/sl\/wp-json\/wp\/v2\/product_tag?post=762"}],"curies":[{"name":"wp","href":"https:\/\/api.w.org\/{rel}","templated":true}]}}