{"id":7498,"date":"2024-10-23T18:32:15","date_gmt":"2024-10-23T16:32:15","guid":{"rendered":"http:\/\/billigtrikots.com\/?post_type=product&#038;p=7498"},"modified":"2024-10-23T18:34:20","modified_gmt":"2024-10-23T16:34:20","slug":"lyon-22-23-viertes-trikot-blaue-neuen-fussballtrikots-set-online","status":"publish","type":"product","link":"https:\/\/www.billigtrikotde.com\/sl\/lyon-22-23-viertes-trikot-blaue-neuen-fussballtrikots-set-online\/","title":{"rendered":"Lyon 22-23 Fourth Kit Blue New Football Shirts Set Online"},"content":{"rendered":"<p>Maillot Lyonnais (Lyon-Trikot) imenovani Adidas Lyon 2022-23 Event-Trikot temelji na novi Adidas mi License 22 Template. Trikot zdru\u017euje modro osnovno barvo z ostalimi tradicionalnimi barvami kluba, rde\u010do in zlato.<br \/>\nZlato se uporablja za logotipe, ramenske trakove in rob ovratnika. Grafika na sprednji strani trikota je sestavljena iz mnogih majhnih rde\u010dih diamantov, ki ustvarjajo subtilen valovit videz. Raglan rokavi in najve\u010dji del hrbtne strani sta enobarvno modri, polja pod rokavi pa so polna rde\u010dega.<\/p>\n<p>Nasveti za tiskanje: \u010ce sta ime in \u0161tevilka na sliki to\u010dno tak\u0161na, kot ju \u017eelite, ju ni treba ponovno vnesti. \u010ce ni tako, vnesite \u017eeleno ime in \u0161tevilko.<\/p>\n<p>Nasveti za pranje: Priporo\u010dljivo je, da nogometne majice perete ro\u010dno. \u010ce \u017eelite uporabiti pralni stroj, ne pozabite nogometne majice obrniti narobe in jih nato oprati. Stroj napolnite s hladno vodo in uporabite ob\u010dutljiv cikel, da bolje za\u0161\u010ditite barve.<\/p>","protected":false},"excerpt":{"rendered":"<p>Das &#8222;Maillot Lyonnais&#8220; (Lyon-Trikot) genannte Adidas Lyon 2022-23 Event-Trikot basiert auf der neuen Adidas mi License 22 Template. Das Trikot kombiniert eine blaue Grundfarbe mit den anderen traditionellen Farben des Vereins, Rot und Gold. Gold wird f\u00fcr die Logos, die Schulterstreifen und die Paspel entlang des Kragens verwendet. Die Grafik auf der Vorderseite des Trikots [&hellip;]<\/p>","protected":false},"featured_media":7537,"comment_status":"open","ping_status":"closed","template":"","meta":[],"product_brand":[],"product_cat":[15],"product_tag":[339,20,43,21,22,23,24,340,341,342],"class_list":{"0":"post-7498","1":"product","2":"type-product","3":"status-publish","4":"has-post-thumbnail","6":"product_cat-unkategorisiert","7":"product_tag-alle-neuen-lyon-trikots","8":"product_tag-coole-fussballtrikots","9":"product_tag-fussballkleidung","10":"product_tag-fussballtrikot-fuer-herren","11":"product_tag-fussballtrikot-guenstig-kaufen","12":"product_tag-fussballtrikot-kurzarm","13":"product_tag-guenstiges-fussballtrikot","14":"product_tag-lyon-trikot-2022-23","15":"product_tag-lyon-trikot-2022-23-fussballtrikots","16":"product_tag-lyon-trikots","18":"first","19":"instock","20":"shipping-taxable","21":"purchasable","22":"product-type-variable"},"_links":{"self":[{"href":"https:\/\/www.billigtrikotde.com\/sl\/wp-json\/wp\/v2\/product\/7498","targetHints":{"allow":["GET"]}}],"collection":[{"href":"https:\/\/www.billigtrikotde.com\/sl\/wp-json\/wp\/v2\/product"}],"about":[{"href":"https:\/\/www.billigtrikotde.com\/sl\/wp-json\/wp\/v2\/types\/product"}],"replies":[{"embeddable":true,"href":"https:\/\/www.billigtrikotde.com\/sl\/wp-json\/wp\/v2\/comments?post=7498"}],"wp:featuredmedia":[{"embeddable":true,"href":"https:\/\/www.billigtrikotde.com\/sl\/wp-json\/wp\/v2\/media\/7537"}],"wp:attachment":[{"href":"https:\/\/www.billigtrikotde.com\/sl\/wp-json\/wp\/v2\/media?parent=7498"}],"wp:term":[{"taxonomy":"product_brand","embeddable":true,"href":"https:\/\/www.billigtrikotde.com\/sl\/wp-json\/wp\/v2\/product_brand?post=7498"},{"taxonomy":"product_cat","embeddable":true,"href":"https:\/\/www.billigtrikotde.com\/sl\/wp-json\/wp\/v2\/product_cat?post=7498"},{"taxonomy":"product_tag","embeddable":true,"href":"https:\/\/www.billigtrikotde.com\/sl\/wp-json\/wp\/v2\/product_tag?post=7498"}],"curies":[{"name":"wp","href":"https:\/\/api.w.org\/{rel}","templated":true}]}}